{"id":96,"date":"2024-02-09T08:08:38","date_gmt":"2024-02-09T05:08:38","guid":{"rendered":"https:\/\/cim.com.tr\/?post_type=product&#038;p=96"},"modified":"2024-02-09T17:16:44","modified_gmt":"2024-02-09T14:16:44","slug":"perde-kolon-paspaylari-kapali-tip-perde-paspayi","status":"publish","type":"product","link":"https:\/\/www.cim.com.tr\/en\/product\/perde-kolon-paspaylari-kapali-tip-perde-paspayi\/","title":{"rendered":"Perde Kolon Paspaylar\u0131 \/ Kapal\u0131 Tip Perde Paspay\u0131"},"content":{"rendered":"<div style=\"overflow-x: auto;\">\n<table class=\"table table-borderless\">\n<thead>\n<tr style=\"background: #f7f7f8;\">\n<th><strong>Kod<\/strong><\/th>\n<th><strong>Y\u00fckseklik<\/strong><\/th>\n<th><strong>Demir \u00c7ap\u0131<\/strong><\/th>\n<th><strong>Ambalaj \u015eekli<\/strong><\/th>\n<th><strong>Ambalaj A\u011f\u0131rl\u0131\u011f\u0131<\/strong><\/th>\n<th><strong>Sevk Ambalaj\u0131<\/strong><\/th>\n<\/tr>\n<\/thead>\n<tbody>\n<tr class=\"tr1\">\n<td>11250<\/td>\n<td>15 mm<\/td>\n<td>8 mm<\/td>\n<td>1000 ad.\/pk.<\/td>\n<td>3000 gr.\/pk.<\/td>\n<td>18 pk.\/haral<\/td>\n<\/tr>\n<tr class=\"tr2\">\n<td>11251<\/td>\n<td>15 mm<\/td>\n<td>17 mm<\/td>\n<td>1000 ad.\/pk.<\/td>\n<td>3750 gr.\/pk.<\/td>\n<td>15 pk.\/haral<\/td>\n<\/tr>\n<tr class=\"tr1\">\n<td>11252<\/td>\n<td>20 mm<\/td>\n<td>15 mm<\/td>\n<td>1000 ad.\/pk.<\/td>\n<td>5300 gr.\/pk.<\/td>\n<td>10 pk.\/haral<\/td>\n<\/tr>\n<tr class=\"tr2\">\n<td>11253<\/td>\n<td>20 mm<\/td>\n<td>20 mm<\/td>\n<td>500 ad.\/pk.<\/td>\n<td>3500 gr.\/pk.<\/td>\n<td>10 pk.\/haral<\/td>\n<\/tr>\n<\/tbody>\n<\/table>\n<\/div>","protected":false},"excerpt":{"rendered":"<p>Beton direk imalatlar\u0131 i\u00e7in \u00f6zel olarak tasarlanm\u0131\u015ft\u0131r. Tamamen kapal\u0131 oldu\u011fu i\u00e7in dire\u011fin vibrasyon masas\u0131ndaki titre\u015fimlerinde yerinden \u00e7\u0131kma gibi bir sorununu ortadan kald\u0131r\u0131r. \u0130ki de\u011fi\u015fik delik \u00e7ap\u0131nda \u00fcretimi vard\u0131r.<\/p>","protected":false},"featured_media":101,"comment_status":"closed","ping_status":"closed","template":"","meta":[],"product_cat":[15],"product_tag":[],"class_list":{"0":"post-96","1":"product","2":"type-product","3":"status-publish","4":"has-post-thumbnail","6":"product_cat-perde-kolon-paspaylari","8":"first","9":"instock","10":"shipping-taxable","11":"product-type-simple"},"_links":{"self":[{"href":"https:\/\/www.cim.com.tr\/en\/wp-json\/wp\/v2\/product\/96","targetHints":{"allow":["GET"]}}],"collection":[{"href":"https:\/\/www.cim.com.tr\/en\/wp-json\/wp\/v2\/product"}],"about":[{"href":"https:\/\/www.cim.com.tr\/en\/wp-json\/wp\/v2\/types\/product"}],"replies":[{"embeddable":true,"href":"https:\/\/www.cim.com.tr\/en\/wp-json\/wp\/v2\/comments?post=96"}],"wp:featuredmedia":[{"embeddable":true,"href":"https:\/\/www.cim.com.tr\/en\/wp-json\/wp\/v2\/media\/101"}],"wp:attachment":[{"href":"https:\/\/www.cim.com.tr\/en\/wp-json\/wp\/v2\/media?parent=96"}],"wp:term":[{"taxonomy":"product_cat","embeddable":true,"href":"https:\/\/www.cim.com.tr\/en\/wp-json\/wp\/v2\/product_cat?post=96"},{"taxonomy":"product_tag","embeddable":true,"href":"https:\/\/www.cim.com.tr\/en\/wp-json\/wp\/v2\/product_tag?post=96"}],"curies":[{"name":"wp","href":"https:\/\/api.w.org\/{rel}","templated":true}]}}