{"id":89,"date":"2024-02-09T08:09:43","date_gmt":"2024-02-09T05:09:43","guid":{"rendered":"https:\/\/cim.com.tr\/?post_type=product&#038;p=89"},"modified":"2024-02-09T17:16:30","modified_gmt":"2024-02-09T14:16:30","slug":"perde-kolon-paspaylari-ayakli-tip-perde-doseme-paspayi","status":"publish","type":"product","link":"https:\/\/www.cim.com.tr\/en\/product\/perde-kolon-paspaylari-ayakli-tip-perde-doseme-paspayi\/","title":{"rendered":"Perde Kolon Paspaylar\u0131 \/ Ayakl\u0131 Tip Perde D\u00f6\u015feme Paspay\u0131"},"content":{"rendered":"<div style=\"overflow-x: auto;\">\n<table class=\"table table-borderless\">\n<thead>\n<tr style=\"background: #f7f7f8;\">\n<th><strong>Kod<\/strong><\/th>\n<th><strong>Y\u00fckseklik<\/strong><\/th>\n<th><strong>Demir \u00c7ap\u0131<\/strong><\/th>\n<th><strong>Ambalaj \u015eekli<\/strong><\/th>\n<th><strong>Ambalaj A\u011f\u0131rl\u0131\u011f\u0131<\/strong><\/th>\n<th><strong>Sevk Ambalaj\u0131<\/strong><\/th>\n<\/tr>\n<\/thead>\n<tbody>\n<tr class=\"tr1\">\n<td>12015<\/td>\n<td>15 mm<\/td>\n<td>8-12 mm<\/td>\n<td>1000 ad.\/pk.<\/td>\n<td>3470 gr.\/pk.<\/td>\n<td>18 pk.\/haral<\/td>\n<\/tr>\n<tr class=\"tr2\">\n<td>12025<\/td>\n<td>25 mm<\/td>\n<td>8-14 mm<\/td>\n<td>1000 ad.\/pk.<\/td>\n<td>6650 gr.\/pk.<\/td>\n<td>12 pk.\/haral<\/td>\n<\/tr>\n<tr class=\"tr1\">\n<td>12030<\/td>\n<td>30 mm<\/td>\n<td>8-18 mm<\/td>\n<td>2000 ad.\/pk.<\/td>\n<td>17450 gr.\/\u00e7v.<\/td>\n<td>1 \u00e7v.<\/td>\n<\/tr>\n<tr class=\"tr2\">\n<td>12040<\/td>\n<td>40 mm<\/td>\n<td>8-22 mm<\/td>\n<td>1000 ad.\/pk.<\/td>\n<td>18000 gr.\/\u00e7v.<\/td>\n<td>1 \u00e7v.<\/td>\n<\/tr>\n<\/tbody>\n<\/table>\n<\/div>","protected":false},"excerpt":{"rendered":"<p>D\u00f6\u015femelerde ve perdelerde kullan\u0131lan ayakl\u0131 bir paspay \u00e7e\u015fididir. A\u011f\u0131r demir donat\u0131lar\u0131nda da kullan\u0131labilir. Paspay\u0131n alt k\u0131sm\u0131nda bulunan ayak \u00e7\u0131k\u0131nt\u0131lar\u0131 sayesinde ta\u015f\u0131ma y\u00fck\u00fcne kar\u015f\u0131 direnci benzerlerine g\u00f6re daha fazlad\u0131r.<\/p>","protected":false},"featured_media":100,"comment_status":"closed","ping_status":"closed","template":"","meta":[],"product_cat":[15],"product_tag":[],"class_list":{"0":"post-89","1":"product","2":"type-product","3":"status-publish","4":"has-post-thumbnail","6":"product_cat-perde-kolon-paspaylari","8":"first","9":"instock","10":"shipping-taxable","11":"product-type-simple"},"_links":{"self":[{"href":"https:\/\/www.cim.com.tr\/en\/wp-json\/wp\/v2\/product\/89","targetHints":{"allow":["GET"]}}],"collection":[{"href":"https:\/\/www.cim.com.tr\/en\/wp-json\/wp\/v2\/product"}],"about":[{"href":"https:\/\/www.cim.com.tr\/en\/wp-json\/wp\/v2\/types\/product"}],"replies":[{"embeddable":true,"href":"https:\/\/www.cim.com.tr\/en\/wp-json\/wp\/v2\/comments?post=89"}],"wp:featuredmedia":[{"embeddable":true,"href":"https:\/\/www.cim.com.tr\/en\/wp-json\/wp\/v2\/media\/100"}],"wp:attachment":[{"href":"https:\/\/www.cim.com.tr\/en\/wp-json\/wp\/v2\/media?parent=89"}],"wp:term":[{"taxonomy":"product_cat","embeddable":true,"href":"https:\/\/www.cim.com.tr\/en\/wp-json\/wp\/v2\/product_cat?post=89"},{"taxonomy":"product_tag","embeddable":true,"href":"https:\/\/www.cim.com.tr\/en\/wp-json\/wp\/v2\/product_tag?post=89"}],"curies":[{"name":"wp","href":"https:\/\/api.w.org\/{rel}","templated":true}]}}