{"id":84,"date":"2024-02-09T08:10:28","date_gmt":"2024-02-09T05:10:28","guid":{"rendered":"https:\/\/cim.com.tr\/?post_type=product&#038;p=84"},"modified":"2024-02-09T17:16:15","modified_gmt":"2024-02-09T14:16:15","slug":"perde-kolon-paspaylari-perde-kolon-tip-paspayi","status":"publish","type":"product","link":"https:\/\/www.cim.com.tr\/en\/product\/perde-kolon-paspaylari-perde-kolon-tip-paspayi\/","title":{"rendered":"Perde Kolon Paspaylar\u0131 \/ Perde Kolon Tip Paspay\u0131"},"content":{"rendered":"<div style=\"overflow-x: auto;\">\n<table class=\"table table-borderless\">\n<thead>\n<tr style=\"background: #f7f7f8;\">\n<th><strong>Kod<\/strong><\/th>\n<th><strong>Y\u00fckseklik<\/strong><\/th>\n<th><strong>Demir \u00c7ap\u0131<\/strong><\/th>\n<th><strong>Ambalaj \u015eekli<\/strong><\/th>\n<th><strong>Ambalaj A\u011f\u0131rl\u0131\u011f\u0131<\/strong><\/th>\n<th><strong>Sevk Ambalaj\u0131<\/strong><\/th>\n<\/tr>\n<\/thead>\n<tbody>\n<tr class=\"tr1\">\n<td>11010<\/td>\n<td>10 mm<\/td>\n<td>6-10 mm<\/td>\n<td>1000 ad.\/pk.<\/td>\n<td>2660 gr.\/pk.<\/td>\n<td>9 pk.\/\u00e7v.<\/td>\n<\/tr>\n<tr class=\"tr2\">\n<td>11015<\/td>\n<td>15 mm<\/td>\n<td>6-12 mm<\/td>\n<td>1000 ad.\/pk.<\/td>\n<td>3700 gr.\/pk.<\/td>\n<td>18 pk.\/haral<\/td>\n<\/tr>\n<tr class=\"tr1\">\n<td>11115<\/td>\n<td>15 mm<\/td>\n<td>12-18 mm<\/td>\n<td>1000 ad.\/pk.<\/td>\n<td>6500 gr.\/pk.<\/td>\n<td>8 pk.\/\u00e7v.<\/td>\n<\/tr>\n<tr class=\"tr2\">\n<td>11020<\/td>\n<td>20 mm<\/td>\n<td>6-12 mm<\/td>\n<td>1000 ad.\/pk.<\/td>\n<td>5250 gr.\/pk.<\/td>\n<td>13 pk.\/haral<\/td>\n<\/tr>\n<tr class=\"tr1\">\n<td>11025<\/td>\n<td>25 mm<\/td>\n<td>6-14 mm<\/td>\n<td>1000 ad.\/pk.<\/td>\n<td>6500 gr.\/pk.<\/td>\n<td>7 pk.\/haral<\/td>\n<\/tr>\n<tr class=\"tr2\">\n<td>11125<\/td>\n<td>25 mm<\/td>\n<td>12-18 mm<\/td>\n<td>1000 ad.\/pk.<\/td>\n<td>8500 gr.\/pk.<\/td>\n<td>6 pk.\/haral<\/td>\n<\/tr>\n<tr class=\"tr1\">\n<td>11030<\/td>\n<td>30 mm<\/td>\n<td>8-14 mm<\/td>\n<td>1000 ad.\/pk.<\/td>\n<td>11500 gr.\/\u00e7v.<\/td>\n<td>1 \u00e7v.<\/td>\n<\/tr>\n<tr class=\"tr2\">\n<td>11130<\/td>\n<td>30 mm<\/td>\n<td>16-20 mm<\/td>\n<td>1000 ad.\/pk.<\/td>\n<td>9500 gr.\/\u00e7v.<\/td>\n<td>1 \u00e7v.<\/td>\n<\/tr>\n<tr class=\"tr1\">\n<td>11035<\/td>\n<td>35 mm<\/td>\n<td>8-14 mm<\/td>\n<td>1000 ad.\/pk.<\/td>\n<td>14500 gr.\/\u00e7v.<\/td>\n<td>1 \u00e7v.<\/td>\n<\/tr>\n<tr class=\"tr2\">\n<td>11040<\/td>\n<td>40 mm<\/td>\n<td>12-18 mm<\/td>\n<td>500 ad.\/pk.<\/td>\n<td>10500 gr.\/\u00e7v.<\/td>\n<td>1 \u00e7v.<\/td>\n<\/tr>\n<tr class=\"tr1\">\n<td>11050<\/td>\n<td>50 mm<\/td>\n<td>12-30 mm<\/td>\n<td>500 ad.\/pk.<\/td>\n<td>14700 gr.\/\u00e7v.<\/td>\n<td>1 \u00e7v.<\/td>\n<\/tr>\n<tr class=\"tr2\">\n<td>11150<\/td>\n<td>50 mm<\/td>\n<td>10-20 mm<\/td>\n<td>500 ad.\/pk.<\/td>\n<td>14000 gr.\/\u00e7v.<\/td>\n<td>1 \u00e7v.<\/td>\n<\/tr>\n<tr class=\"tr1\">\n<td>11060<\/td>\n<td>60 mm<\/td>\n<td>8-16 mm<\/td>\n<td>250 ad.\/pk.<\/td>\n<td>8700 gr.\/\u00e7v.<\/td>\n<td>1 \u00e7v.<\/td>\n<\/tr>\n<tr class=\"tr2\">\n<td>11075<\/td>\n<td>75 mm<\/td>\n<td>8-18 mm<\/td>\n<td>250 ad.\/pk.<\/td>\n<td>12750 gr.\/\u00e7v.<\/td>\n<td>1 \u00e7v.<\/td>\n<\/tr>\n<tr class=\"tr1\">\n<td>11175<\/td>\n<td>75 mm<\/td>\n<td>20-26 mm<\/td>\n<td>150 ad.\/pk.<\/td>\n<td>9560 gr.\/\u00e7v.<\/td>\n<td>1 \u00e7v.<\/td>\n<\/tr>\n<\/tbody>\n<\/table>\n<\/div>","protected":false},"excerpt":{"rendered":"<p>Perde kolon kal\u0131plar\u0131nda kullan\u0131lan bu tip paspaylar, \u00a0etriyelere montaj edilip kal\u0131pla donat\u0131 aras\u0131ndaki istenilen mesafeyi sa\u011flar ve en y\u00fcksek verimin elde edilmesine olanak tan\u0131r. \u00c7e\u015fitli demir \u00e7aplar\u0131na uygun olarak farkl\u0131 y\u00fcksekliklerde imal edilmi\u015ftir. Kavrama ayaklar\u0131 \u00e7e\u015fitli demir \u00e7aplar\u0131n\u0131 rahat\u00e7a kavrayabilir.<\/p>","protected":false},"featured_media":99,"comment_status":"closed","ping_status":"closed","template":"","meta":[],"product_cat":[15],"product_tag":[],"class_list":{"0":"post-84","1":"product","2":"type-product","3":"status-publish","4":"has-post-thumbnail","6":"product_cat-perde-kolon-paspaylari","8":"first","9":"instock","10":"shipping-taxable","11":"product-type-simple"},"_links":{"self":[{"href":"https:\/\/www.cim.com.tr\/en\/wp-json\/wp\/v2\/product\/84","targetHints":{"allow":["GET"]}}],"collection":[{"href":"https:\/\/www.cim.com.tr\/en\/wp-json\/wp\/v2\/product"}],"about":[{"href":"https:\/\/www.cim.com.tr\/en\/wp-json\/wp\/v2\/types\/product"}],"replies":[{"embeddable":true,"href":"https:\/\/www.cim.com.tr\/en\/wp-json\/wp\/v2\/comments?post=84"}],"wp:featuredmedia":[{"embeddable":true,"href":"https:\/\/www.cim.com.tr\/en\/wp-json\/wp\/v2\/media\/99"}],"wp:attachment":[{"href":"https:\/\/www.cim.com.tr\/en\/wp-json\/wp\/v2\/media?parent=84"}],"wp:term":[{"taxonomy":"product_cat","embeddable":true,"href":"https:\/\/www.cim.com.tr\/en\/wp-json\/wp\/v2\/product_cat?post=84"},{"taxonomy":"product_tag","embeddable":true,"href":"https:\/\/www.cim.com.tr\/en\/wp-json\/wp\/v2\/product_tag?post=84"}],"curies":[{"name":"wp","href":"https:\/\/api.w.org\/{rel}","templated":true}]}}