{"id":399,"date":"2024-03-07T10:04:41","date_gmt":"2024-03-07T07:04:41","guid":{"rendered":"https:\/\/www.cim.com.tr\/?post_type=product&#038;p=399"},"modified":"2024-03-11T09:14:19","modified_gmt":"2024-03-11T06:14:19","slug":"anchor-for-isolation-the-plastic-grater-for-foamboards","status":"publish","type":"product","link":"https:\/\/www.cim.com.tr\/en\/product\/anchor-for-isolation-the-plastic-grater-for-foamboards\/","title":{"rendered":"Anchor For Isolation \/ The Plastic Grater For Foamboards"},"content":{"rendered":"<div style=\"overflow-x: auto;\">\n<table class=\"table table-borderless\">\n<thead>\n<tr style=\"background: #f7f7f8;\">\n<th><strong>Code<\/strong><\/th>\n<th><strong>Connection Device<\/strong><\/th>\n<th><strong>Package<\/strong><\/th>\n<\/tr>\n<\/thead>\n<tbody>\n<tr class=\"tr1\">\n<td>02226<\/td>\n<td>Alt\u0131 K\u00f6\u015fe<\/td>\n<td>1 pcs.<\/td>\n<\/tr>\n<tr class=\"tr2\">\n<td>02227<\/td>\n<td>SDS<\/td>\n<td>1 pcs.<\/td>\n<\/tr>\n<\/tbody>\n<\/table>\n<\/div>","protected":false},"excerpt":{"rendered":"<p>They are used to grate foamboards so it is not getting out of foamboard anhors head surface from isolation materials. It can create a smooth surface.<\/p>","protected":false},"featured_media":211,"comment_status":"closed","ping_status":"closed","template":"","meta":[],"product_cat":[48],"product_tag":[],"class_list":{"0":"post-399","1":"product","2":"type-product","3":"status-publish","4":"has-post-thumbnail","6":"product_cat-izolasyon-dubelleri-en","8":"first","9":"instock","10":"shipping-taxable","11":"product-type-simple"},"_links":{"self":[{"href":"https:\/\/www.cim.com.tr\/en\/wp-json\/wp\/v2\/product\/399","targetHints":{"allow":["GET"]}}],"collection":[{"href":"https:\/\/www.cim.com.tr\/en\/wp-json\/wp\/v2\/product"}],"about":[{"href":"https:\/\/www.cim.com.tr\/en\/wp-json\/wp\/v2\/types\/product"}],"replies":[{"embeddable":true,"href":"https:\/\/www.cim.com.tr\/en\/wp-json\/wp\/v2\/comments?post=399"}],"wp:featuredmedia":[{"embeddable":true,"href":"https:\/\/www.cim.com.tr\/en\/wp-json\/wp\/v2\/media\/211"}],"wp:attachment":[{"href":"https:\/\/www.cim.com.tr\/en\/wp-json\/wp\/v2\/media?parent=399"}],"wp:term":[{"taxonomy":"product_cat","embeddable":true,"href":"https:\/\/www.cim.com.tr\/en\/wp-json\/wp\/v2\/product_cat?post=399"},{"taxonomy":"product_tag","embeddable":true,"href":"https:\/\/www.cim.com.tr\/en\/wp-json\/wp\/v2\/product_tag?post=399"}],"curies":[{"name":"wp","href":"https:\/\/api.w.org\/{rel}","templated":true}]}}