{"id":247,"date":"2024-03-05T08:59:18","date_gmt":"2024-03-05T05:59:18","guid":{"rendered":"https:\/\/cim.com.tr\/?post_type=product&#038;p=247"},"modified":"2024-03-07T17:09:39","modified_gmt":"2024-03-07T14:09:39","slug":"tij-rot-boru-ve-basliklar-kollu-ciroz-anahtari","status":"publish","type":"product","link":"https:\/\/www.cim.com.tr\/en\/product\/tij-rot-boru-ve-basliklar-kollu-ciroz-anahtari\/","title":{"rendered":"Tij-Rot Boru ve Ba\u015fl\u0131klar \/ Kollu \u00c7iroz Anahtar\u0131"},"content":{"rendered":"<p>\u00dcr\u00fcnlerimiz hakk\u0131nda ayr\u0131nt\u0131l\u0131 bilgi almak i\u00e7in bizimle ileti\u015fime ge\u00e7iniz.<\/p>","protected":false},"excerpt":{"rendered":"<div class=\"woocommerce-product-details__short-description\">\n<div class=\"woocommerce-product-details__short-description\">\n<p>Perde ve kolon kal\u0131plar\u0131n\u0131n montaj\u0131n\u0131 yaparken kal\u0131b\u0131n i\u00e7ine tak\u0131lan demir \u00e7ubu\u011fu ayarlamak ve s\u0131k\u0131\u015ft\u0131rmak i\u00e7in kullan\u0131lan mekanik bir d\u00fczenektir. Ayarlama i\u015flemini kolu sayesinde \u00e7ok k\u0131sa bir s\u00fcrede ger\u00e7ekle\u015ftirir.<\/p>\n<\/div>\n<\/div>","protected":false},"featured_media":248,"comment_status":"closed","ping_status":"closed","template":"","meta":[],"product_cat":[18],"product_tag":[],"class_list":{"0":"post-247","1":"product","2":"type-product","3":"status-publish","4":"has-post-thumbnail","6":"product_cat-tij-rot-boru-ve-basliklar","8":"first","9":"instock","10":"shipping-taxable","11":"product-type-simple"},"_links":{"self":[{"href":"https:\/\/www.cim.com.tr\/en\/wp-json\/wp\/v2\/product\/247","targetHints":{"allow":["GET"]}}],"collection":[{"href":"https:\/\/www.cim.com.tr\/en\/wp-json\/wp\/v2\/product"}],"about":[{"href":"https:\/\/www.cim.com.tr\/en\/wp-json\/wp\/v2\/types\/product"}],"replies":[{"embeddable":true,"href":"https:\/\/www.cim.com.tr\/en\/wp-json\/wp\/v2\/comments?post=247"}],"wp:featuredmedia":[{"embeddable":true,"href":"https:\/\/www.cim.com.tr\/en\/wp-json\/wp\/v2\/media\/248"}],"wp:attachment":[{"href":"https:\/\/www.cim.com.tr\/en\/wp-json\/wp\/v2\/media?parent=247"}],"wp:term":[{"taxonomy":"product_cat","embeddable":true,"href":"https:\/\/www.cim.com.tr\/en\/wp-json\/wp\/v2\/product_cat?post=247"},{"taxonomy":"product_tag","embeddable":true,"href":"https:\/\/www.cim.com.tr\/en\/wp-json\/wp\/v2\/product_tag?post=247"}],"curies":[{"name":"wp","href":"https:\/\/api.w.org\/{rel}","templated":true}]}}