{"id":244,"date":"2024-03-05T09:50:53","date_gmt":"2024-03-05T06:50:53","guid":{"rendered":"https:\/\/cim.com.tr\/?post_type=product&#038;p=244"},"modified":"2024-03-07T17:09:50","modified_gmt":"2024-03-07T14:09:50","slug":"tij-rot-boru-ve-basliklar-yayli-kalip-kilidi-ciroz","status":"publish","type":"product","link":"https:\/\/www.cim.com.tr\/en\/product\/tij-rot-boru-ve-basliklar-yayli-kalip-kilidi-ciroz\/","title":{"rendered":"Tij-Rot Boru ve Ba\u015fl\u0131klar \/ Yayl\u0131 Kal\u0131p Kilidi (\u00c7iroz)"},"content":{"rendered":"<p>\u00dcr\u00fcnlerimiz hakk\u0131nda ayr\u0131nt\u0131l\u0131 bilgi almak i\u00e7in bizimle ileti\u015fime ge\u00e7iniz.<\/p>","protected":false},"excerpt":{"rendered":"<div class=\"woocommerce-product-details__short-description\">\n<div class=\"woocommerce-product-details__short-description\">\n<p>Perde ve kolon kal\u0131plar\u0131n\u0131 ayn\u0131 mesafede tutmak i\u00e7in kullan\u0131lan yard\u0131mc\u0131 elemanlard\u0131r. Kal\u0131plar aras\u0131na ge\u00e7irilen in\u015faat demirlerinin iki ucuna tak\u0131larak kal\u0131b\u0131n a\u00e7\u0131lmas\u0131 engellenmi\u015f olur. Demiri tutan di\u015fli k\u0131s\u0131m sertle\u015ftirilmi\u015f olup, k\u0131sa zamanda a\u015f\u0131nmas\u0131 engellenmi\u015ftir. Galvanizli ve boyal\u0131 olarak sat\u0131\u015fa sunulmu\u015ftur.<\/p>\n<\/div>\n<\/div>","protected":false},"featured_media":245,"comment_status":"closed","ping_status":"closed","template":"","meta":[],"product_cat":[18],"product_tag":[],"class_list":{"0":"post-244","1":"product","2":"type-product","3":"status-publish","4":"has-post-thumbnail","6":"product_cat-tij-rot-boru-ve-basliklar","8":"first","9":"instock","10":"shipping-taxable","11":"product-type-simple"},"_links":{"self":[{"href":"https:\/\/www.cim.com.tr\/en\/wp-json\/wp\/v2\/product\/244","targetHints":{"allow":["GET"]}}],"collection":[{"href":"https:\/\/www.cim.com.tr\/en\/wp-json\/wp\/v2\/product"}],"about":[{"href":"https:\/\/www.cim.com.tr\/en\/wp-json\/wp\/v2\/types\/product"}],"replies":[{"embeddable":true,"href":"https:\/\/www.cim.com.tr\/en\/wp-json\/wp\/v2\/comments?post=244"}],"wp:featuredmedia":[{"embeddable":true,"href":"https:\/\/www.cim.com.tr\/en\/wp-json\/wp\/v2\/media\/245"}],"wp:attachment":[{"href":"https:\/\/www.cim.com.tr\/en\/wp-json\/wp\/v2\/media?parent=244"}],"wp:term":[{"taxonomy":"product_cat","embeddable":true,"href":"https:\/\/www.cim.com.tr\/en\/wp-json\/wp\/v2\/product_cat?post=244"},{"taxonomy":"product_tag","embeddable":true,"href":"https:\/\/www.cim.com.tr\/en\/wp-json\/wp\/v2\/product_tag?post=244"}],"curies":[{"name":"wp","href":"https:\/\/api.w.org\/{rel}","templated":true}]}}