{"id":242,"date":"2024-02-09T08:04:21","date_gmt":"2024-02-09T05:04:21","guid":{"rendered":"https:\/\/cim.com.tr\/?post_type=product&#038;p=242"},"modified":"2024-03-07T17:09:23","modified_gmt":"2024-03-07T14:09:23","slug":"tij-rot-boru-ve-basliklar-su-tutucu-flansli-bogumlu","status":"publish","type":"product","link":"https:\/\/www.cim.com.tr\/en\/product\/tij-rot-boru-ve-basliklar-su-tutucu-flansli-bogumlu\/","title":{"rendered":"Tij-Rot Boru ve Ba\u015fl\u0131klar \/ Su Tutucu (Flan\u015fl\u0131, Bo\u011fumlu)"},"content":{"rendered":"<p>\u00dcr\u00fcnlerimiz hakk\u0131nda ayr\u0131nt\u0131l\u0131 bilgi almak i\u00e7in bizimle ileti\u015fime ge\u00e7iniz.<\/p>","protected":false},"excerpt":{"rendered":"<div class=\"woocommerce-product-details__short-description\">\n<div class=\"woocommerce-product-details__short-description\">\n<p>Su depolar\u0131na, y\u00fczme havuzlar\u0131na ve su ile ilgili beton atarken ara mesafede kalan perde eleman\u0131n\u0131 dengelemek i\u00e7in kullan\u0131l\u0131r. Flan\u015fl\u0131 ve do\u011fumlu olmak \u00fczere iki \u00e7e\u015fidi vard\u0131r. Tie-rot elemanlar\u0131 \u00e7\u0131kar\u0131ld\u0131ktan sonra beton aras\u0131nda kalan su tutucular\u0131n bo\u015fluklar\u0131 gerekli \u00f6zel har\u00e7larla kapat\u0131larak su s\u0131z\u0131nt\u0131s\u0131 \u00f6nlenmi\u015f olur.<\/p>\n<\/div>\n<\/div>","protected":false},"featured_media":243,"comment_status":"closed","ping_status":"closed","template":"","meta":[],"product_cat":[18],"product_tag":[],"class_list":{"0":"post-242","1":"product","2":"type-product","3":"status-publish","4":"has-post-thumbnail","6":"product_cat-tij-rot-boru-ve-basliklar","8":"first","9":"instock","10":"shipping-taxable","11":"product-type-simple"},"_links":{"self":[{"href":"https:\/\/www.cim.com.tr\/en\/wp-json\/wp\/v2\/product\/242","targetHints":{"allow":["GET"]}}],"collection":[{"href":"https:\/\/www.cim.com.tr\/en\/wp-json\/wp\/v2\/product"}],"about":[{"href":"https:\/\/www.cim.com.tr\/en\/wp-json\/wp\/v2\/types\/product"}],"replies":[{"embeddable":true,"href":"https:\/\/www.cim.com.tr\/en\/wp-json\/wp\/v2\/comments?post=242"}],"wp:featuredmedia":[{"embeddable":true,"href":"https:\/\/www.cim.com.tr\/en\/wp-json\/wp\/v2\/media\/243"}],"wp:attachment":[{"href":"https:\/\/www.cim.com.tr\/en\/wp-json\/wp\/v2\/media?parent=242"}],"wp:term":[{"taxonomy":"product_cat","embeddable":true,"href":"https:\/\/www.cim.com.tr\/en\/wp-json\/wp\/v2\/product_cat?post=242"},{"taxonomy":"product_tag","embeddable":true,"href":"https:\/\/www.cim.com.tr\/en\/wp-json\/wp\/v2\/product_tag?post=242"}],"curies":[{"name":"wp","href":"https:\/\/api.w.org\/{rel}","templated":true}]}}