{"id":238,"date":"2024-03-05T08:57:13","date_gmt":"2024-03-05T05:57:13","guid":{"rendered":"https:\/\/cim.com.tr\/?post_type=product&#038;p=238"},"modified":"2024-03-07T17:08:31","modified_gmt":"2024-03-07T14:08:31","slug":"tij-rot-boru-ve-basliklar-tij-rot-somunu","status":"publish","type":"product","link":"https:\/\/www.cim.com.tr\/en\/product\/tij-rot-boru-ve-basliklar-tij-rot-somunu\/","title":{"rendered":"Tij-Rot Boru ve Ba\u015fl\u0131klar \/ Tij-Rot Somunu"},"content":{"rendered":"<p>\u00dcr\u00fcnlerimiz hakk\u0131nda ayr\u0131nt\u0131l\u0131 bilgi almak i\u00e7in bizimle ileti\u015fime ge\u00e7iniz.<\/p>","protected":false},"excerpt":{"rendered":"<div class=\"woocommerce-product-details__short-description\">\n<div class=\"woocommerce-product-details__short-description\">\n<p>Tie-rot milinin iki ucuna tak\u0131larak kullan\u0131l\u0131r. Sfero d\u00f6k\u00fcmden imalat\u0131 yap\u0131ld\u0131\u011f\u0131 i\u00e7in \u00e7ok dayan\u0131kl\u0131 ve uzun \u00f6m\u00fcrl\u00fcd\u00fcr. Geni\u015f flan\u015f \u00e7ap\u0131 kal\u0131b\u0131 y\u0131pratmaz.<\/p>\n<\/div>\n<\/div>","protected":false},"featured_media":239,"comment_status":"closed","ping_status":"closed","template":"","meta":[],"product_cat":[18],"product_tag":[],"class_list":{"0":"post-238","1":"product","2":"type-product","3":"status-publish","4":"has-post-thumbnail","6":"product_cat-tij-rot-boru-ve-basliklar","8":"first","9":"instock","10":"shipping-taxable","11":"product-type-simple"},"_links":{"self":[{"href":"https:\/\/www.cim.com.tr\/en\/wp-json\/wp\/v2\/product\/238","targetHints":{"allow":["GET"]}}],"collection":[{"href":"https:\/\/www.cim.com.tr\/en\/wp-json\/wp\/v2\/product"}],"about":[{"href":"https:\/\/www.cim.com.tr\/en\/wp-json\/wp\/v2\/types\/product"}],"replies":[{"embeddable":true,"href":"https:\/\/www.cim.com.tr\/en\/wp-json\/wp\/v2\/comments?post=238"}],"wp:featuredmedia":[{"embeddable":true,"href":"https:\/\/www.cim.com.tr\/en\/wp-json\/wp\/v2\/media\/239"}],"wp:attachment":[{"href":"https:\/\/www.cim.com.tr\/en\/wp-json\/wp\/v2\/media?parent=238"}],"wp:term":[{"taxonomy":"product_cat","embeddable":true,"href":"https:\/\/www.cim.com.tr\/en\/wp-json\/wp\/v2\/product_cat?post=238"},{"taxonomy":"product_tag","embeddable":true,"href":"https:\/\/www.cim.com.tr\/en\/wp-json\/wp\/v2\/product_tag?post=238"}],"curies":[{"name":"wp","href":"https:\/\/api.w.org\/{rel}","templated":true}]}}