{"id":234,"date":"2024-01-23T10:26:56","date_gmt":"2024-01-23T07:26:56","guid":{"rendered":"https:\/\/cim.com.tr\/?post_type=product&#038;p=234"},"modified":"2024-03-07T11:13:23","modified_gmt":"2024-03-07T08:13:23","slug":"tunel-eleman-baglanti-dubeli","status":"publish","type":"product","link":"https:\/\/www.cim.com.tr\/en\/product\/tunel-eleman-baglanti-dubeli\/","title":{"rendered":"T\u00fcnel Eleman Ba\u011flant\u0131 D\u00fcbeli"},"content":{"rendered":"<div style=\"overflow-x: auto;\">\n<table class=\"table table-borderless\">\n<thead>\n<tr style=\"background: #f7f7f8;\">\n<th><strong>Kod<\/strong><\/th>\n<th><strong>\u00d6l\u00e7\u00fc<\/strong><\/th>\n<th><strong>Ambalaj \u015eekli<\/strong><\/th>\n<th><strong>Ambalaj A\u011f\u0131rl\u0131\u011f\u0131<\/strong><\/th>\n<th><strong>Sevk Ambalaj\u0131<\/strong><\/th>\n<\/tr>\n<\/thead>\n<tbody>\n<tr class=\"tr1\">\n<td>02190<\/td>\n<td>120&#215;24 mm<\/td>\n<td>400 ad.\/\u00e7v.<\/td>\n<td>30000 gr.\/\u00e7v.<\/td>\n<td>1 pk.\/\u00e7v.<\/td>\n<\/tr>\n<tr class=\"tr2\">\n<td>02200<\/td>\n<td>140&#215;24 mm<\/td>\n<td>400 ad.\/\u00e7v.<\/td>\n<td>35000 gr.\/\u00e7v.<\/td>\n<td>1 pk.\/\u00e7v.<\/td>\n<\/tr>\n<\/tbody>\n<\/table>\n<\/div>","protected":false},"excerpt":{"rendered":"<div class=\"woocommerce-product-details__short-description\">\n<p>T\u00fcnel prekast eleman\u0131n\u0131n kurulmas\u0131 i\u00e7in kullan\u0131lan \u00f6zel bir d\u00fcbel \u00e7e\u015fididir. D\u00fcbel \u00f6zel c\u0131vatas\u0131 ile beraber kullan\u0131l\u0131p, ayr\u0131 t\u00fcnel bloklar\u0131n\u0131 tek bir aparatla s\u0131k\u0131ca ba\u011flar. Bloklar\u0131n birle\u015ftirici \u00f6zelli\u011fini art\u0131r\u0131r. Civata s\u0131k\u0131\u015ft\u0131r\u0131c\u0131n\u0131n g\u00fcc\u00fc 50kN&#8217;ye e\u015fit olmal\u0131d\u0131r.<\/p>\n<\/div>","protected":false},"featured_media":235,"comment_status":"closed","ping_status":"closed","template":"","meta":[],"product_cat":[26],"product_tag":[],"class_list":{"0":"post-234","1":"product","2":"type-product","3":"status-publish","4":"has-post-thumbnail","6":"product_cat-tunel-elemanlari","8":"first","9":"instock","10":"shipping-taxable","11":"product-type-simple"},"_links":{"self":[{"href":"https:\/\/www.cim.com.tr\/en\/wp-json\/wp\/v2\/product\/234","targetHints":{"allow":["GET"]}}],"collection":[{"href":"https:\/\/www.cim.com.tr\/en\/wp-json\/wp\/v2\/product"}],"about":[{"href":"https:\/\/www.cim.com.tr\/en\/wp-json\/wp\/v2\/types\/product"}],"replies":[{"embeddable":true,"href":"https:\/\/www.cim.com.tr\/en\/wp-json\/wp\/v2\/comments?post=234"}],"wp:featuredmedia":[{"embeddable":true,"href":"https:\/\/www.cim.com.tr\/en\/wp-json\/wp\/v2\/media\/235"}],"wp:attachment":[{"href":"https:\/\/www.cim.com.tr\/en\/wp-json\/wp\/v2\/media?parent=234"}],"wp:term":[{"taxonomy":"product_cat","embeddable":true,"href":"https:\/\/www.cim.com.tr\/en\/wp-json\/wp\/v2\/product_cat?post=234"},{"taxonomy":"product_tag","embeddable":true,"href":"https:\/\/www.cim.com.tr\/en\/wp-json\/wp\/v2\/product_tag?post=234"}],"curies":[{"name":"wp","href":"https:\/\/api.w.org\/{rel}","templated":true}]}}