{"id":230,"date":"2024-01-23T10:21:47","date_gmt":"2024-01-23T07:21:47","guid":{"rendered":"https:\/\/cim.com.tr\/?post_type=product&#038;p=230"},"modified":"2024-03-07T11:10:29","modified_gmt":"2024-03-07T08:10:29","slug":"karo-montaj-elemani","status":"publish","type":"product","link":"https:\/\/www.cim.com.tr\/en\/product\/karo-montaj-elemani\/","title":{"rendered":"Karo Montaj Eleman\u0131"},"content":{"rendered":"<div style=\"overflow-x: auto;\">\n<table class=\"table table-borderless\">\n<thead>\n<tr style=\"background: #f7f7f8;\">\n<th><strong>Kod<\/strong><\/th>\n<th><strong>Y\u00fckseklik<\/strong><\/th>\n<th><strong>\u00c7ap<\/strong><\/th>\n<th><strong>Ambalaj \u015eekli<\/strong><\/th>\n<th><strong>Ambalaj A\u011f\u0131rl\u0131\u011f\u0131<\/strong><\/th>\n<th><strong>Sevk Ambalaj\u0131<\/strong><\/th>\n<\/tr>\n<\/thead>\n<tbody>\n<tr class=\"tr1\">\n<td>06300<\/td>\n<td>30 mm<\/td>\n<td>135 mm<\/td>\n<td>150 ad.\/pk.<\/td>\n<td>12000 gr.\/\u00e7v.<\/td>\n<td>1 \u00e7v.<\/td>\n<\/tr>\n<tr class=\"tr2\">\n<td>06313<\/td>\n<td>13 mm<\/td>\n<td>140 mm<\/td>\n<td>225 ad.\/pk.<\/td>\n<td>10000 gr.\/koli<\/td>\n<td>1 koli<\/td>\n<\/tr>\n<tr class=\"tr1\">\n<td>06320<\/td>\n<td>20 mm<\/td>\n<td>140 mm<\/td>\n<td>180 ad.\/pk.<\/td>\n<td>11500 gr.\/koli<\/td>\n<td>1 koli<\/td>\n<\/tr>\n<\/tbody>\n<\/table>\n<\/div>","protected":false},"excerpt":{"rendered":"<p>Geni\u015f alanlardaki karo ve plaka elemanlar\u0131 i\u00e7in d\u00f6\u015feme plakas\u0131d\u0131r. A\u00e7\u0131k alanda \u00fczerine kaplanan izolasyon malzemesini ya\u011fmur, kar ve so\u011fuk hava gibi do\u011fal etkilerden korumak i\u00e7in kullan\u0131lan karo malzemelerinin alt\u0131nda kullan\u0131larak e\u015fit y\u00fckseklik ve derz aras\u0131n\u0131 sa\u011flamakta kullan\u0131l\u0131r. Alt k\u0131s\u0131mda bulunan kanallar sayesinde suyun izolasyon malzemesinin \u00fcst\u00fcnde kalmas\u0131 engellenmi\u015f olur<\/p>","protected":false},"featured_media":231,"comment_status":"closed","ping_status":"closed","template":"","meta":[],"product_cat":[25],"product_tag":[],"class_list":{"0":"post-230","1":"product","2":"type-product","3":"status-publish","4":"has-post-thumbnail","6":"product_cat-karo-montaj-elemanlari","8":"first","9":"instock","10":"shipping-taxable","11":"product-type-simple"},"_links":{"self":[{"href":"https:\/\/www.cim.com.tr\/en\/wp-json\/wp\/v2\/product\/230","targetHints":{"allow":["GET"]}}],"collection":[{"href":"https:\/\/www.cim.com.tr\/en\/wp-json\/wp\/v2\/product"}],"about":[{"href":"https:\/\/www.cim.com.tr\/en\/wp-json\/wp\/v2\/types\/product"}],"replies":[{"embeddable":true,"href":"https:\/\/www.cim.com.tr\/en\/wp-json\/wp\/v2\/comments?post=230"}],"wp:featuredmedia":[{"embeddable":true,"href":"https:\/\/www.cim.com.tr\/en\/wp-json\/wp\/v2\/media\/231"}],"wp:attachment":[{"href":"https:\/\/www.cim.com.tr\/en\/wp-json\/wp\/v2\/media?parent=230"}],"wp:term":[{"taxonomy":"product_cat","embeddable":true,"href":"https:\/\/www.cim.com.tr\/en\/wp-json\/wp\/v2\/product_cat?post=230"},{"taxonomy":"product_tag","embeddable":true,"href":"https:\/\/www.cim.com.tr\/en\/wp-json\/wp\/v2\/product_tag?post=230"}],"curies":[{"name":"wp","href":"https:\/\/api.w.org\/{rel}","templated":true}]}}