{"id":226,"date":"2024-02-12T12:29:06","date_gmt":"2024-02-12T09:29:06","guid":{"rendered":"https:\/\/cim.com.tr\/?post_type=product&#038;p=226"},"modified":"2024-02-12T17:50:28","modified_gmt":"2024-02-12T14:50:28","slug":"tespit-kroseleri-kilcik-tip-tespit-krosesi","status":"publish","type":"product","link":"https:\/\/www.cim.com.tr\/en\/product\/tespit-kroseleri-kilcik-tip-tespit-krosesi\/","title":{"rendered":"Tespit Kro\u015feleri \/ K\u0131l\u00e7\u0131k Tip Tespit Kro\u015fesi"},"content":{"rendered":"<div style=\"overflow-x: auto;\">\n<table class=\"table table-borderless\">\n<thead>\n<tr style=\"background: #f7f7f8;\">\n<th><strong>Kod<\/strong><\/th>\n<th><strong>Kro\u015fe \u00d6l\u00e7\u00fcs\u00fc<\/strong><\/th>\n<th><strong>Ambalaj \u015eekli<\/strong><\/th>\n<th><strong>Ambalaj A\u011f\u0131rl\u0131\u011f\u0131<\/strong><\/th>\n<th><strong>Sevk Ambalaj\u0131<\/strong><\/th>\n<\/tr>\n<\/thead>\n<tbody>\n<tr class=\"tr1\">\n<td>06200<\/td>\n<td>20 mm<\/td>\n<td>250 ad.\/pk.<\/td>\n<td>425 gr.\/pk.<\/td>\n<td>45 pk.\/\u00e7v.<\/td>\n<\/tr>\n<\/tbody>\n<\/table>\n<\/div>","protected":false},"excerpt":{"rendered":"<p>Yerden \u0131s\u0131tma tesisatlar\u0131 yap\u0131l\u0131rken zemine d\u00f6\u015fenen straforlara, s\u0131cak su borular\u0131n\u0131 montaj yapmak i\u00e7in kullan\u0131lan bir tespit eleman\u0131d\u0131r. Uygulamas\u0131nda delme veya \u00e7akma i\u015flemine gerek kalmaks\u0131z\u0131n el ile montaj\u0131 m\u00fcmk\u00fcnd\u00fcr.<\/p>","protected":false},"featured_media":227,"comment_status":"closed","ping_status":"closed","template":"","meta":[],"product_cat":[24],"product_tag":[],"class_list":{"0":"post-226","1":"product","2":"type-product","3":"status-publish","4":"has-post-thumbnail","6":"product_cat-tespit-kroseleri","8":"first","9":"instock","10":"shipping-taxable","11":"product-type-simple"},"_links":{"self":[{"href":"https:\/\/www.cim.com.tr\/en\/wp-json\/wp\/v2\/product\/226","targetHints":{"allow":["GET"]}}],"collection":[{"href":"https:\/\/www.cim.com.tr\/en\/wp-json\/wp\/v2\/product"}],"about":[{"href":"https:\/\/www.cim.com.tr\/en\/wp-json\/wp\/v2\/types\/product"}],"replies":[{"embeddable":true,"href":"https:\/\/www.cim.com.tr\/en\/wp-json\/wp\/v2\/comments?post=226"}],"wp:featuredmedia":[{"embeddable":true,"href":"https:\/\/www.cim.com.tr\/en\/wp-json\/wp\/v2\/media\/227"}],"wp:attachment":[{"href":"https:\/\/www.cim.com.tr\/en\/wp-json\/wp\/v2\/media?parent=226"}],"wp:term":[{"taxonomy":"product_cat","embeddable":true,"href":"https:\/\/www.cim.com.tr\/en\/wp-json\/wp\/v2\/product_cat?post=226"},{"taxonomy":"product_tag","embeddable":true,"href":"https:\/\/www.cim.com.tr\/en\/wp-json\/wp\/v2\/product_tag?post=226"}],"curies":[{"name":"wp","href":"https:\/\/api.w.org\/{rel}","templated":true}]}}