{"id":224,"date":"2024-02-12T12:30:01","date_gmt":"2024-02-12T09:30:01","guid":{"rendered":"https:\/\/cim.com.tr\/?post_type=product&#038;p=224"},"modified":"2024-02-12T17:50:17","modified_gmt":"2024-02-12T14:50:17","slug":"tespit-kroseleri-ciftli-yere-tespit-kroseleri","status":"publish","type":"product","link":"https:\/\/www.cim.com.tr\/en\/product\/tespit-kroseleri-ciftli-yere-tespit-kroseleri\/","title":{"rendered":"Tespit Kro\u015feleri \/ \u00c7iftli Yere Tespit Kro\u015feleri"},"content":{"rendered":"<div style=\"overflow-x: auto;\">\n<table class=\"table table-borderless\">\n<thead>\n<tr style=\"background: #f7f7f8;\">\n<th><strong>Kod<\/strong><\/th>\n<th><strong>Kro\u015fe \u00d6l\u00e7\u00fcs\u00fc<\/strong><\/th>\n<th><strong>Ambalaj \u015eekli<\/strong><\/th>\n<th><strong>Ambalaj A\u011f\u0131rl\u0131\u011f\u0131<\/strong><\/th>\n<th><strong>Sevk Ambalaj\u0131<\/strong><\/th>\n<\/tr>\n<\/thead>\n<tbody>\n<tr class=\"tr1\">\n<td>06250<\/td>\n<td>55 mm<\/td>\n<td>250 ad.\/pk.<\/td>\n<td>540 gr.\/pk.<\/td>\n<td>35 pk.\/\u00e7v.<\/td>\n<\/tr>\n<\/tbody>\n<\/table>\n<\/div>","protected":false},"excerpt":{"rendered":"<p>Yerden \u0131s\u0131tma sisteminin zemine montaj\u0131nda kullan\u0131lan bir \u00e7e\u015fit yere tespit kro\u015fesidir. D\u00fcbel kullan\u0131m\u0131n\u0131 ortadan kald\u0131r\u0131r. Yan yana iki boruyu ayn\u0131 mesafede zemine montajlama kolayl\u0131\u011f\u0131 sa\u011flar.<\/p>","protected":false},"featured_media":225,"comment_status":"closed","ping_status":"closed","template":"","meta":[],"product_cat":[24],"product_tag":[],"class_list":{"0":"post-224","1":"product","2":"type-product","3":"status-publish","4":"has-post-thumbnail","6":"product_cat-tespit-kroseleri","8":"first","9":"instock","10":"shipping-taxable","11":"product-type-simple"},"_links":{"self":[{"href":"https:\/\/www.cim.com.tr\/en\/wp-json\/wp\/v2\/product\/224","targetHints":{"allow":["GET"]}}],"collection":[{"href":"https:\/\/www.cim.com.tr\/en\/wp-json\/wp\/v2\/product"}],"about":[{"href":"https:\/\/www.cim.com.tr\/en\/wp-json\/wp\/v2\/types\/product"}],"replies":[{"embeddable":true,"href":"https:\/\/www.cim.com.tr\/en\/wp-json\/wp\/v2\/comments?post=224"}],"wp:featuredmedia":[{"embeddable":true,"href":"https:\/\/www.cim.com.tr\/en\/wp-json\/wp\/v2\/media\/225"}],"wp:attachment":[{"href":"https:\/\/www.cim.com.tr\/en\/wp-json\/wp\/v2\/media?parent=224"}],"wp:term":[{"taxonomy":"product_cat","embeddable":true,"href":"https:\/\/www.cim.com.tr\/en\/wp-json\/wp\/v2\/product_cat?post=224"},{"taxonomy":"product_tag","embeddable":true,"href":"https:\/\/www.cim.com.tr\/en\/wp-json\/wp\/v2\/product_tag?post=224"}],"curies":[{"name":"wp","href":"https:\/\/api.w.org\/{rel}","templated":true}]}}