{"id":220,"date":"2024-01-23T09:57:07","date_gmt":"2024-01-23T06:57:07","guid":{"rendered":"https:\/\/cim.com.tr\/?post_type=product&#038;p=220"},"modified":"2024-01-23T09:58:31","modified_gmt":"2024-01-23T06:58:31","slug":"seviye-derz-artilari-seviye-tespit-artisi","status":"publish","type":"product","link":"https:\/\/www.cim.com.tr\/en\/product\/seviye-derz-artilari-seviye-tespit-artisi\/","title":{"rendered":"Seviye Derz Art\u0131lar\u0131 \/ Seviye Tespit Art\u0131s\u0131"},"content":{"rendered":"<div style=\"overflow-x: auto;\">\n<table class=\"table table-borderless\">\n<thead>\n<tr style=\"background: #f7f7f8;\">\n<th><strong>Kod<\/strong><\/th>\n<th><strong>\u00d6l\u00e7\u00fc &#8211; Tip<\/strong><\/th>\n<th><strong>Ambalaj \u015eekli<\/strong><\/th>\n<th><strong>Ambalaj A\u011f\u0131rl\u0131\u011f\u0131<\/strong><\/th>\n<th><strong>Sevk Ambalaj\u0131<\/strong><\/th>\n<\/tr>\n<\/thead>\n<tbody>\n<tr class=\"tr1\">\n<td>02310<\/td>\n<td>1 mm<\/td>\n<td>200 ad.\/pk.<\/td>\n<td>480 gr.\/pk.<\/td>\n<td>25 pk.\/\u00e7v.<\/td>\n<\/tr>\n<tr class=\"tr2\">\n<td>02320<\/td>\n<td>2 mm<\/td>\n<td>200 ad.\/pk.<\/td>\n<td>520 gr.\/pk.<\/td>\n<td>25 pk.\/\u00e7v.<\/td>\n<\/tr>\n<tr class=\"tr1\">\n<td>02340<\/td>\n<td>Takoz<\/td>\n<td>100 ad.\/pk.<\/td>\n<td>850 gr.\/pk.<\/td>\n<td>25 pk.\/\u00e7v.<\/td>\n<\/tr>\n<tr class=\"tr2\">\n<td>02350<\/td>\n<td>Pense<\/td>\n<td>1 ad.<\/td>\n<td>&#8211;<\/td>\n<td>1 ad.<\/td>\n<\/tr>\n<\/tbody>\n<\/table>\n<\/div>","protected":false},"excerpt":{"rendered":"<div class=\"woocommerce-product-details__short-description\">\n<p>\u00dcr\u00fcnlerimiz hakk\u0131nda ayr\u0131nt\u0131l\u0131 bilgi almak i\u00e7in bizimle ileti\u015fime ge\u00e7iniz.<\/p>\n<\/div>","protected":false},"featured_media":221,"comment_status":"closed","ping_status":"closed","template":"","meta":[],"product_cat":[23],"product_tag":[],"class_list":{"0":"post-220","1":"product","2":"type-product","3":"status-publish","4":"has-post-thumbnail","6":"product_cat-seviye-derz-artilari","8":"first","9":"instock","10":"shipping-taxable","11":"product-type-simple"},"_links":{"self":[{"href":"https:\/\/www.cim.com.tr\/en\/wp-json\/wp\/v2\/product\/220","targetHints":{"allow":["GET"]}}],"collection":[{"href":"https:\/\/www.cim.com.tr\/en\/wp-json\/wp\/v2\/product"}],"about":[{"href":"https:\/\/www.cim.com.tr\/en\/wp-json\/wp\/v2\/types\/product"}],"replies":[{"embeddable":true,"href":"https:\/\/www.cim.com.tr\/en\/wp-json\/wp\/v2\/comments?post=220"}],"wp:featuredmedia":[{"embeddable":true,"href":"https:\/\/www.cim.com.tr\/en\/wp-json\/wp\/v2\/media\/221"}],"wp:attachment":[{"href":"https:\/\/www.cim.com.tr\/en\/wp-json\/wp\/v2\/media?parent=220"}],"wp:term":[{"taxonomy":"product_cat","embeddable":true,"href":"https:\/\/www.cim.com.tr\/en\/wp-json\/wp\/v2\/product_cat?post=220"},{"taxonomy":"product_tag","embeddable":true,"href":"https:\/\/www.cim.com.tr\/en\/wp-json\/wp\/v2\/product_tag?post=220"}],"curies":[{"name":"wp","href":"https:\/\/api.w.org\/{rel}","templated":true}]}}