{"id":216,"date":"2024-02-12T12:29:35","date_gmt":"2024-02-12T09:29:35","guid":{"rendered":"https:\/\/cim.com.tr\/?post_type=product&#038;p=216"},"modified":"2024-02-12T17:49:25","modified_gmt":"2024-02-12T14:49:25","slug":"derz-artilari-fayans-kose-citasi","status":"publish","type":"product","link":"https:\/\/www.cim.com.tr\/en\/product\/derz-artilari-fayans-kose-citasi\/","title":{"rendered":"Derz Art\u0131lar\u0131 \/ Fayans K\u00f6\u015fe \u00c7\u0131tas\u0131"},"content":{"rendered":"<div style=\"overflow-x: auto;\">\n<table class=\"table table-borderless\">\n<thead>\n<tr style=\"background: #f7f7f8;\">\n<th><strong>Kod<\/strong><\/th>\n<th><strong>\u00c7\u0131ta Boyu<\/strong><\/th>\n<th><strong>Kal\u0131nl\u0131k<\/strong><\/th>\n<th><strong>Ambalaj \u015eekli<\/strong><\/th>\n<th><strong>Ambalaj A\u011f\u0131rl\u0131\u011f\u0131<\/strong><\/th>\n<th><strong>Sevk Ambalaj\u0131<\/strong><\/th>\n<\/tr>\n<\/thead>\n<tbody>\n<tr class=\"tr1\">\n<td>27051<\/td>\n<td>270 cm 8mm<\/td>\n<td>270 mt \/ ba\u011f<\/td>\n<td>12600 gr \/ ba\u011f<\/td>\n<td>1 ba\u011f<\/td>\n<\/tr>\n<tr class=\"tr2\">\n<td>27052<\/td>\n<td>270 cm 10mm<\/td>\n<td>270 mt \/ ba\u011f<\/td>\n<td>13200 gr \/ ba\u011f<\/td>\n<td>1 ba\u011f<\/td>\n<\/tr>\n<\/tbody>\n<\/table>\n<\/div>","protected":false},"excerpt":{"rendered":"<p>Duvarlarda i\u00e7 zeminlerde fayans d\u00f6\u015feme i\u015flerinde k\u00f6\u015felerin, d\u0131\u015f b\u00fckeylerine gelen k\u0131sm\u0131na estetik bir g\u00f6r\u00fcn\u00fcm kazand\u0131rmak i\u00e7in kullan\u0131lan fayans k\u00f6\u015fe \u00e7\u0131talar\u0131m\u0131z orijinal PVC\u2019den imal edilmi\u015ftir. Standart boylar\u0131m\u0131z 270cm olup , istenilen boylarda sipari\u015flerinize g\u00f6re imalat\u0131 yap\u0131labilmektedir.<\/p>","protected":false},"featured_media":217,"comment_status":"closed","ping_status":"closed","template":"","meta":[],"product_cat":[22],"product_tag":[],"class_list":{"0":"post-216","1":"product","2":"type-product","3":"status-publish","4":"has-post-thumbnail","6":"product_cat-derz-artilari","8":"first","9":"instock","10":"shipping-taxable","11":"product-type-simple"},"_links":{"self":[{"href":"https:\/\/www.cim.com.tr\/en\/wp-json\/wp\/v2\/product\/216","targetHints":{"allow":["GET"]}}],"collection":[{"href":"https:\/\/www.cim.com.tr\/en\/wp-json\/wp\/v2\/product"}],"about":[{"href":"https:\/\/www.cim.com.tr\/en\/wp-json\/wp\/v2\/types\/product"}],"replies":[{"embeddable":true,"href":"https:\/\/www.cim.com.tr\/en\/wp-json\/wp\/v2\/comments?post=216"}],"wp:featuredmedia":[{"embeddable":true,"href":"https:\/\/www.cim.com.tr\/en\/wp-json\/wp\/v2\/media\/217"}],"wp:attachment":[{"href":"https:\/\/www.cim.com.tr\/en\/wp-json\/wp\/v2\/media?parent=216"}],"wp:term":[{"taxonomy":"product_cat","embeddable":true,"href":"https:\/\/www.cim.com.tr\/en\/wp-json\/wp\/v2\/product_cat?post=216"},{"taxonomy":"product_tag","embeddable":true,"href":"https:\/\/www.cim.com.tr\/en\/wp-json\/wp\/v2\/product_tag?post=216"}],"curies":[{"name":"wp","href":"https:\/\/api.w.org\/{rel}","templated":true}]}}