{"id":214,"date":"2024-02-12T12:30:10","date_gmt":"2024-02-12T09:30:10","guid":{"rendered":"https:\/\/cim.com.tr\/?post_type=product&#038;p=214"},"modified":"2024-02-12T17:49:14","modified_gmt":"2024-02-12T14:49:14","slug":"derz-artilari-fayans-ve-karo-derz-artilari","status":"publish","type":"product","link":"https:\/\/www.cim.com.tr\/en\/product\/derz-artilari-fayans-ve-karo-derz-artilari\/","title":{"rendered":"Derz Art\u0131lar\u0131 \/ Fayans ve Karo Derz Art\u0131lar\u0131"},"content":{"rendered":"<div style=\"overflow-x: auto;\">\n<table class=\"table table-borderless\">\n<thead>\n<tr style=\"background: #f7f7f8;\">\n<th><strong>Kod<\/strong><\/th>\n<th><strong>D\u00fcbel \u00d6l\u00e7\u00fcs\u00fc<\/strong><\/th>\n<th><strong>Ambalaj \u015eekli<\/strong><\/th>\n<th><strong>Ambalaj A\u011f\u0131rl\u0131\u011f\u0131<\/strong><\/th>\n<th><strong>Sevk Ambalaj\u0131<\/strong><\/th>\n<\/tr>\n<\/thead>\n<tbody>\n<tr class=\"tr1\">\n<td>02500<\/td>\n<td>2 mm Sapl\u0131<\/td>\n<td>500 ad.\/pk.<\/td>\n<td>100 gr.\/pk.<\/td>\n<td>100 pk.\/\u00e7v.<\/td>\n<\/tr>\n<tr class=\"tr2\">\n<td>03050<\/td>\n<td>3 mm Bo\u015fluklu<\/td>\n<td>500 ad.\/pk.<\/td>\n<td>170 gr.\/pk.<\/td>\n<td>75 pk.\/\u00e7v.<\/td>\n<\/tr>\n<tr class=\"tr1\">\n<td>03500<\/td>\n<td>3 mm Sapl\u0131<\/td>\n<td>500 ad.\/pk.<\/td>\n<td>225 gr.\/pk.<\/td>\n<td>100 pk.\/\u00e7v.<\/td>\n<\/tr>\n<tr class=\"tr2\">\n<td>04050<\/td>\n<td>4 mm Bo\u015fluklu<\/td>\n<td>500 ad.\/pk.<\/td>\n<td>210 gr.\/pk.<\/td>\n<td>75 pk.\/\u00e7v.<\/td>\n<\/tr>\n<tr class=\"tr1\">\n<td>05050<\/td>\n<td>5 mm Bo\u015fluklu<\/td>\n<td>500 ad.\/pk.<\/td>\n<td>360 gr.\/pk.<\/td>\n<td>50 pk.\/\u00e7v.<\/td>\n<\/tr>\n<tr class=\"tr2\">\n<td>05125<\/td>\n<td>10 mm Art\u0131 Bo\u015fluklu<\/td>\n<td>250 ad.\/pk.<\/td>\n<td>590 gr.\/pk.<\/td>\n<td>25 pk.\/\u00e7v.<\/td>\n<\/tr>\n<tr class=\"tr1\">\n<td>05135<\/td>\n<td>10 mm TE Bo\u015fluklu<\/td>\n<td>250 ad.\/pk.<\/td>\n<td>540 gr.\/pk.<\/td>\n<td>25 pk.\/\u00e7v.<\/td>\n<\/tr>\n<\/tbody>\n<\/table>\n<\/div>","protected":false},"excerpt":{"rendered":"<p>Fayans ve karo d\u00f6\u015femelerde, uygun derz bo\u015fluklar\u0131 sa\u011flanmas\u0131 i\u00e7in kullan\u0131l\u0131r. Derz art\u0131lar\u0131m\u0131z d\u00fcnya standartlar\u0131na uygun olarak imal edilmektedir. Derz art\u0131lar\u0131n\u0131n i\u00e7indeki bo\u015fluklar sayesinde fuga\u2019 n\u0131n daha kuvvetli bir \u015fekilde uygulanmas\u0131n\u0131 sa\u011flar ve ileride derz atmas\u0131na meydan vermez.<\/p>","protected":false},"featured_media":215,"comment_status":"closed","ping_status":"closed","template":"","meta":[],"product_cat":[22],"product_tag":[],"class_list":{"0":"post-214","1":"product","2":"type-product","3":"status-publish","4":"has-post-thumbnail","6":"product_cat-derz-artilari","8":"first","9":"instock","10":"shipping-taxable","11":"product-type-simple"},"_links":{"self":[{"href":"https:\/\/www.cim.com.tr\/en\/wp-json\/wp\/v2\/product\/214","targetHints":{"allow":["GET"]}}],"collection":[{"href":"https:\/\/www.cim.com.tr\/en\/wp-json\/wp\/v2\/product"}],"about":[{"href":"https:\/\/www.cim.com.tr\/en\/wp-json\/wp\/v2\/types\/product"}],"replies":[{"embeddable":true,"href":"https:\/\/www.cim.com.tr\/en\/wp-json\/wp\/v2\/comments?post=214"}],"wp:featuredmedia":[{"embeddable":true,"href":"https:\/\/www.cim.com.tr\/en\/wp-json\/wp\/v2\/media\/215"}],"wp:attachment":[{"href":"https:\/\/www.cim.com.tr\/en\/wp-json\/wp\/v2\/media?parent=214"}],"wp:term":[{"taxonomy":"product_cat","embeddable":true,"href":"https:\/\/www.cim.com.tr\/en\/wp-json\/wp\/v2\/product_cat?post=214"},{"taxonomy":"product_tag","embeddable":true,"href":"https:\/\/www.cim.com.tr\/en\/wp-json\/wp\/v2\/product_tag?post=214"}],"curies":[{"name":"wp","href":"https:\/\/api.w.org\/{rel}","templated":true}]}}