{"id":208,"date":"2024-02-12T12:27:48","date_gmt":"2024-02-12T09:27:48","guid":{"rendered":"https:\/\/cim.com.tr\/?post_type=product&#038;p=208"},"modified":"2024-02-12T17:47:49","modified_gmt":"2024-02-12T14:47:49","slug":"izolasyon-dubelleri-tas-yunu-pulu","status":"publish","type":"product","link":"https:\/\/www.cim.com.tr\/en\/product\/izolasyon-dubelleri-tas-yunu-pulu\/","title":{"rendered":"\u0130zolasyon D\u00fcbelleri \/ Ta\u015f Y\u00fcn\u00fc Pulu"},"content":{"rendered":"<div style=\"overflow-x: auto;\">\n<table class=\"table table-borderless\">\n<thead>\n<tr style=\"background: #f7f7f8;\">\n<th><strong>Kod<\/strong><\/th>\n<th><strong>\u015eapka \u00c7ap\u0131<\/strong><\/th>\n<th><strong>Ambalaj \u015eekli<\/strong><\/th>\n<\/tr>\n<\/thead>\n<tbody>\n<tr class=\"tr1\">\n<td>02019<\/td>\n<td>90 mm<\/td>\n<td>3440 gr.\/pk.<\/td>\n<\/tr>\n<\/tbody>\n<\/table>\n<\/div>","protected":false},"excerpt":{"rendered":"<p>Dansitesi d\u00fc\u015f\u00fck olan malzemelerin uygulamalar\u0131nda bask\u0131 y\u00fczeyi daha fazla olmal\u0131d\u0131r. Ta\u015f y\u00fcn\u00fc pulu d\u00fcbele monte edilerek uygulamalarda geni\u015f y\u00fczey olu\u015fturur ve d\u00fcbelin daha iyi tutunmas\u0131n\u0131 sa\u011flar.<\/p>","protected":false},"featured_media":209,"comment_status":"closed","ping_status":"closed","template":"","meta":[],"product_cat":[21],"product_tag":[],"class_list":{"0":"post-208","1":"product","2":"type-product","3":"status-publish","4":"has-post-thumbnail","6":"product_cat-izolasyon-dubelleri","8":"first","9":"instock","10":"shipping-taxable","11":"product-type-simple"},"_links":{"self":[{"href":"https:\/\/www.cim.com.tr\/en\/wp-json\/wp\/v2\/product\/208","targetHints":{"allow":["GET"]}}],"collection":[{"href":"https:\/\/www.cim.com.tr\/en\/wp-json\/wp\/v2\/product"}],"about":[{"href":"https:\/\/www.cim.com.tr\/en\/wp-json\/wp\/v2\/types\/product"}],"replies":[{"embeddable":true,"href":"https:\/\/www.cim.com.tr\/en\/wp-json\/wp\/v2\/comments?post=208"}],"wp:featuredmedia":[{"embeddable":true,"href":"https:\/\/www.cim.com.tr\/en\/wp-json\/wp\/v2\/media\/209"}],"wp:attachment":[{"href":"https:\/\/www.cim.com.tr\/en\/wp-json\/wp\/v2\/media?parent=208"}],"wp:term":[{"taxonomy":"product_cat","embeddable":true,"href":"https:\/\/www.cim.com.tr\/en\/wp-json\/wp\/v2\/product_cat?post=208"},{"taxonomy":"product_tag","embeddable":true,"href":"https:\/\/www.cim.com.tr\/en\/wp-json\/wp\/v2\/product_tag?post=208"}],"curies":[{"name":"wp","href":"https:\/\/api.w.org\/{rel}","templated":true}]}}