{"id":206,"date":"2024-03-05T08:57:46","date_gmt":"2024-03-05T05:57:46","guid":{"rendered":"https:\/\/cim.com.tr\/?post_type=product&#038;p=206"},"modified":"2024-03-05T13:20:51","modified_gmt":"2024-03-05T10:20:51","slug":"izolasyon-dubelleri-super-strapor-dubeli","status":"publish","type":"product","link":"https:\/\/www.cim.com.tr\/en\/product\/izolasyon-dubelleri-super-strapor-dubeli\/","title":{"rendered":"\u0130zolasyon D\u00fcbelleri \/ S\u00fcper Strapor D\u00fcbeli"},"content":{"rendered":"<div style=\"overflow-x: auto;\">\n<table class=\"table table-borderless\">\n<thead>\n<tr style=\"background: #f7f7f8;\">\n<th><strong>Kod<\/strong><\/th>\n<th><strong>D\u00fcbel Boyu<\/strong><\/th>\n<th><strong>Ambalaj \u015eekli<\/strong><\/th>\n<th><strong>Ambalaj A\u011f\u0131rl\u0131\u011f\u0131<\/strong><\/th>\n<\/tr>\n<\/thead>\n<tbody>\n<tr class=\"tr1\">\n<td>02020<\/td>\n<td>20 mm<\/td>\n<td>1000 ad.\/pk.<\/td>\n<td>4400 gr.\/pk.<\/td>\n<\/tr>\n<tr class=\"tr2\">\n<td>02025<\/td>\n<td>25 mm<\/td>\n<td>1000 ad.\/pk.<\/td>\n<td>6200 gr.\/pk.<\/td>\n<\/tr>\n<\/tbody>\n<\/table>\n<\/div>","protected":false},"excerpt":{"rendered":"<p>\u00c7ivili tabanca ile kullan\u0131lan bu d\u00fcbelimiz, y\u00fcksek dansiteli straporlar\u0131 duvara monte ederken size zaman ve i\u015f\u00e7ilik bak\u0131m\u0131ndan olduk\u00e7a avantaj sa\u011flar. Br\u00fct beton ve i\u00e7 cephe yal\u0131t\u0131m i\u015flerinde g\u00fcvenle kullanabilirsiniz. Kullan\u0131m\u0131 olduk\u00e7a kolayd\u0131r.<\/p>","protected":false},"featured_media":207,"comment_status":"closed","ping_status":"closed","template":"","meta":[],"product_cat":[21],"product_tag":[],"class_list":{"0":"post-206","1":"product","2":"type-product","3":"status-publish","4":"has-post-thumbnail","6":"product_cat-izolasyon-dubelleri","8":"first","9":"instock","10":"shipping-taxable","11":"product-type-simple"},"_links":{"self":[{"href":"https:\/\/www.cim.com.tr\/en\/wp-json\/wp\/v2\/product\/206","targetHints":{"allow":["GET"]}}],"collection":[{"href":"https:\/\/www.cim.com.tr\/en\/wp-json\/wp\/v2\/product"}],"about":[{"href":"https:\/\/www.cim.com.tr\/en\/wp-json\/wp\/v2\/types\/product"}],"replies":[{"embeddable":true,"href":"https:\/\/www.cim.com.tr\/en\/wp-json\/wp\/v2\/comments?post=206"}],"wp:featuredmedia":[{"embeddable":true,"href":"https:\/\/www.cim.com.tr\/en\/wp-json\/wp\/v2\/media\/207"}],"wp:attachment":[{"href":"https:\/\/www.cim.com.tr\/en\/wp-json\/wp\/v2\/media?parent=206"}],"wp:term":[{"taxonomy":"product_cat","embeddable":true,"href":"https:\/\/www.cim.com.tr\/en\/wp-json\/wp\/v2\/product_cat?post=206"},{"taxonomy":"product_tag","embeddable":true,"href":"https:\/\/www.cim.com.tr\/en\/wp-json\/wp\/v2\/product_tag?post=206"}],"curies":[{"name":"wp","href":"https:\/\/api.w.org\/{rel}","templated":true}]}}