{"id":204,"date":"2024-03-05T08:58:59","date_gmt":"2024-03-05T05:58:59","guid":{"rendered":"https:\/\/cim.com.tr\/?post_type=product&#038;p=204"},"modified":"2024-03-05T13:20:43","modified_gmt":"2024-03-05T10:20:43","slug":"izolasyon-dubelleri-cakmali-izolasyon-dubeli","status":"publish","type":"product","link":"https:\/\/www.cim.com.tr\/en\/product\/izolasyon-dubelleri-cakmali-izolasyon-dubeli\/","title":{"rendered":"\u0130zolasyon D\u00fcbelleri \/ \u00c7akmal\u0131 \u0130zolasyon D\u00fcbeli"},"content":{"rendered":"<div style=\"overflow-x: auto;\">\n<table class=\"table table-borderless\">\n<thead>\n<tr style=\"background: #f7f7f8;\">\n<th><strong>Kod<\/strong><\/th>\n<th><strong>D\u00fcbel Boyu<\/strong><\/th>\n<th><strong>D\u00fcbel \u00c7ap\u0131<\/strong><\/th>\n<th><strong>Ambalaj \u015eekli<\/strong><\/th>\n<th><strong>Ambalaj A\u011f\u0131rl\u0131\u011f\u0131<\/strong><\/th>\n<\/tr>\n<\/thead>\n<tbody>\n<tr class=\"tr1\">\n<td>02014<\/td>\n<td>100 mm<\/td>\n<td>8 mm<\/td>\n<td>500 ad.\/koli<\/td>\n<td>3100 gr.\/pk.<\/td>\n<\/tr>\n<\/tbody>\n<\/table>\n<\/div>","protected":false},"excerpt":{"rendered":"<p>Tek par\u00e7adan olu\u015fan ve y\u00fcksek ta\u015f\u0131ma mukavemeti olan montaj\u0131 kolay bir ba\u011flant\u0131 eleman\u0131d\u0131r. Br\u00fct betonlarda, ta\u015flarda, y\u0131\u011fma tu\u011flalarda, gaz betonlarda rahatl\u0131kla kullan\u0131l\u0131r.<\/p>","protected":false},"featured_media":205,"comment_status":"closed","ping_status":"closed","template":"","meta":[],"product_cat":[21],"product_tag":[],"class_list":{"0":"post-204","1":"product","2":"type-product","3":"status-publish","4":"has-post-thumbnail","6":"product_cat-izolasyon-dubelleri","8":"first","9":"instock","10":"shipping-taxable","11":"product-type-simple"},"_links":{"self":[{"href":"https:\/\/www.cim.com.tr\/en\/wp-json\/wp\/v2\/product\/204","targetHints":{"allow":["GET"]}}],"collection":[{"href":"https:\/\/www.cim.com.tr\/en\/wp-json\/wp\/v2\/product"}],"about":[{"href":"https:\/\/www.cim.com.tr\/en\/wp-json\/wp\/v2\/types\/product"}],"replies":[{"embeddable":true,"href":"https:\/\/www.cim.com.tr\/en\/wp-json\/wp\/v2\/comments?post=204"}],"wp:featuredmedia":[{"embeddable":true,"href":"https:\/\/www.cim.com.tr\/en\/wp-json\/wp\/v2\/media\/205"}],"wp:attachment":[{"href":"https:\/\/www.cim.com.tr\/en\/wp-json\/wp\/v2\/media?parent=204"}],"wp:term":[{"taxonomy":"product_cat","embeddable":true,"href":"https:\/\/www.cim.com.tr\/en\/wp-json\/wp\/v2\/product_cat?post=204"},{"taxonomy":"product_tag","embeddable":true,"href":"https:\/\/www.cim.com.tr\/en\/wp-json\/wp\/v2\/product_tag?post=204"}],"curies":[{"name":"wp","href":"https:\/\/api.w.org\/{rel}","templated":true}]}}