{"id":202,"date":"2024-03-05T08:59:24","date_gmt":"2024-03-05T05:59:24","guid":{"rendered":"https:\/\/cim.com.tr\/?post_type=product&#038;p=202"},"modified":"2024-03-05T13:19:08","modified_gmt":"2024-03-05T10:19:08","slug":"izolasyon-dubelleri-gaz-beton-strafor-dubeli","status":"publish","type":"product","link":"https:\/\/www.cim.com.tr\/en\/product\/izolasyon-dubelleri-gaz-beton-strafor-dubeli\/","title":{"rendered":"\u0130zolasyon D\u00fcbelleri \/ Gaz Beton Strafor D\u00fcbeli"},"content":{"rendered":"<div style=\"overflow-x: auto;\">\n<table class=\"table table-borderless\">\n<thead>\n<tr style=\"background: #f7f7f8;\">\n<th><strong>Kod<\/strong><\/th>\n<th><strong>D\u00fcbel \u00d6l\u00e7\u00fcs\u00fc<\/strong><\/th>\n<th><strong>D\u00fcbel \u00c7ap\u0131<\/strong><\/th>\n<th><strong>Ambalaj \u015eekli<\/strong><\/th>\n<th><strong>Ambalaj A\u011f\u0131rl\u0131\u011f\u0131<\/strong><\/th>\n<th><strong>Sevk Ambalaj\u0131<\/strong><\/th>\n<\/tr>\n<\/thead>\n<tbody>\n<tr class=\"tr1\">\n<td>02116<\/td>\n<td>16 cm<\/td>\n<td>8 mm<\/td>\n<td>500 ad.\/koli<\/td>\n<td>8450 gr.\/pk.<\/td>\n<td>8 pk.\/\u00e7v.<\/td>\n<\/tr>\n<tr class=\"tr2\">\n<td>02118<\/td>\n<td>18 cm<\/td>\n<td>8 mm<\/td>\n<td>500 ad.\/koli<\/td>\n<td>9450 gr.\/pk.<\/td>\n<td>8 pk.\/\u00e7v.<\/td>\n<\/tr>\n<tr class=\"tr1\">\n<td>02120<\/td>\n<td>20 cm<\/td>\n<td>8 mm<\/td>\n<td>500 ad.\/koli<\/td>\n<td>10500 gr.\/pk.<\/td>\n<td>8 pk.\/\u00e7v.<\/td>\n<\/tr>\n<\/tbody>\n<\/table>\n<\/div>","protected":false},"excerpt":{"rendered":"<div class=\"col-md-9\">\n<div class=\"row\">\n<div class=\"col-md-8\">\n<p>Gaz beton d\u00f6\u015femeli y\u00fczeylerde, i\u00e7 ve d\u0131\u015f cephelerde yal\u0131t\u0131m malzemelerinin montaj i\u015fi i\u00e7in kullan\u0131lan bu seri d\u00fcbellerimiz, orijinal YYPE hammaddeden imal edilmi\u015ftir. Uygulama esnas\u0131nda t\u0131rnakl\u0131 k\u0131sm\u0131n tamamen gaz beton i\u00e7erisinde kalmas\u0131 \u00f6nerilir. Bu d\u00fcbel grubumuz ambalaj\u0131ndaki \u00e7ivisi ile montaj edilir.<\/p>\n<\/div>\n<\/div>\n<\/div>","protected":false},"featured_media":203,"comment_status":"closed","ping_status":"closed","template":"","meta":[],"product_cat":[21],"product_tag":[],"class_list":{"0":"post-202","1":"product","2":"type-product","3":"status-publish","4":"has-post-thumbnail","6":"product_cat-izolasyon-dubelleri","8":"first","9":"instock","10":"shipping-taxable","11":"product-type-simple"},"_links":{"self":[{"href":"https:\/\/www.cim.com.tr\/en\/wp-json\/wp\/v2\/product\/202","targetHints":{"allow":["GET"]}}],"collection":[{"href":"https:\/\/www.cim.com.tr\/en\/wp-json\/wp\/v2\/product"}],"about":[{"href":"https:\/\/www.cim.com.tr\/en\/wp-json\/wp\/v2\/types\/product"}],"replies":[{"embeddable":true,"href":"https:\/\/www.cim.com.tr\/en\/wp-json\/wp\/v2\/comments?post=202"}],"wp:featuredmedia":[{"embeddable":true,"href":"https:\/\/www.cim.com.tr\/en\/wp-json\/wp\/v2\/media\/203"}],"wp:attachment":[{"href":"https:\/\/www.cim.com.tr\/en\/wp-json\/wp\/v2\/media?parent=202"}],"wp:term":[{"taxonomy":"product_cat","embeddable":true,"href":"https:\/\/www.cim.com.tr\/en\/wp-json\/wp\/v2\/product_cat?post=202"},{"taxonomy":"product_tag","embeddable":true,"href":"https:\/\/www.cim.com.tr\/en\/wp-json\/wp\/v2\/product_tag?post=202"}],"curies":[{"name":"wp","href":"https:\/\/api.w.org\/{rel}","templated":true}]}}