{"id":200,"date":"2024-03-05T09:00:17","date_gmt":"2024-03-05T06:00:17","guid":{"rendered":"https:\/\/cim.com.tr\/?post_type=product&#038;p=200"},"modified":"2024-03-05T13:18:50","modified_gmt":"2024-03-05T10:18:50","slug":"izolasyon-dubelleri-civili-strapor-dubeli-polyamid-civili","status":"publish","type":"product","link":"https:\/\/www.cim.com.tr\/en\/product\/izolasyon-dubelleri-civili-strapor-dubeli-polyamid-civili\/","title":{"rendered":"\u0130zolasyon D\u00fcbelleri \/ \u00c7ivili Strapor D\u00fcbeli (Polyamid \u00c7ivili)"},"content":{"rendered":"<div style=\"overflow-x: auto;\">\n<table class=\"table table-borderless\">\n<thead>\n<tr style=\"background: #f7f7f8;\">\n<th><strong>Kod<\/strong><\/th>\n<th><strong>D\u00fcbel \u00d6l\u00e7\u00fcs\u00fc<\/strong><\/th>\n<th><strong>D\u00fcbel \u00c7ap\u0131<\/strong><\/th>\n<th><strong>Ambalaj \u015eekli<\/strong><\/th>\n<th><strong>Ambalaj A\u011f\u0131rl\u0131\u011f\u0131<\/strong><\/th>\n<th><strong>Sevk Ambalaj\u0131<\/strong><\/th>\n<\/tr>\n<\/thead>\n<tbody>\n<tr class=\"tr1\">\n<td>02010<\/td>\n<td>10 cm<\/td>\n<td>10 mm<\/td>\n<td>500 ad.\/pk.<\/td>\n<td>4200 gr.\/pk.<\/td>\n<td>8 pk.\/\u00e7v.<\/td>\n<\/tr>\n<tr class=\"tr2\">\n<td>02012<\/td>\n<td>12 cm<\/td>\n<td>10 mm<\/td>\n<td>500 ad.\/pk.<\/td>\n<td>6900 gr.\/pk.<\/td>\n<td>8 pk.\/\u00e7v.<\/td>\n<\/tr>\n<tr class=\"tr1\">\n<td>02015<\/td>\n<td>15 cm<\/td>\n<td>10 mm<\/td>\n<td>250 ad.\/pk.<\/td>\n<td>4000 gr.\/pk.<\/td>\n<td>8 pk.\/\u00e7v.<\/td>\n<\/tr>\n<\/tbody>\n<\/table>\n<\/div>","protected":false},"excerpt":{"rendered":"<p>\u0130\u00e7 ve d\u0131\u015f cephelerde yal\u0131t\u0131m malzemelerinin montaj i\u015fi i\u00e7in kullan\u0131lan bu d\u00fcbelimiz, orijinal YYPE hammaddeden imal edilmi\u015ftir. Delikli tu\u011fla veya blok beton d\u00f6\u015femeli y\u00fczeylerde g\u00fcvenle kullan\u0131lan bu d\u00fcbel grubumuz ambalaj\u0131ndaki kendi \u00e7ivisi ile birlikte duvara sabitlenir. \u00c7ivisi PA (P6\/66) hammaddeden \u00fcretilmektedir.<\/p>","protected":false},"featured_media":201,"comment_status":"closed","ping_status":"closed","template":"","meta":[],"product_cat":[21],"product_tag":[],"class_list":{"0":"post-200","1":"product","2":"type-product","3":"status-publish","4":"has-post-thumbnail","6":"product_cat-izolasyon-dubelleri","8":"first","9":"instock","10":"shipping-taxable","11":"product-type-simple"},"_links":{"self":[{"href":"https:\/\/www.cim.com.tr\/en\/wp-json\/wp\/v2\/product\/200","targetHints":{"allow":["GET"]}}],"collection":[{"href":"https:\/\/www.cim.com.tr\/en\/wp-json\/wp\/v2\/product"}],"about":[{"href":"https:\/\/www.cim.com.tr\/en\/wp-json\/wp\/v2\/types\/product"}],"replies":[{"embeddable":true,"href":"https:\/\/www.cim.com.tr\/en\/wp-json\/wp\/v2\/comments?post=200"}],"wp:featuredmedia":[{"embeddable":true,"href":"https:\/\/www.cim.com.tr\/en\/wp-json\/wp\/v2\/media\/201"}],"wp:attachment":[{"href":"https:\/\/www.cim.com.tr\/en\/wp-json\/wp\/v2\/media?parent=200"}],"wp:term":[{"taxonomy":"product_cat","embeddable":true,"href":"https:\/\/www.cim.com.tr\/en\/wp-json\/wp\/v2\/product_cat?post=200"},{"taxonomy":"product_tag","embeddable":true,"href":"https:\/\/www.cim.com.tr\/en\/wp-json\/wp\/v2\/product_tag?post=200"}],"curies":[{"name":"wp","href":"https:\/\/api.w.org\/{rel}","templated":true}]}}