{"id":194,"date":"2024-03-05T08:55:46","date_gmt":"2024-03-05T05:55:46","guid":{"rendered":"https:\/\/cim.com.tr\/?post_type=product&#038;p=194"},"modified":"2024-03-05T13:15:38","modified_gmt":"2024-03-05T10:15:38","slug":"plastik-dubeller-f-seri-plastik-dubel-asfalt-dubel","status":"publish","type":"product","link":"https:\/\/www.cim.com.tr\/en\/product\/plastik-dubeller-f-seri-plastik-dubel-asfalt-dubel\/","title":{"rendered":"Plastik D\u00fcbeller \/ F Seri Plastik D\u00fcbel (Asfalt D\u00fcbel)"},"content":{"rendered":"<div style=\"overflow-x: auto;\">\n<table class=\"table table-borderless\">\n<thead>\n<tr style=\"background: #f7f7f8;\">\n<th><strong>Kod<\/strong><\/th>\n<th><strong>\u00d6l\u00e7\u00fc<\/strong><\/th>\n<th><strong>Vida \u00c7ap\u0131<\/strong><\/th>\n<th><strong>Ambalaj \u015eekli<\/strong><\/th>\n<th><strong>Ambalaj A\u011f\u0131rl\u0131\u011f\u0131<\/strong><\/th>\n<th><strong>Sevk Ambalaj\u0131<\/strong><\/th>\n<\/tr>\n<\/thead>\n<tbody>\n<tr class=\"tr1\">\n<td>01700<\/td>\n<td>16&#215;90 mm<\/td>\n<td>10 mm flan\u015fl\u0131 trifon<\/td>\n<td>100 ad.\/pk.<\/td>\n<td>1250 gr.<\/td>\n<td>20 pk.\/\u00e7v.<\/td>\n<\/tr>\n<\/tbody>\n<\/table>\n<\/div>","protected":false},"excerpt":{"rendered":"<p>\u00dcr\u00fcnlerimiz hakk\u0131nda ayr\u0131nt\u0131l\u0131 bilgi almak i\u00e7in bizimle ileti\u015fime ge\u00e7iniz.<\/p>","protected":false},"featured_media":196,"comment_status":"closed","ping_status":"closed","template":"","meta":[],"product_cat":[20],"product_tag":[],"class_list":{"0":"post-194","1":"product","2":"type-product","3":"status-publish","4":"has-post-thumbnail","6":"product_cat-plastik-dubeller","8":"first","9":"instock","10":"shipping-taxable","11":"product-type-simple"},"_links":{"self":[{"href":"https:\/\/www.cim.com.tr\/en\/wp-json\/wp\/v2\/product\/194","targetHints":{"allow":["GET"]}}],"collection":[{"href":"https:\/\/www.cim.com.tr\/en\/wp-json\/wp\/v2\/product"}],"about":[{"href":"https:\/\/www.cim.com.tr\/en\/wp-json\/wp\/v2\/types\/product"}],"replies":[{"embeddable":true,"href":"https:\/\/www.cim.com.tr\/en\/wp-json\/wp\/v2\/comments?post=194"}],"wp:featuredmedia":[{"embeddable":true,"href":"https:\/\/www.cim.com.tr\/en\/wp-json\/wp\/v2\/media\/196"}],"wp:attachment":[{"href":"https:\/\/www.cim.com.tr\/en\/wp-json\/wp\/v2\/media?parent=194"}],"wp:term":[{"taxonomy":"product_cat","embeddable":true,"href":"https:\/\/www.cim.com.tr\/en\/wp-json\/wp\/v2\/product_cat?post=194"},{"taxonomy":"product_tag","embeddable":true,"href":"https:\/\/www.cim.com.tr\/en\/wp-json\/wp\/v2\/product_tag?post=194"}],"curies":[{"name":"wp","href":"https:\/\/api.w.org\/{rel}","templated":true}]}}