{"id":192,"date":"2024-03-05T08:56:17","date_gmt":"2024-03-05T05:56:17","guid":{"rendered":"https:\/\/cim.com.tr\/?post_type=product&#038;p=192"},"modified":"2024-03-05T13:15:11","modified_gmt":"2024-03-05T10:15:11","slug":"plastik-dubeller-e-seri-plastik-dubel-roket-dubel","status":"publish","type":"product","link":"https:\/\/www.cim.com.tr\/en\/product\/plastik-dubeller-e-seri-plastik-dubel-roket-dubel\/","title":{"rendered":"Plastik D\u00fcbeller \/ E Seri Plastik D\u00fcbel (Roket D\u00fcbel)"},"content":{"rendered":"<div style=\"overflow-x: auto;\">\n<table class=\"table table-borderless\">\n<thead>\n<tr style=\"background: #f7f7f8;\">\n<th><strong>Kod<\/strong><\/th>\n<th><strong>\u00d6l\u00e7\u00fc<\/strong><\/th>\n<th><strong>Vida \u00c7ap\u0131<\/strong><\/th>\n<th><strong>Ambalaj \u015eekli<\/strong><\/th>\n<th><strong>Ambalaj A\u011f\u0131rl\u0131\u011f\u0131<\/strong><\/th>\n<th><strong>Sevk Ambalaj\u0131<\/strong><\/th>\n<\/tr>\n<\/thead>\n<tbody>\n<tr class=\"tr1\">\n<td>01608<\/td>\n<td>8&#215;50 mm<\/td>\n<td>5 mm<\/td>\n<td>500 ad.\/pk.<\/td>\n<td>700 gr.<\/td>\n<td>25 pk.\/\u00e7v.<\/td>\n<\/tr>\n<tr class=\"tr2\">\n<td>01610<\/td>\n<td>10&#215;70 mm<\/td>\n<td>6 mm<\/td>\n<td>500 ad.\/pk.<\/td>\n<td>1200 gr.<\/td>\n<td>20 pk.\/\u00e7v.<\/td>\n<\/tr>\n<\/tbody>\n<\/table>\n<\/div>","protected":false},"excerpt":{"rendered":"<p>\u00dcr\u00fcnlerimiz hakk\u0131nda ayr\u0131nt\u0131l\u0131 bilgi almak i\u00e7in bizimle ileti\u015fime ge\u00e7iniz.<\/p>","protected":false},"featured_media":195,"comment_status":"closed","ping_status":"closed","template":"","meta":[],"product_cat":[20],"product_tag":[],"class_list":{"0":"post-192","1":"product","2":"type-product","3":"status-publish","4":"has-post-thumbnail","6":"product_cat-plastik-dubeller","8":"first","9":"instock","10":"shipping-taxable","11":"product-type-simple"},"_links":{"self":[{"href":"https:\/\/www.cim.com.tr\/en\/wp-json\/wp\/v2\/product\/192","targetHints":{"allow":["GET"]}}],"collection":[{"href":"https:\/\/www.cim.com.tr\/en\/wp-json\/wp\/v2\/product"}],"about":[{"href":"https:\/\/www.cim.com.tr\/en\/wp-json\/wp\/v2\/types\/product"}],"replies":[{"embeddable":true,"href":"https:\/\/www.cim.com.tr\/en\/wp-json\/wp\/v2\/comments?post=192"}],"wp:featuredmedia":[{"embeddable":true,"href":"https:\/\/www.cim.com.tr\/en\/wp-json\/wp\/v2\/media\/195"}],"wp:attachment":[{"href":"https:\/\/www.cim.com.tr\/en\/wp-json\/wp\/v2\/media?parent=192"}],"wp:term":[{"taxonomy":"product_cat","embeddable":true,"href":"https:\/\/www.cim.com.tr\/en\/wp-json\/wp\/v2\/product_cat?post=192"},{"taxonomy":"product_tag","embeddable":true,"href":"https:\/\/www.cim.com.tr\/en\/wp-json\/wp\/v2\/product_tag?post=192"}],"curies":[{"name":"wp","href":"https:\/\/api.w.org\/{rel}","templated":true}]}}