{"id":188,"date":"2024-02-12T12:30:59","date_gmt":"2024-02-12T09:30:59","guid":{"rendered":"https:\/\/cim.com.tr\/?post_type=product&#038;p=188"},"modified":"2024-02-12T17:43:06","modified_gmt":"2024-02-12T14:43:06","slug":"plastik-dubeller-vidali-alcipan-dubeli","status":"publish","type":"product","link":"https:\/\/www.cim.com.tr\/en\/product\/plastik-dubeller-vidali-alcipan-dubeli\/","title":{"rendered":"Plastik D\u00fcbeller \/ Vidal\u0131 Al\u00e7\u0131pan D\u00fcbeli"},"content":{"rendered":"<div style=\"overflow-x: auto;\">\n<table class=\"table table-borderless\">\n<thead>\n<tr style=\"background: #f7f7f8;\">\n<th><strong>Kod<\/strong><\/th>\n<th><strong>\u00d6l\u00e7\u00fc<\/strong><\/th>\n<th><strong>Vida \u00c7ap\u0131<\/strong><\/th>\n<th><strong>Ambalaj \u015eekli<\/strong><\/th>\n<th><strong>Ambalaj A\u011f\u0131rl\u0131\u011f\u0131<\/strong><\/th>\n<th><strong>Sevk Ambalaj\u0131<\/strong><\/th>\n<\/tr>\n<\/thead>\n<tbody>\n<tr class=\"tr1\">\n<td>01400<\/td>\n<td>12&#215;25 mm<\/td>\n<td>4 mm<\/td>\n<td>100 ad.\/pk.<\/td>\n<td>100 gr.<\/td>\n<td>170 pk.\/\u00e7v.<\/td>\n<\/tr>\n<\/tbody>\n<\/table>\n<\/div>","protected":false},"excerpt":{"rendered":"<p>Her \u00e7e\u015fit al\u00e7\u0131pan yap\u0131 malzemeleri montaj\u0131na uygunluk sa\u011flar. Hafif tip dolaplar, PVC korni\u015fler, elektrik d\u00fc\u011fmeleri, hafif tip avizeler, banyo ve mutfak aksesuarlar\u0131 montaj\u0131nda en iyi tutu\u015fu sa\u011flar. Kafa k\u0131sm\u0131ndaki vida giri\u015fi sayesinde montaj\u0131 son derece pratiktir.<\/p>","protected":false},"featured_media":189,"comment_status":"closed","ping_status":"closed","template":"","meta":[],"product_cat":[20],"product_tag":[],"class_list":{"0":"post-188","1":"product","2":"type-product","3":"status-publish","4":"has-post-thumbnail","6":"product_cat-plastik-dubeller","8":"first","9":"instock","10":"shipping-taxable","11":"product-type-simple"},"_links":{"self":[{"href":"https:\/\/www.cim.com.tr\/en\/wp-json\/wp\/v2\/product\/188","targetHints":{"allow":["GET"]}}],"collection":[{"href":"https:\/\/www.cim.com.tr\/en\/wp-json\/wp\/v2\/product"}],"about":[{"href":"https:\/\/www.cim.com.tr\/en\/wp-json\/wp\/v2\/types\/product"}],"replies":[{"embeddable":true,"href":"https:\/\/www.cim.com.tr\/en\/wp-json\/wp\/v2\/comments?post=188"}],"wp:featuredmedia":[{"embeddable":true,"href":"https:\/\/www.cim.com.tr\/en\/wp-json\/wp\/v2\/media\/189"}],"wp:attachment":[{"href":"https:\/\/www.cim.com.tr\/en\/wp-json\/wp\/v2\/media?parent=188"}],"wp:term":[{"taxonomy":"product_cat","embeddable":true,"href":"https:\/\/www.cim.com.tr\/en\/wp-json\/wp\/v2\/product_cat?post=188"},{"taxonomy":"product_tag","embeddable":true,"href":"https:\/\/www.cim.com.tr\/en\/wp-json\/wp\/v2\/product_tag?post=188"}],"curies":[{"name":"wp","href":"https:\/\/api.w.org\/{rel}","templated":true}]}}