{"id":183,"date":"2024-03-05T08:57:29","date_gmt":"2024-03-05T05:57:29","guid":{"rendered":"https:\/\/cim.com.tr\/?post_type=product&#038;p=183"},"modified":"2024-03-05T13:14:51","modified_gmt":"2024-03-05T10:14:51","slug":"plastik-dubeller-d-seri-plastik-dubel-cok-amacli-plastik-dubel","status":"publish","type":"product","link":"https:\/\/www.cim.com.tr\/en\/product\/plastik-dubeller-d-seri-plastik-dubel-cok-amacli-plastik-dubel\/","title":{"rendered":"Plastik D\u00fcbeller \/ D Seri Plastik D\u00fcbel (\u00c7ok Ama\u00e7l\u0131 Plastik D\u00fcbel)"},"content":{"rendered":"<div style=\"overflow-x: auto;\">\n<table class=\"table table-borderless\">\n<thead>\n<tr style=\"background: #f7f7f8;\">\n<th><strong>Kod<\/strong><\/th>\n<th><strong>\u00d6l\u00e7\u00fc<\/strong><\/th>\n<th><strong>Vida \u00c7ap\u0131<\/strong><\/th>\n<th><strong>Ambalaj \u015eekli<\/strong><\/th>\n<th><strong>Ambalaj A\u011f\u0131rl\u0131\u011f\u0131<\/strong><\/th>\n<th><strong>Sevk Ambalaj\u0131<\/strong><\/th>\n<\/tr>\n<\/thead>\n<tbody>\n<tr class=\"tr1\">\n<td>01308<\/td>\n<td>8&#215;50 mm<\/td>\n<td>5 mm<\/td>\n<td>150 ad.\/pk.<\/td>\n<td>285 gr.<\/td>\n<td>50 pk.\/koli<\/td>\n<\/tr>\n<tr class=\"tr2\">\n<td>01310<\/td>\n<td>10&#215;60 mm<\/td>\n<td>5-6 mm<\/td>\n<td>100 ad.\/pk.<\/td>\n<td>350 gr.<\/td>\n<td>50 pk.\/koli<\/td>\n<\/tr>\n<\/tbody>\n<\/table>\n<\/div>","protected":false},"excerpt":{"rendered":"<p>D seri plastik d\u00fcbellerimiz bo\u015fluklu tu\u011fla, bo\u015fluklu blok tu\u011fla, dolu tu\u011fla, beton ve al\u00e7\u0131pan levhalarda kullan\u0131lan bir d\u00fcbel \u00e7e\u015fididir. Banyo ve mutfak aksesuarlar\u0131, PVC s\u00fcp\u00fcrgelikler, avizeler, kablo kanallar\u0131, elektrik d\u00fc\u011fmeleri ve duvar aksesuarlar\u0131 montaj\u0131nda g\u00fcvenle kullan\u0131labilir. A\u011fa\u00e7 ve sunta vidalar\u0131 ile kullan\u0131l\u0131r. D\u00fcbel boyuna g\u00f6re vida boyu tespit edilir.<\/p>","protected":false},"featured_media":184,"comment_status":"closed","ping_status":"closed","template":"","meta":[],"product_cat":[20],"product_tag":[],"class_list":{"0":"post-183","1":"product","2":"type-product","3":"status-publish","4":"has-post-thumbnail","6":"product_cat-plastik-dubeller","8":"first","9":"instock","10":"shipping-taxable","11":"product-type-simple"},"_links":{"self":[{"href":"https:\/\/www.cim.com.tr\/en\/wp-json\/wp\/v2\/product\/183","targetHints":{"allow":["GET"]}}],"collection":[{"href":"https:\/\/www.cim.com.tr\/en\/wp-json\/wp\/v2\/product"}],"about":[{"href":"https:\/\/www.cim.com.tr\/en\/wp-json\/wp\/v2\/types\/product"}],"replies":[{"embeddable":true,"href":"https:\/\/www.cim.com.tr\/en\/wp-json\/wp\/v2\/comments?post=183"}],"wp:featuredmedia":[{"embeddable":true,"href":"https:\/\/www.cim.com.tr\/en\/wp-json\/wp\/v2\/media\/184"}],"wp:attachment":[{"href":"https:\/\/www.cim.com.tr\/en\/wp-json\/wp\/v2\/media?parent=183"}],"wp:term":[{"taxonomy":"product_cat","embeddable":true,"href":"https:\/\/www.cim.com.tr\/en\/wp-json\/wp\/v2\/product_cat?post=183"},{"taxonomy":"product_tag","embeddable":true,"href":"https:\/\/www.cim.com.tr\/en\/wp-json\/wp\/v2\/product_tag?post=183"}],"curies":[{"name":"wp","href":"https:\/\/api.w.org\/{rel}","templated":true}]}}