{"id":181,"date":"2024-03-05T08:58:14","date_gmt":"2024-03-05T05:58:14","guid":{"rendered":"https:\/\/cim.com.tr\/?post_type=product&#038;p=181"},"modified":"2024-03-05T13:14:32","modified_gmt":"2024-03-05T10:14:32","slug":"plastik-dubeller-c-seri-plastik-dubel-cok-amacli-plastik-dubel","status":"publish","type":"product","link":"https:\/\/www.cim.com.tr\/en\/product\/plastik-dubeller-c-seri-plastik-dubel-cok-amacli-plastik-dubel\/","title":{"rendered":"Plastik D\u00fcbeller \/ C Seri Plastik D\u00fcbel (\u00c7ok Ama\u00e7l\u0131 Plastik D\u00fcbel)"},"content":{"rendered":"<div style=\"overflow-x: auto;\">\n<table class=\"table table-borderless\">\n<thead>\n<tr style=\"background: #f7f7f8;\">\n<th><strong>Kod<\/strong><\/th>\n<th><strong>\u00d6l\u00e7\u00fc<\/strong><\/th>\n<th><strong>Vida \u00c7ap\u0131<\/strong><\/th>\n<th><strong>Ambalaj \u015eekli<\/strong><\/th>\n<th><strong>Ambalaj A\u011f\u0131rl\u0131\u011f\u0131<\/strong><\/th>\n<th><strong>Sevk Ambalaj\u0131<\/strong><\/th>\n<\/tr>\n<\/thead>\n<tbody>\n<tr class=\"tr1\">\n<td>01208<\/td>\n<td>8&#215;60 mm<\/td>\n<td>5 mm<\/td>\n<td>150 ad.\/pk.<\/td>\n<td>285 gr.<\/td>\n<td>50 pk.\/koli<\/td>\n<\/tr>\n<tr class=\"tr2\">\n<td>01209<\/td>\n<td>8&#215;100 mm<\/td>\n<td>5 mm<\/td>\n<td>100 ad.\/pk.<\/td>\n<td>300 gr.<\/td>\n<td>50 pk.\/koli<\/td>\n<\/tr>\n<tr class=\"tr1\">\n<td>01210<\/td>\n<td>10&#215;80 mm<\/td>\n<td>6 mm<\/td>\n<td>100 ad.\/pk.<\/td>\n<td>325 gr.<\/td>\n<td>50 pk.\/koli<\/td>\n<\/tr>\n<tr class=\"tr2\">\n<td>01211<\/td>\n<td>10&#215;120 mm<\/td>\n<td>6 mm<\/td>\n<td>100 ad.\/pk.<\/td>\n<td>456 gr.<\/td>\n<td>40 pk.\/koli<\/td>\n<\/tr>\n<\/tbody>\n<\/table>\n<\/div>","protected":false},"excerpt":{"rendered":"<p>C seri plastik d\u00fcbellerimiz genellikle br\u00fct beton y\u00fczeylerde en iyi sonucun al\u0131naca\u011f\u0131 d\u00fcbelimizdir. Bunun yan\u0131 s\u0131ra \u00a0Bo\u015fluklu yap\u0131 malzemelerinde de (Bo\u015fluklu tu\u011fla, Briket, Gaz beton \u00a0v.b.) kullan\u0131labilir. PVC, Plastik, Ah\u015fap, Metal, \u0130zolasyon malzemelerin montaj\u0131nda en y\u00fcksek verimin al\u0131naca\u011f\u0131 bir \u00fcr\u00fcn \u00e7e\u015fididir.<\/p>","protected":false},"featured_media":182,"comment_status":"closed","ping_status":"closed","template":"","meta":[],"product_cat":[20],"product_tag":[],"class_list":{"0":"post-181","1":"product","2":"type-product","3":"status-publish","4":"has-post-thumbnail","6":"product_cat-plastik-dubeller","8":"first","9":"instock","10":"shipping-taxable","11":"product-type-simple"},"_links":{"self":[{"href":"https:\/\/www.cim.com.tr\/en\/wp-json\/wp\/v2\/product\/181","targetHints":{"allow":["GET"]}}],"collection":[{"href":"https:\/\/www.cim.com.tr\/en\/wp-json\/wp\/v2\/product"}],"about":[{"href":"https:\/\/www.cim.com.tr\/en\/wp-json\/wp\/v2\/types\/product"}],"replies":[{"embeddable":true,"href":"https:\/\/www.cim.com.tr\/en\/wp-json\/wp\/v2\/comments?post=181"}],"wp:featuredmedia":[{"embeddable":true,"href":"https:\/\/www.cim.com.tr\/en\/wp-json\/wp\/v2\/media\/182"}],"wp:attachment":[{"href":"https:\/\/www.cim.com.tr\/en\/wp-json\/wp\/v2\/media?parent=181"}],"wp:term":[{"taxonomy":"product_cat","embeddable":true,"href":"https:\/\/www.cim.com.tr\/en\/wp-json\/wp\/v2\/product_cat?post=181"},{"taxonomy":"product_tag","embeddable":true,"href":"https:\/\/www.cim.com.tr\/en\/wp-json\/wp\/v2\/product_tag?post=181"}],"curies":[{"name":"wp","href":"https:\/\/api.w.org\/{rel}","templated":true}]}}