{"id":179,"date":"2024-03-05T08:59:56","date_gmt":"2024-03-05T05:59:56","guid":{"rendered":"https:\/\/cim.com.tr\/?post_type=product&#038;p=179"},"modified":"2024-03-05T13:14:18","modified_gmt":"2024-03-05T10:14:18","slug":"plastik-dubeller-b-seri-plastik-dubel-cok-amacli-plastik-dubel","status":"publish","type":"product","link":"https:\/\/www.cim.com.tr\/en\/product\/plastik-dubeller-b-seri-plastik-dubel-cok-amacli-plastik-dubel\/","title":{"rendered":"Plastik D\u00fcbeller \/ B Seri Plastik D\u00fcbel (\u00c7ok Ama\u00e7l\u0131 Plastik D\u00fcbel)"},"content":{"rendered":"<div style=\"overflow-x: auto;\">\n<table class=\"table table-borderless\">\n<thead>\n<tr style=\"background: #f7f7f8;\">\n<th><strong>Kod<\/strong><\/th>\n<th><strong>\u00d6l\u00e7\u00fc<\/strong><\/th>\n<th><strong>Vida \u00c7ap\u0131<\/strong><\/th>\n<th><strong>Ambalaj \u015eekli<\/strong><\/th>\n<th><strong>Ambalaj A\u011f\u0131rl\u0131\u011f\u0131<\/strong><\/th>\n<th><strong>Sevk Ambalaj\u0131<\/strong><\/th>\n<\/tr>\n<\/thead>\n<tbody>\n<tr class=\"tr1\">\n<td>01108<\/td>\n<td>8&#215;50 mm<\/td>\n<td>5 mm<\/td>\n<td>150 ad.\/pk.<\/td>\n<td>285 gr.<\/td>\n<td>50 pk.\/koli<\/td>\n<\/tr>\n<tr class=\"tr2\">\n<td>01110<\/td>\n<td>10&#215;60 mm<\/td>\n<td>6 mm<\/td>\n<td>100 ad.\/pk.<\/td>\n<td>325 gr.<\/td>\n<td>50 pk.\/koli<\/td>\n<\/tr>\n<\/tbody>\n<\/table>\n<\/div>","protected":false},"excerpt":{"rendered":"<p>B seri plastik d\u00fcbellerimizin kullan\u0131m alan\u0131 genellikle dolu yap\u0131 malzemelerinden bo\u015fluklu yap\u0131 malzemelerine (beton, y\u0131\u011fma tu\u011fla, gaz beton, bo\u015fluklu tu\u011fla, briket v.b.) kadar uzan\u0131r. D\u00f6rt kanat a\u00e7\u0131l\u0131m sayesinde, malzeme ile tam uyum sa\u011flar. Hafif dolaplar, PVC s\u00fcp\u00fcrgelikler, banyo aksesuarlar\u0131, boru kelep\u00e7eleri v.b. i\u015fler i\u00e7in uygun d\u00fcbel \u00e7e\u015fididir.<\/p>","protected":false},"featured_media":180,"comment_status":"closed","ping_status":"closed","template":"","meta":[],"product_cat":[20],"product_tag":[],"class_list":{"0":"post-179","1":"product","2":"type-product","3":"status-publish","4":"has-post-thumbnail","6":"product_cat-plastik-dubeller","8":"first","9":"instock","10":"shipping-taxable","11":"product-type-simple"},"_links":{"self":[{"href":"https:\/\/www.cim.com.tr\/en\/wp-json\/wp\/v2\/product\/179","targetHints":{"allow":["GET"]}}],"collection":[{"href":"https:\/\/www.cim.com.tr\/en\/wp-json\/wp\/v2\/product"}],"about":[{"href":"https:\/\/www.cim.com.tr\/en\/wp-json\/wp\/v2\/types\/product"}],"replies":[{"embeddable":true,"href":"https:\/\/www.cim.com.tr\/en\/wp-json\/wp\/v2\/comments?post=179"}],"wp:featuredmedia":[{"embeddable":true,"href":"https:\/\/www.cim.com.tr\/en\/wp-json\/wp\/v2\/media\/180"}],"wp:attachment":[{"href":"https:\/\/www.cim.com.tr\/en\/wp-json\/wp\/v2\/media?parent=179"}],"wp:term":[{"taxonomy":"product_cat","embeddable":true,"href":"https:\/\/www.cim.com.tr\/en\/wp-json\/wp\/v2\/product_cat?post=179"},{"taxonomy":"product_tag","embeddable":true,"href":"https:\/\/www.cim.com.tr\/en\/wp-json\/wp\/v2\/product_tag?post=179"}],"curies":[{"name":"wp","href":"https:\/\/api.w.org\/{rel}","templated":true}]}}