{"id":177,"date":"2024-03-05T09:00:55","date_gmt":"2024-03-05T06:00:55","guid":{"rendered":"https:\/\/cim.com.tr\/?post_type=product&#038;p=177"},"modified":"2024-03-05T13:13:58","modified_gmt":"2024-03-05T10:13:58","slug":"plastik-dubeller-a-seri-plastik-dubel-standart-plastik-dubel","status":"publish","type":"product","link":"https:\/\/www.cim.com.tr\/en\/product\/plastik-dubeller-a-seri-plastik-dubel-standart-plastik-dubel\/","title":{"rendered":"Plastik D\u00fcbeller \/ A Seri Plastik D\u00fcbel (Standart Plastik D\u00fcbel)"},"content":{"rendered":"<div style=\"overflow-x: auto;\">\n<table class=\"table table-borderless\">\n<thead>\n<tr style=\"background: #f7f7f8;\">\n<th><strong>Kod<\/strong><\/th>\n<th><strong>\u00d6l\u00e7\u00fc<\/strong><\/th>\n<th><strong>Vida \u00c7ap\u0131<\/strong><\/th>\n<th><strong>Ambalaj \u015eekli<\/strong><\/th>\n<th><strong>Ambalaj A\u011f\u0131rl\u0131\u011f\u0131<\/strong><\/th>\n<th><strong>Sevk Ambalaj\u0131<\/strong><\/th>\n<\/tr>\n<\/thead>\n<tbody>\n<tr class=\"tr1\">\n<td>06500<\/td>\n<td>6&#215;30 mm<\/td>\n<td>4 mm<\/td>\n<td>500 ad.\/pk.<\/td>\n<td>230 gr.<\/td>\n<td>75 pk.\/\u00e7v<\/td>\n<\/tr>\n<tr class=\"tr2\">\n<td>07050<\/td>\n<td>7&#215;35 mm<\/td>\n<td>4 mm<\/td>\n<td>500 ad.\/pk.<\/td>\n<td>425 gr.<\/td>\n<td>50 pk.\/\u00e7v.<\/td>\n<\/tr>\n<tr class=\"tr1\">\n<td>08050<\/td>\n<td>8&#215;40 mm<\/td>\n<td>5 mm<\/td>\n<td>500 ad.\/pk.<\/td>\n<td>575 gr.<\/td>\n<td>40 pk.\/\u00e7v.<\/td>\n<\/tr>\n<tr class=\"tr2\">\n<td>09050<\/td>\n<td>10&#215;45 mm<\/td>\n<td>5-6 mm<\/td>\n<td>500 ad.\/pk.<\/td>\n<td>925 gr.<\/td>\n<td>25 pk.\/\u00e7v.<\/td>\n<\/tr>\n<tr class=\"tr1\">\n<td>09125<\/td>\n<td>12&#215;60 mm<\/td>\n<td>6 mm<\/td>\n<td>250 ad.\/pk.<\/td>\n<td>980 gr.<\/td>\n<td>35 pk.\/\u00e7v.<\/td>\n<\/tr>\n<tr class=\"tr2\">\n<td>09140<\/td>\n<td>14&#215;75 mm<\/td>\n<td>Trifon Vida<\/td>\n<td>50 ad.\/pk.<\/td>\n<td>320 gr.<\/td>\n<td>50 pk.\/koli<\/td>\n<\/tr>\n<\/tbody>\n<\/table>\n<\/div>","protected":false},"excerpt":{"rendered":"<p>A seri plastik d\u00fcbellerimiz orijinal YYPE hammaddeden \u00fcretilmekte olup, k\u0131r\u0131lmalara kar\u015f\u0131 dayan\u0131kl\u0131d\u0131r. Emsallerine g\u00f6re boylar\u0131 daha uzun olup ta\u015f\u0131ma mukavemetleri art\u0131r\u0131lm\u0131\u015ft\u0131r. Yanlarda bulunan t\u0131rnaklar\u0131 sayesinde duvar i\u00e7i d\u00f6nmeleri asgariye indirilmi\u015ftir. \u0130stenilen renkte imalat\u0131 yap\u0131l\u0131r.<\/p>","protected":false},"featured_media":178,"comment_status":"closed","ping_status":"closed","template":"","meta":[],"product_cat":[20],"product_tag":[],"class_list":{"0":"post-177","1":"product","2":"type-product","3":"status-publish","4":"has-post-thumbnail","6":"product_cat-plastik-dubeller","8":"first","9":"instock","10":"shipping-taxable","11":"product-type-simple"},"_links":{"self":[{"href":"https:\/\/www.cim.com.tr\/en\/wp-json\/wp\/v2\/product\/177","targetHints":{"allow":["GET"]}}],"collection":[{"href":"https:\/\/www.cim.com.tr\/en\/wp-json\/wp\/v2\/product"}],"about":[{"href":"https:\/\/www.cim.com.tr\/en\/wp-json\/wp\/v2\/types\/product"}],"replies":[{"embeddable":true,"href":"https:\/\/www.cim.com.tr\/en\/wp-json\/wp\/v2\/comments?post=177"}],"wp:featuredmedia":[{"embeddable":true,"href":"https:\/\/www.cim.com.tr\/en\/wp-json\/wp\/v2\/media\/178"}],"wp:attachment":[{"href":"https:\/\/www.cim.com.tr\/en\/wp-json\/wp\/v2\/media?parent=177"}],"wp:term":[{"taxonomy":"product_cat","embeddable":true,"href":"https:\/\/www.cim.com.tr\/en\/wp-json\/wp\/v2\/product_cat?post=177"},{"taxonomy":"product_tag","embeddable":true,"href":"https:\/\/www.cim.com.tr\/en\/wp-json\/wp\/v2\/product_tag?post=177"}],"curies":[{"name":"wp","href":"https:\/\/api.w.org\/{rel}","templated":true}]}}