{"id":172,"date":"2024-02-12T11:57:20","date_gmt":"2024-02-12T08:57:20","guid":{"rendered":"https:\/\/cim.com.tr\/?post_type=product&#038;p=172"},"modified":"2024-02-12T17:31:08","modified_gmt":"2024-02-12T14:31:08","slug":"pvc-citalar-pvc-fuga-profili-fileli","status":"publish","type":"product","link":"https:\/\/www.cim.com.tr\/en\/product\/pvc-citalar-pvc-fuga-profili-fileli\/","title":{"rendered":"PVC \u00c7\u0131talar \/ PVC Fuga Profili Fileli"},"content":{"rendered":"<div class=\"woocommerce-tabs wc-tabs-wrapper\">\n<div id=\"tab-description\" class=\"woocommerce-Tabs-panel woocommerce-Tabs-panel--description panel entry-content wc-tab\" role=\"tabpanel\" aria-labelledby=\"tab-title-description\">\n<p>\u00dcr\u00fcnlerimiz hakk\u0131nda ayr\u0131nt\u0131l\u0131 bilgi almak i\u00e7in bizimle ileti\u015fime ge\u00e7iniz.<\/p>\n<\/div>\n<\/div>","protected":false},"excerpt":{"rendered":"<p>Standart 3,00mt. uzunlu\u011funda, PVC fuga profilidir.1,60 cm. derinli\u011finde 3 ve 5 cm. geni\u015fli\u011finde iki farkl\u0131 modelde, \u0131s\u0131 yal\u0131t\u0131m levhalar\u0131 \u00fczerinde uygulama s\u0131ras\u0131nda a\u00e7\u0131lm\u0131\u015f olan fuga b\u00f6l\u00fcmlerinde kullan\u0131l\u0131r. PVC profil \u00fczerine yap\u0131\u015ft\u0131r\u0131lm\u0131\u015f donat\u0131 filesi, i\u015f\u00e7ilik ve zamandan tasarruf edilmesini sa\u011flar ve i\u015f\u00e7ilik hatalar\u0131n\u0131 \u00f6nler.<\/p>\n<div class=\"attachements\">\n<h2><\/h2>\n<\/div>","protected":false},"featured_media":174,"comment_status":"closed","ping_status":"closed","template":"","meta":[],"product_cat":[19],"product_tag":[],"class_list":{"0":"post-172","1":"product","2":"type-product","3":"status-publish","4":"has-post-thumbnail","6":"product_cat-pvc-citalar","8":"first","9":"instock","10":"shipping-taxable","11":"product-type-simple"},"_links":{"self":[{"href":"https:\/\/www.cim.com.tr\/en\/wp-json\/wp\/v2\/product\/172","targetHints":{"allow":["GET"]}}],"collection":[{"href":"https:\/\/www.cim.com.tr\/en\/wp-json\/wp\/v2\/product"}],"about":[{"href":"https:\/\/www.cim.com.tr\/en\/wp-json\/wp\/v2\/types\/product"}],"replies":[{"embeddable":true,"href":"https:\/\/www.cim.com.tr\/en\/wp-json\/wp\/v2\/comments?post=172"}],"wp:featuredmedia":[{"embeddable":true,"href":"https:\/\/www.cim.com.tr\/en\/wp-json\/wp\/v2\/media\/174"}],"wp:attachment":[{"href":"https:\/\/www.cim.com.tr\/en\/wp-json\/wp\/v2\/media?parent=172"}],"wp:term":[{"taxonomy":"product_cat","embeddable":true,"href":"https:\/\/www.cim.com.tr\/en\/wp-json\/wp\/v2\/product_cat?post=172"},{"taxonomy":"product_tag","embeddable":true,"href":"https:\/\/www.cim.com.tr\/en\/wp-json\/wp\/v2\/product_tag?post=172"}],"curies":[{"name":"wp","href":"https:\/\/api.w.org\/{rel}","templated":true}]}}