{"id":170,"date":"2024-02-12T11:58:08","date_gmt":"2024-02-12T08:58:08","guid":{"rendered":"https:\/\/cim.com.tr\/?post_type=product&#038;p=170"},"modified":"2024-02-12T17:30:57","modified_gmt":"2024-02-12T14:30:57","slug":"pvc-citalar-fileli-alci-kose-profili","status":"publish","type":"product","link":"https:\/\/www.cim.com.tr\/en\/product\/pvc-citalar-fileli-alci-kose-profili\/","title":{"rendered":"PVC \u00c7\u0131talar \/ Fileli Al\u00e7\u0131 K\u00f6\u015fe Profili"},"content":{"rendered":"<div class=\"woocommerce-tabs wc-tabs-wrapper\">\n<div id=\"tab-description\" class=\"woocommerce-Tabs-panel woocommerce-Tabs-panel--description panel entry-content wc-tab\" role=\"tabpanel\" aria-labelledby=\"tab-title-description\">\n<div class=\"woocommerce-tabs wc-tabs-wrapper\">\n<div id=\"tab-description\" class=\"woocommerce-Tabs-panel woocommerce-Tabs-panel--description panel entry-content wc-tab\" role=\"tabpanel\" aria-labelledby=\"tab-title-description\">\n<p>\u00dcr\u00fcnlerimiz hakk\u0131nda ayr\u0131nt\u0131l\u0131 bilgi almak i\u00e7in bizimle ileti\u015fime ge\u00e7iniz.<\/p>\n<\/div>\n<\/div>\n<section class=\"related products\"><\/section>\n<\/div>\n<\/div>","protected":false},"excerpt":{"rendered":"<p>\u0130\u00e7 cephe duvarlarda, d\u0131\u015f k\u00f6\u015felerin her iki taraf\u0131na kullan\u0131lan fileli delikli k\u00f6\u015fe profilleri, file ba\u011flant\u0131lar\u0131 sayesinde al\u00e7\u0131, s\u0131va v.b. yap\u0131\u015ft\u0131r\u0131c\u0131lar kullan\u0131ld\u0131\u011f\u0131nda sa\u011flam bir tutu\u015f sa\u011flarlar. D\u0131\u015f k\u00f6\u015felere darbelere kar\u015f\u0131 dayan\u0131kl\u0131l\u0131k kazand\u0131r\u0131r. Ayn\u0131 zamanda d\u00fczg\u00fcn ve estetik bir g\u00f6r\u00fcn\u00fcm sa\u011flar. PVC\u2019den \u00fcretilen k\u00f6\u015fe profilleri 2,50mt. uzunlu\u011funda imal edilmektedir.<\/p>\n<div class=\"attachements\">\n<h2><\/h2>\n<\/div>","protected":false},"featured_media":171,"comment_status":"closed","ping_status":"closed","template":"","meta":[],"product_cat":[19],"product_tag":[],"class_list":{"0":"post-170","1":"product","2":"type-product","3":"status-publish","4":"has-post-thumbnail","6":"product_cat-pvc-citalar","8":"first","9":"instock","10":"shipping-taxable","11":"product-type-simple"},"_links":{"self":[{"href":"https:\/\/www.cim.com.tr\/en\/wp-json\/wp\/v2\/product\/170","targetHints":{"allow":["GET"]}}],"collection":[{"href":"https:\/\/www.cim.com.tr\/en\/wp-json\/wp\/v2\/product"}],"about":[{"href":"https:\/\/www.cim.com.tr\/en\/wp-json\/wp\/v2\/types\/product"}],"replies":[{"embeddable":true,"href":"https:\/\/www.cim.com.tr\/en\/wp-json\/wp\/v2\/comments?post=170"}],"wp:featuredmedia":[{"embeddable":true,"href":"https:\/\/www.cim.com.tr\/en\/wp-json\/wp\/v2\/media\/171"}],"wp:attachment":[{"href":"https:\/\/www.cim.com.tr\/en\/wp-json\/wp\/v2\/media?parent=170"}],"wp:term":[{"taxonomy":"product_cat","embeddable":true,"href":"https:\/\/www.cim.com.tr\/en\/wp-json\/wp\/v2\/product_cat?post=170"},{"taxonomy":"product_tag","embeddable":true,"href":"https:\/\/www.cim.com.tr\/en\/wp-json\/wp\/v2\/product_tag?post=170"}],"curies":[{"name":"wp","href":"https:\/\/api.w.org\/{rel}","templated":true}]}}