{"id":166,"date":"2024-02-12T12:00:41","date_gmt":"2024-02-12T09:00:41","guid":{"rendered":"https:\/\/cim.com.tr\/?post_type=product&#038;p=166"},"modified":"2024-02-12T17:30:27","modified_gmt":"2024-02-12T14:30:27","slug":"pvc-citalar-delikli-kose-profili-pvc","status":"publish","type":"product","link":"https:\/\/www.cim.com.tr\/en\/product\/pvc-citalar-delikli-kose-profili-pvc\/","title":{"rendered":"PVC \u00c7\u0131talar \/ Delikli K\u00f6\u015fe Profili PVC"},"content":{"rendered":"<p>\u00dcr\u00fcnlerimiz hakk\u0131nda ayr\u0131nt\u0131l\u0131 bilgi almak i\u00e7in bizimle ileti\u015fime ge\u00e7iniz.<\/p>","protected":false},"excerpt":{"rendered":"<p>\u0130\u00e7 cephe duvarlarda d\u0131\u015f k\u00f6\u015felerin her iki taraf\u0131na al\u00e7\u0131yla yap\u0131\u015ft\u0131r\u0131larak kullan\u0131lan al\u00e7\u0131 k\u00f6\u015fe profilleri, d\u0131\u015f k\u00f6\u015felerde darbelere kar\u015f\u0131 dayan\u0131kl\u0131l\u0131k kazand\u0131r\u0131r. Ayn\u0131 zamanda d\u00fczg\u00fcn ve estestik g\u00f6r\u00fcn\u00fcm sa\u011flar. Orjinal PVC\u2019den \u00fcretilen al\u00e7\u0131k\u00f6\u015fe profilleri 2.50mt. uzunlu\u011funda imal edilmektedir.<\/p>","protected":false},"featured_media":167,"comment_status":"closed","ping_status":"closed","template":"","meta":[],"product_cat":[19],"product_tag":[],"class_list":{"0":"post-166","1":"product","2":"type-product","3":"status-publish","4":"has-post-thumbnail","6":"product_cat-pvc-citalar","8":"first","9":"instock","10":"shipping-taxable","11":"product-type-simple"},"_links":{"self":[{"href":"https:\/\/www.cim.com.tr\/en\/wp-json\/wp\/v2\/product\/166","targetHints":{"allow":["GET"]}}],"collection":[{"href":"https:\/\/www.cim.com.tr\/en\/wp-json\/wp\/v2\/product"}],"about":[{"href":"https:\/\/www.cim.com.tr\/en\/wp-json\/wp\/v2\/types\/product"}],"replies":[{"embeddable":true,"href":"https:\/\/www.cim.com.tr\/en\/wp-json\/wp\/v2\/comments?post=166"}],"wp:featuredmedia":[{"embeddable":true,"href":"https:\/\/www.cim.com.tr\/en\/wp-json\/wp\/v2\/media\/167"}],"wp:attachment":[{"href":"https:\/\/www.cim.com.tr\/en\/wp-json\/wp\/v2\/media?parent=166"}],"wp:term":[{"taxonomy":"product_cat","embeddable":true,"href":"https:\/\/www.cim.com.tr\/en\/wp-json\/wp\/v2\/product_cat?post=166"},{"taxonomy":"product_tag","embeddable":true,"href":"https:\/\/www.cim.com.tr\/en\/wp-json\/wp\/v2\/product_tag?post=166"}],"curies":[{"name":"wp","href":"https:\/\/api.w.org\/{rel}","templated":true}]}}