{"id":164,"date":"2024-02-12T11:53:01","date_gmt":"2024-02-12T08:53:01","guid":{"rendered":"https:\/\/cim.com.tr\/?post_type=product&#038;p=164"},"modified":"2024-02-12T17:34:27","modified_gmt":"2024-02-12T14:34:27","slug":"pvc-citalar-ano-citasi","status":"publish","type":"product","link":"https:\/\/www.cim.com.tr\/en\/product\/pvc-citalar-ano-citasi\/","title":{"rendered":"PVC \u00c7\u0131talar \/ Ano \u00c7\u0131tas\u0131"},"content":{"rendered":"<div style=\"overflow-x: auto;\">\n<table class=\"table table-borderless\">\n<thead>\n<tr style=\"background: #f7f7f8;\">\n<th><strong>Kod<\/strong><\/th>\n<th><strong>\u00d6l\u00e7\u00fc (A)<\/strong><\/th>\n<th><strong>\u00d6l\u00e7\u00fc (B)<\/strong><\/th>\n<th><strong>Y\u00fckseklik<\/strong><\/th>\n<th><strong>Ambalaj<\/strong><\/th>\n<th><strong>Ambalaj A\u011f\u0131rl\u0131\u011f\u0131<\/strong><\/th>\n<th><strong>Sevk Ambalaj\u0131<\/strong><\/th>\n<\/tr>\n<\/thead>\n<tbody>\n<tr class=\"tr1\">\n<td>27060<\/td>\n<td>35 mm<\/td>\n<td>20 mm<\/td>\n<td>7 mm<\/td>\n<td>150 mt \/ ba\u011f<\/td>\n<td>18500 gr \/ ba\u011f<\/td>\n<td>1 ba\u011f<\/td>\n<\/tr>\n<\/tbody>\n<\/table>\n<\/div>","protected":false},"excerpt":{"rendered":"<p>S\u0131vay\u0131 mastara alarak s\u0131va i\u00e7indeki gerilmelerden olu\u015fan \u00e7atlaklar\u0131 \u00f6nler ve s\u0131va kal\u0131nl\u0131\u011f\u0131n\u0131 kontrol eder. Yap\u0131\u015ft\u0131rma s\u0131ras\u0131nda \u00e7\u0131talar ipine getirilerek teraziye al\u0131n\u0131r. D\u00fczg\u00fcn bir y\u00fczey elde etmek i\u00e7in ano \u00e7\u0131tas\u0131 kullan\u0131lmal\u0131d\u0131r. Kullan\u0131m mesafesi 150-200 cm. aral\u0131klar\u0131ndad\u0131r.<\/p>","protected":false},"featured_media":165,"comment_status":"closed","ping_status":"closed","template":"","meta":[],"product_cat":[19],"product_tag":[],"class_list":{"0":"post-164","1":"product","2":"type-product","3":"status-publish","4":"has-post-thumbnail","6":"product_cat-pvc-citalar","8":"first","9":"instock","10":"shipping-taxable","11":"product-type-simple"},"_links":{"self":[{"href":"https:\/\/www.cim.com.tr\/en\/wp-json\/wp\/v2\/product\/164","targetHints":{"allow":["GET"]}}],"collection":[{"href":"https:\/\/www.cim.com.tr\/en\/wp-json\/wp\/v2\/product"}],"about":[{"href":"https:\/\/www.cim.com.tr\/en\/wp-json\/wp\/v2\/types\/product"}],"replies":[{"embeddable":true,"href":"https:\/\/www.cim.com.tr\/en\/wp-json\/wp\/v2\/comments?post=164"}],"wp:featuredmedia":[{"embeddable":true,"href":"https:\/\/www.cim.com.tr\/en\/wp-json\/wp\/v2\/media\/165"}],"wp:attachment":[{"href":"https:\/\/www.cim.com.tr\/en\/wp-json\/wp\/v2\/media?parent=164"}],"wp:term":[{"taxonomy":"product_cat","embeddable":true,"href":"https:\/\/www.cim.com.tr\/en\/wp-json\/wp\/v2\/product_cat?post=164"},{"taxonomy":"product_tag","embeddable":true,"href":"https:\/\/www.cim.com.tr\/en\/wp-json\/wp\/v2\/product_tag?post=164"}],"curies":[{"name":"wp","href":"https:\/\/api.w.org\/{rel}","templated":true}]}}