{"id":162,"date":"2024-02-12T11:54:28","date_gmt":"2024-02-12T08:54:28","guid":{"rendered":"https:\/\/cim.com.tr\/?post_type=product&#038;p=162"},"modified":"2024-02-12T17:33:55","modified_gmt":"2024-02-12T14:33:55","slug":"pvc-citalar-t-profil-orjinal-pvc","status":"publish","type":"product","link":"https:\/\/www.cim.com.tr\/en\/product\/pvc-citalar-t-profil-orjinal-pvc\/","title":{"rendered":"PVC \u00c7\u0131talar \/ T Profil (Orjinal PVC)"},"content":{"rendered":"<div style=\"overflow-x: auto;\">\n<table class=\"table table-borderless\">\n<thead>\n<tr style=\"background: #f7f7f8;\">\n<th><strong>Kod<\/strong><\/th>\n<th><strong>\u00d6l\u00e7\u00fc (A)<\/strong><\/th>\n<th><strong>Y\u00fckseklik<\/strong><\/th>\n<th><strong>Ambalaj \u015eekli<\/strong><\/th>\n<th><strong>Ambalaj A\u011f\u0131rl\u0131\u011f\u0131<\/strong><\/th>\n<th><strong>Sevk Ambalaj\u0131<\/strong><\/th>\n<\/tr>\n<\/thead>\n<tbody>\n<tr class=\"tr1\">\n<td>27225<\/td>\n<td>15 mm<\/td>\n<td>15 mm<\/td>\n<td>150 mt.\/ba\u011f<\/td>\n<td>11100 gr.\/ba\u011f<\/td>\n<td>1 ba\u011f<\/td>\n<\/tr>\n<\/tbody>\n<\/table>\n<\/div>","protected":false},"excerpt":{"rendered":"<p>Plywood sistemli kal\u0131plarda ek yerleri kapat\u0131r ve beton s\u0131zmas\u0131n\u0131 \u00f6nler. Kal\u0131p s\u00f6k\u00fcld\u00fc\u011f\u00fcnde eklerin g\u00fczel g\u00f6r\u00fcnmesini sa\u011flar. Sert PVC\u2019den imal edilmi\u015ftir.3 metre standart boyda \u00fcretilir. \u00d6zel boy sipari\u015fleri de \u00fcretilmektedir.<\/p>","protected":false},"featured_media":163,"comment_status":"closed","ping_status":"closed","template":"","meta":[],"product_cat":[19],"product_tag":[],"class_list":{"0":"post-162","1":"product","2":"type-product","3":"status-publish","4":"has-post-thumbnail","6":"product_cat-pvc-citalar","8":"first","9":"instock","10":"shipping-taxable","11":"product-type-simple"},"_links":{"self":[{"href":"https:\/\/www.cim.com.tr\/en\/wp-json\/wp\/v2\/product\/162","targetHints":{"allow":["GET"]}}],"collection":[{"href":"https:\/\/www.cim.com.tr\/en\/wp-json\/wp\/v2\/product"}],"about":[{"href":"https:\/\/www.cim.com.tr\/en\/wp-json\/wp\/v2\/types\/product"}],"replies":[{"embeddable":true,"href":"https:\/\/www.cim.com.tr\/en\/wp-json\/wp\/v2\/comments?post=162"}],"wp:featuredmedia":[{"embeddable":true,"href":"https:\/\/www.cim.com.tr\/en\/wp-json\/wp\/v2\/media\/163"}],"wp:attachment":[{"href":"https:\/\/www.cim.com.tr\/en\/wp-json\/wp\/v2\/media?parent=162"}],"wp:term":[{"taxonomy":"product_cat","embeddable":true,"href":"https:\/\/www.cim.com.tr\/en\/wp-json\/wp\/v2\/product_cat?post=162"},{"taxonomy":"product_tag","embeddable":true,"href":"https:\/\/www.cim.com.tr\/en\/wp-json\/wp\/v2\/product_tag?post=162"}],"curies":[{"name":"wp","href":"https:\/\/api.w.org\/{rel}","templated":true}]}}