{"id":158,"date":"2024-03-05T08:58:15","date_gmt":"2024-03-05T05:58:15","guid":{"rendered":"https:\/\/cim.com.tr\/?post_type=product&#038;p=158"},"modified":"2024-03-05T13:09:24","modified_gmt":"2024-03-05T10:09:24","slug":"pvc-citalar-fuga-citasi-beyaz-pvc","status":"publish","type":"product","link":"https:\/\/www.cim.com.tr\/en\/product\/pvc-citalar-fuga-citasi-beyaz-pvc\/","title":{"rendered":"PVC \u00c7\u0131talar \/ Fuga \u00c7\u0131tas\u0131 (Beyaz PVC)"},"content":{"rendered":"<div style=\"overflow-x: auto;\">\n<table class=\"table table-borderless\">\n<thead>\n<tr style=\"background: #f7f7f8;\">\n<th><strong>Kod<\/strong><\/th>\n<th><strong>\u00d6l\u00e7\u00fc (A)<\/strong><\/th>\n<th><strong>\u00d6l\u00e7\u00fc (B)<\/strong><\/th>\n<th><strong>Y\u00fckseklik<\/strong><\/th>\n<th><strong>Ambalaj \u015eekli<\/strong><\/th>\n<th><strong>Ambalaj A\u011f\u0131rl\u0131\u011f\u0131<\/strong><\/th>\n<th><strong>Sevk Ambalaj\u0131<\/strong><\/th>\n<\/tr>\n<\/thead>\n<tbody>\n<tr class=\"tr1\">\n<td>27040<\/td>\n<td>25 mm<\/td>\n<td>15 mm<\/td>\n<td>15 mm<\/td>\n<td>150 mt.\/ba\u011f<\/td>\n<td>19600 gr.\/ba\u011f<\/td>\n<td>1 ba\u011f<\/td>\n<\/tr>\n<tr class=\"tr2\">\n<td>27041<\/td>\n<td>50 mm<\/td>\n<td>20 mm<\/td>\n<td>20 mm<\/td>\n<td>75 mt.\/ba\u011f<\/td>\n<td>15500 gr.\/ba\u011f<\/td>\n<td>1 ba\u011f<\/td>\n<\/tr>\n<\/tbody>\n<\/table>\n<\/div>","protected":false},"excerpt":{"rendered":"<p>Derz bo\u015flu\u011fu sa\u011flamak i\u00e7in betonarme yap\u0131larda kullan\u0131lan bir \u00fcr\u00fcn \u00e7e\u015fididir. Orjinal PVC\u2019den mamul olup darbelere kar\u015f\u0131 dayan\u0131kl\u0131 olarak imal edilmi\u015ftir.<\/p>","protected":false},"featured_media":159,"comment_status":"closed","ping_status":"closed","template":"","meta":[],"product_cat":[19],"product_tag":[],"class_list":{"0":"post-158","1":"product","2":"type-product","3":"status-publish","4":"has-post-thumbnail","6":"product_cat-pvc-citalar","8":"first","9":"instock","10":"shipping-taxable","11":"product-type-simple"},"_links":{"self":[{"href":"https:\/\/www.cim.com.tr\/en\/wp-json\/wp\/v2\/product\/158","targetHints":{"allow":["GET"]}}],"collection":[{"href":"https:\/\/www.cim.com.tr\/en\/wp-json\/wp\/v2\/product"}],"about":[{"href":"https:\/\/www.cim.com.tr\/en\/wp-json\/wp\/v2\/types\/product"}],"replies":[{"embeddable":true,"href":"https:\/\/www.cim.com.tr\/en\/wp-json\/wp\/v2\/comments?post=158"}],"wp:featuredmedia":[{"embeddable":true,"href":"https:\/\/www.cim.com.tr\/en\/wp-json\/wp\/v2\/media\/159"}],"wp:attachment":[{"href":"https:\/\/www.cim.com.tr\/en\/wp-json\/wp\/v2\/media?parent=158"}],"wp:term":[{"taxonomy":"product_cat","embeddable":true,"href":"https:\/\/www.cim.com.tr\/en\/wp-json\/wp\/v2\/product_cat?post=158"},{"taxonomy":"product_tag","embeddable":true,"href":"https:\/\/www.cim.com.tr\/en\/wp-json\/wp\/v2\/product_tag?post=158"}],"curies":[{"name":"wp","href":"https:\/\/api.w.org\/{rel}","templated":true}]}}