{"id":156,"date":"2024-03-05T08:59:31","date_gmt":"2024-03-05T05:59:31","guid":{"rendered":"https:\/\/cim.com.tr\/?post_type=product&#038;p=156"},"modified":"2024-03-05T13:07:38","modified_gmt":"2024-03-05T10:07:38","slug":"pvc-citalar-pah-citalari-kulakli-ve-kulaksiz-renkli-pvc","status":"publish","type":"product","link":"https:\/\/www.cim.com.tr\/en\/product\/pvc-citalar-pah-citalari-kulakli-ve-kulaksiz-renkli-pvc\/","title":{"rendered":"PVC \u00c7\u0131talar \/ Pah \u00c7\u0131talar\u0131 \/ Kulakl\u0131 Ve Kulaks\u0131z (Renkli PVC)"},"content":{"rendered":"<div style=\"overflow-x: auto;\">\n<table class=\"table table-borderless\">\n<thead>\n<tr style=\"background: #f7f7f8;\">\n<th><strong>Kod<\/strong><\/th>\n<th><strong>\u00d6l\u00e7\u00fc<\/strong><\/th>\n<th><strong>Tip<\/strong><\/th>\n<th><strong>Ambalaj \u015eekli<\/strong><\/th>\n<th><strong>Ambalaj A\u011f\u0131rl\u0131\u011f\u0131<\/strong><\/th>\n<th><strong>Sevk Ambalaj\u0131<\/strong><\/th>\n<\/tr>\n<\/thead>\n<tbody>\n<tr class=\"tr1\">\n<td>27020\/A<\/td>\n<td>20 mm<\/td>\n<td>KULAKSIZ<\/td>\n<td>150 mt.\/ba\u011f<\/td>\n<td>10200 gr.\/ba\u011f<\/td>\n<td>1 ba\u011f<\/td>\n<\/tr>\n<tr class=\"tr2\">\n<td>27021\/A<\/td>\n<td>20 mm<\/td>\n<td>KULAKLI<\/td>\n<td>150 mt.\/ba\u011f<\/td>\n<td>11000 gr.\/ba\u011f<\/td>\n<td>1 ba\u011f<\/td>\n<\/tr>\n<tr class=\"tr1\">\n<td>27030\/A<\/td>\n<td>30 mm<\/td>\n<td>KULAKSIZ<\/td>\n<td>150 mt.\/ba\u011f<\/td>\n<td>13000 gr.\/ba\u011f<\/td>\n<td>1 ba\u011f<\/td>\n<\/tr>\n<tr class=\"tr2\">\n<td>27031\/A<\/td>\n<td>30 mm<\/td>\n<td>KULAKLI<\/td>\n<td>150 mt.\/ba\u011f<\/td>\n<td>15000 gr.\/ba\u011f<\/td>\n<td>1 ba\u011f<\/td>\n<\/tr>\n<tr class=\"tr1\">\n<td>27034\/A<\/td>\n<td>50 mm<\/td>\n<td>KULAKSIZ<\/td>\n<td>75 mt.\/ba\u011f<\/td>\n<td>12000 gr.\/ba\u011f<\/td>\n<td>1 ba\u011f<\/td>\n<\/tr>\n<tr class=\"tr2\">\n<td>27035\/A<\/td>\n<td>50 mm<\/td>\n<td>KULAKLI<\/td>\n<td>75 mt.\/ba\u011f<\/td>\n<td>14000 gr.\/ba\u011f<\/td>\n<td>1 ba\u011f<\/td>\n<\/tr>\n<\/tbody>\n<\/table>\n<\/div>","protected":false},"excerpt":{"rendered":"<p>Kolon ve kiri\u015f k\u00f6\u015felerine pah vermek i\u00e7in kullan\u0131lan bu \u00fcr\u00fcn\u00fcm\u00fcz, geri d\u00f6n\u00fc\u015f\u00fcm PVC\u2019den imal edilmektedir. Kulakl\u0131 \u00a0ve\u00a0 kulaks\u0131z olarak de\u011fi\u015fik iki \u00e7e\u015fitte \u00fcretilmektedir.<\/p>","protected":false},"featured_media":157,"comment_status":"closed","ping_status":"closed","template":"","meta":[],"product_cat":[19],"product_tag":[],"class_list":{"0":"post-156","1":"product","2":"type-product","3":"status-publish","4":"has-post-thumbnail","6":"product_cat-pvc-citalar","8":"first","9":"instock","10":"shipping-taxable","11":"product-type-simple"},"_links":{"self":[{"href":"https:\/\/www.cim.com.tr\/en\/wp-json\/wp\/v2\/product\/156","targetHints":{"allow":["GET"]}}],"collection":[{"href":"https:\/\/www.cim.com.tr\/en\/wp-json\/wp\/v2\/product"}],"about":[{"href":"https:\/\/www.cim.com.tr\/en\/wp-json\/wp\/v2\/types\/product"}],"replies":[{"embeddable":true,"href":"https:\/\/www.cim.com.tr\/en\/wp-json\/wp\/v2\/comments?post=156"}],"wp:featuredmedia":[{"embeddable":true,"href":"https:\/\/www.cim.com.tr\/en\/wp-json\/wp\/v2\/media\/157"}],"wp:attachment":[{"href":"https:\/\/www.cim.com.tr\/en\/wp-json\/wp\/v2\/media?parent=156"}],"wp:term":[{"taxonomy":"product_cat","embeddable":true,"href":"https:\/\/www.cim.com.tr\/en\/wp-json\/wp\/v2\/product_cat?post=156"},{"taxonomy":"product_tag","embeddable":true,"href":"https:\/\/www.cim.com.tr\/en\/wp-json\/wp\/v2\/product_tag?post=156"}],"curies":[{"name":"wp","href":"https:\/\/api.w.org\/{rel}","templated":true}]}}