{"id":152,"date":"2024-03-05T09:00:31","date_gmt":"2024-03-05T06:00:31","guid":{"rendered":"https:\/\/cim.com.tr\/?post_type=product&#038;p=152"},"modified":"2024-03-05T13:06:50","modified_gmt":"2024-03-05T10:06:50","slug":"pvc-citalar-pah-citalari-kulakli-ve-kulaksiz-orjinal-pvc","status":"publish","type":"product","link":"https:\/\/www.cim.com.tr\/en\/product\/pvc-citalar-pah-citalari-kulakli-ve-kulaksiz-orjinal-pvc\/","title":{"rendered":"PVC \u00c7\u0131talar \/ Pah \u00c7\u0131talar\u0131 \/ Kulakl\u0131 Ve Kulaks\u0131z (Orjinal PVC)"},"content":{"rendered":"<div style=\"overflow-x: auto;\">\n<table class=\"table table-borderless\">\n<thead>\n<tr style=\"background: #f7f7f8;\">\n<th><strong>Kod<\/strong><\/th>\n<th><strong>\u00d6l\u00e7\u00fc<\/strong><\/th>\n<th><strong>Tip<\/strong><\/th>\n<th><strong>Ambalaj \u015eekli<\/strong><\/th>\n<th><strong>Ambalaj A\u011f\u0131rl\u0131\u011f\u0131<\/strong><\/th>\n<th><strong>Sevk Ambalaj\u0131<\/strong><\/th>\n<\/tr>\n<\/thead>\n<tbody>\n<tr class=\"tr1\">\n<td>27020<\/td>\n<td>20 mm<\/td>\n<td>KULAKSIZ<\/td>\n<td>150 mt.\/ba\u011f<\/td>\n<td>12000 gr.\/ba\u011f<\/td>\n<td>1 ba\u011f<\/td>\n<\/tr>\n<tr class=\"tr2\">\n<td>27021<\/td>\n<td>20 mm<\/td>\n<td>KULAKLI<\/td>\n<td>150 mt.\/ba\u011f<\/td>\n<td>14000 gr.\/ba\u011f<\/td>\n<td>1 ba\u011f<\/td>\n<\/tr>\n<tr class=\"tr1\">\n<td>27030<\/td>\n<td>30 mm<\/td>\n<td>KULAKSIZ<\/td>\n<td>150 mt.\/ba\u011f<\/td>\n<td>17500 gr.\/ba\u011f<\/td>\n<td>1 ba\u011f<\/td>\n<\/tr>\n<tr class=\"tr2\">\n<td>27031<\/td>\n<td>30 mm<\/td>\n<td>KULAKLI<\/td>\n<td>150 mt.\/ba\u011f<\/td>\n<td>19000 gr.\/ba\u011f<\/td>\n<td>1 ba\u011f<\/td>\n<\/tr>\n<tr class=\"tr1\">\n<td>27034<\/td>\n<td>50 mm<\/td>\n<td>KULAKSIZ<\/td>\n<td>75 mt.\/ba\u011f<\/td>\n<td>13000 gr.\/ba\u011f<\/td>\n<td>1 ba\u011f<\/td>\n<\/tr>\n<tr class=\"tr2\">\n<td>27035<\/td>\n<td>50 mm<\/td>\n<td>KULAKLI<\/td>\n<td>75 mt.\/ba\u011f<\/td>\n<td>15000 gr.\/ba\u011f<\/td>\n<td>1 ba\u011f<\/td>\n<\/tr>\n<\/tbody>\n<\/table>\n<\/div>","protected":false},"excerpt":{"rendered":"<p>Kolon ve kiri\u015f k\u00f6\u015felerine pah vermek i\u00e7in kullan\u0131lan bu \u00fcr\u00fcn\u00fcm\u00fcz, orijinal PVC\u2019den mamul olup, darbelere dayan\u0131kl\u0131d\u0131r. Kulakl\u0131 ve kulaks\u0131z olarak de\u011fi\u015fik iki \u00e7e\u015fitte imal edilmektedir. Bir\u00e7ok kez kullanma imkan\u0131 vard\u0131r.<\/p>","protected":false},"featured_media":155,"comment_status":"closed","ping_status":"closed","template":"","meta":[],"product_cat":[19],"product_tag":[],"class_list":{"0":"post-152","1":"product","2":"type-product","3":"status-publish","4":"has-post-thumbnail","6":"product_cat-pvc-citalar","8":"first","9":"instock","10":"shipping-taxable","11":"product-type-simple"},"_links":{"self":[{"href":"https:\/\/www.cim.com.tr\/en\/wp-json\/wp\/v2\/product\/152","targetHints":{"allow":["GET"]}}],"collection":[{"href":"https:\/\/www.cim.com.tr\/en\/wp-json\/wp\/v2\/product"}],"about":[{"href":"https:\/\/www.cim.com.tr\/en\/wp-json\/wp\/v2\/types\/product"}],"replies":[{"embeddable":true,"href":"https:\/\/www.cim.com.tr\/en\/wp-json\/wp\/v2\/comments?post=152"}],"wp:featuredmedia":[{"embeddable":true,"href":"https:\/\/www.cim.com.tr\/en\/wp-json\/wp\/v2\/media\/155"}],"wp:attachment":[{"href":"https:\/\/www.cim.com.tr\/en\/wp-json\/wp\/v2\/media?parent=152"}],"wp:term":[{"taxonomy":"product_cat","embeddable":true,"href":"https:\/\/www.cim.com.tr\/en\/wp-json\/wp\/v2\/product_cat?post=152"},{"taxonomy":"product_tag","embeddable":true,"href":"https:\/\/www.cim.com.tr\/en\/wp-json\/wp\/v2\/product_tag?post=152"}],"curies":[{"name":"wp","href":"https:\/\/api.w.org\/{rel}","templated":true}]}}