{"id":150,"date":"2024-03-05T09:55:07","date_gmt":"2024-03-05T06:55:07","guid":{"rendered":"https:\/\/cim.com.tr\/?post_type=product&#038;p=150"},"modified":"2024-03-05T11:48:36","modified_gmt":"2024-03-05T08:48:36","slug":"tij-rot-boru-ve-basliklar-tapali-tip-boru-basligi","status":"publish","type":"product","link":"https:\/\/www.cim.com.tr\/en\/product\/tij-rot-boru-ve-basliklar-tapali-tip-boru-basligi\/","title":{"rendered":"Tij-Rot Boru ve Ba\u015fl\u0131klar \/ Tapal\u0131 Tip Boru Ba\u015fl\u0131\u011f\u0131"},"content":{"rendered":"<div style=\"overflow-x: auto;\">\n<table class=\"table table-borderless\">\n<thead>\n<tr style=\"background: #f7f7f8;\">\n<th><strong>Kod<\/strong><\/th>\n<th><strong>\u0130\u00e7 \u00c7ap<\/strong><\/th>\n<th><strong>D\u0131\u015f \u00c7ap<\/strong><\/th>\n<th><strong>Ambalaj \u015eekli<\/strong><\/th>\n<th><strong>Ambalaj A\u011f\u0131rl\u0131\u011f\u0131<\/strong><\/th>\n<th><strong>Sevk Ambalaj\u0131<\/strong><\/th>\n<\/tr>\n<\/thead>\n<tbody>\n<tr class=\"tr1\">\n<td>16122<\/td>\n<td>22 mm<\/td>\n<td>19 mm<\/td>\n<td>1000 ad.\/pk.<\/td>\n<td>7100 gr.\/pk.<\/td>\n<td>15 pk.\/haral<\/td>\n<\/tr>\n<\/tbody>\n<\/table>\n<\/div>","protected":false},"excerpt":{"rendered":"<p>Saplama k\u0131l\u0131f borusunun i\u00e7erisine beton \u015ferbeti s\u0131zmalar\u0131n\u0131 \u00f6nleme amac\u0131 ile kullan\u0131l\u0131r. Ba\u015fl\u0131\u011f\u0131n ayr\u0131ca i\u015fin bitiminde deli\u011fini kapatan \u00f6zel tapas\u0131 bulunmaktad\u0131r.<\/p>","protected":false},"featured_media":151,"comment_status":"closed","ping_status":"closed","template":"","meta":[],"product_cat":[18],"product_tag":[],"class_list":{"0":"post-150","1":"product","2":"type-product","3":"status-publish","4":"has-post-thumbnail","6":"product_cat-tij-rot-boru-ve-basliklar","8":"first","9":"instock","10":"shipping-taxable","11":"product-type-simple"},"_links":{"self":[{"href":"https:\/\/www.cim.com.tr\/en\/wp-json\/wp\/v2\/product\/150","targetHints":{"allow":["GET"]}}],"collection":[{"href":"https:\/\/www.cim.com.tr\/en\/wp-json\/wp\/v2\/product"}],"about":[{"href":"https:\/\/www.cim.com.tr\/en\/wp-json\/wp\/v2\/types\/product"}],"replies":[{"embeddable":true,"href":"https:\/\/www.cim.com.tr\/en\/wp-json\/wp\/v2\/comments?post=150"}],"wp:featuredmedia":[{"embeddable":true,"href":"https:\/\/www.cim.com.tr\/en\/wp-json\/wp\/v2\/media\/151"}],"wp:attachment":[{"href":"https:\/\/www.cim.com.tr\/en\/wp-json\/wp\/v2\/media?parent=150"}],"wp:term":[{"taxonomy":"product_cat","embeddable":true,"href":"https:\/\/www.cim.com.tr\/en\/wp-json\/wp\/v2\/product_cat?post=150"},{"taxonomy":"product_tag","embeddable":true,"href":"https:\/\/www.cim.com.tr\/en\/wp-json\/wp\/v2\/product_tag?post=150"}],"curies":[{"name":"wp","href":"https:\/\/api.w.org\/{rel}","templated":true}]}}