{"id":148,"date":"2024-03-05T09:54:08","date_gmt":"2024-03-05T06:54:08","guid":{"rendered":"https:\/\/cim.com.tr\/?post_type=product&#038;p=148"},"modified":"2024-03-05T11:49:02","modified_gmt":"2024-03-05T08:49:02","slug":"tij-rot-boru-ve-basliklar-reduksiyon-su-tutucu-baslik","status":"publish","type":"product","link":"https:\/\/www.cim.com.tr\/en\/product\/tij-rot-boru-ve-basliklar-reduksiyon-su-tutucu-baslik\/","title":{"rendered":"Tij-Rot Boru ve Ba\u015fl\u0131klar \/ Red\u00fcksiyon Su Tutucu Ba\u015fl\u0131k"},"content":{"rendered":"<div style=\"overflow-x: auto;\">\n<table class=\"table table-borderless\">\n<thead>\n<tr style=\"background: #f7f7f8;\">\n<th><strong>Kod<\/strong><\/th>\n<th><strong>\u00d6l\u00e7\u00fc (A)<\/strong><\/th>\n<th><strong>\u00d6l\u00e7\u00fc (B)<\/strong><\/th>\n<th><strong>Ambalaj \u015eekli<\/strong><\/th>\n<th><strong>Ambalaj A\u011f\u0131rl\u0131\u011f\u0131<\/strong><\/th>\n<th><strong>Sevk Ambalaj\u0131<\/strong><\/th>\n<\/tr>\n<\/thead>\n<tbody>\n<tr class=\"tr1\">\n<td>16125<\/td>\n<td>22 mm<\/td>\n<td>28 mm<\/td>\n<td>1000 ad.\/pk.<\/td>\n<td>4000 gr.\/pk.<\/td>\n<td>16 pk.\/haral<\/td>\n<\/tr>\n<\/tbody>\n<\/table>\n<\/div>","protected":false},"excerpt":{"rendered":"<p>Su ile temas\u0131 bulunan yap\u0131larda ( havuz,baraj v.s. ) kullan\u0131lan su tutucu \u00fcr\u00fcn\u00fcn\u00fcn tie-rot borusu ile ba\u011flant\u0131s\u0131n\u0131 sa\u011flayan plastik ekipmanlard\u0131r.<\/p>","protected":false},"featured_media":149,"comment_status":"closed","ping_status":"closed","template":"","meta":[],"product_cat":[18],"product_tag":[],"class_list":{"0":"post-148","1":"product","2":"type-product","3":"status-publish","4":"has-post-thumbnail","6":"product_cat-tij-rot-boru-ve-basliklar","8":"first","9":"instock","10":"shipping-taxable","11":"product-type-simple"},"_links":{"self":[{"href":"https:\/\/www.cim.com.tr\/en\/wp-json\/wp\/v2\/product\/148","targetHints":{"allow":["GET"]}}],"collection":[{"href":"https:\/\/www.cim.com.tr\/en\/wp-json\/wp\/v2\/product"}],"about":[{"href":"https:\/\/www.cim.com.tr\/en\/wp-json\/wp\/v2\/types\/product"}],"replies":[{"embeddable":true,"href":"https:\/\/www.cim.com.tr\/en\/wp-json\/wp\/v2\/comments?post=148"}],"wp:featuredmedia":[{"embeddable":true,"href":"https:\/\/www.cim.com.tr\/en\/wp-json\/wp\/v2\/media\/149"}],"wp:attachment":[{"href":"https:\/\/www.cim.com.tr\/en\/wp-json\/wp\/v2\/media?parent=148"}],"wp:term":[{"taxonomy":"product_cat","embeddable":true,"href":"https:\/\/www.cim.com.tr\/en\/wp-json\/wp\/v2\/product_cat?post=148"},{"taxonomy":"product_tag","embeddable":true,"href":"https:\/\/www.cim.com.tr\/en\/wp-json\/wp\/v2\/product_tag?post=148"}],"curies":[{"name":"wp","href":"https:\/\/api.w.org\/{rel}","templated":true}]}}