{"id":146,"date":"2024-03-05T09:57:18","date_gmt":"2024-03-05T06:57:18","guid":{"rendered":"https:\/\/cim.com.tr\/?post_type=product&#038;p=146"},"modified":"2024-03-05T11:47:29","modified_gmt":"2024-03-05T08:47:29","slug":"tij-rot-boru-ve-basliklar-baslikli-boru-tapasi","status":"publish","type":"product","link":"https:\/\/www.cim.com.tr\/en\/product\/tij-rot-boru-ve-basliklar-baslikli-boru-tapasi\/","title":{"rendered":"Tij-Rot Boru ve Ba\u015fl\u0131klar \/ Ba\u015fl\u0131kl\u0131 Boru Tapas\u0131"},"content":{"rendered":"<div style=\"overflow-x: auto;\">\n<table class=\"table table-borderless\">\n<thead>\n<tr style=\"background: #f7f7f8;\">\n<th><strong>Kod<\/strong><\/th>\n<th><strong>Tapa \u00c7ap\u0131<\/strong><\/th>\n<th><strong>Tapa Y\u00fcksekli\u011fi<\/strong><\/th>\n<th><strong>Ambalaj \u015eekli<\/strong><\/th>\n<th><strong>Ambalaj A\u011f\u0131rl\u0131\u011f\u0131<\/strong><\/th>\n<th><strong>Sevk Ambalaj\u0131<\/strong><\/th>\n<\/tr>\n<\/thead>\n<tbody>\n<tr class=\"tr1\">\n<td>17218<\/td>\n<td>18 mm<\/td>\n<td>16 mm<\/td>\n<td>1000 ad.\/pk.<\/td>\n<td>2200 gr.\/pk.<\/td>\n<td>18 pk.\/haral<\/td>\n<\/tr>\n<tr class=\"tr2\">\n<td>17222<\/td>\n<td>22 mm<\/td>\n<td>16 mm<\/td>\n<td>1000 ad.\/pk.<\/td>\n<td>2600 gr.\/pk.<\/td>\n<td>12 pk.\/haral<\/td>\n<\/tr>\n<tr class=\"tr1\">\n<td>17228<\/td>\n<td>28 mm<\/td>\n<td>16 mm<\/td>\n<td>1000 ad.\/pk.<\/td>\n<td>4100 gr.\/pk.<\/td>\n<td>6 pk.\/haral<\/td>\n<\/tr>\n<\/tbody>\n<\/table>\n<\/div>","protected":false},"excerpt":{"rendered":"<p>Plywoodlardaki \u00a0tie-rot deliklerini kapatmak i\u00e7in kullan\u0131l\u0131r. Ba\u015fl\u0131\u011f\u0131 sayesinde montaj\u0131 veya s\u00f6k\u00fcm\u00fc daha kolayd\u0131r.<\/p>","protected":false},"featured_media":147,"comment_status":"closed","ping_status":"closed","template":"","meta":[],"product_cat":[18],"product_tag":[],"class_list":{"0":"post-146","1":"product","2":"type-product","3":"status-publish","4":"has-post-thumbnail","6":"product_cat-tij-rot-boru-ve-basliklar","8":"first","9":"instock","10":"shipping-taxable","11":"product-type-simple"},"_links":{"self":[{"href":"https:\/\/www.cim.com.tr\/en\/wp-json\/wp\/v2\/product\/146","targetHints":{"allow":["GET"]}}],"collection":[{"href":"https:\/\/www.cim.com.tr\/en\/wp-json\/wp\/v2\/product"}],"about":[{"href":"https:\/\/www.cim.com.tr\/en\/wp-json\/wp\/v2\/types\/product"}],"replies":[{"embeddable":true,"href":"https:\/\/www.cim.com.tr\/en\/wp-json\/wp\/v2\/comments?post=146"}],"wp:featuredmedia":[{"embeddable":true,"href":"https:\/\/www.cim.com.tr\/en\/wp-json\/wp\/v2\/media\/147"}],"wp:attachment":[{"href":"https:\/\/www.cim.com.tr\/en\/wp-json\/wp\/v2\/media?parent=146"}],"wp:term":[{"taxonomy":"product_cat","embeddable":true,"href":"https:\/\/www.cim.com.tr\/en\/wp-json\/wp\/v2\/product_cat?post=146"},{"taxonomy":"product_tag","embeddable":true,"href":"https:\/\/www.cim.com.tr\/en\/wp-json\/wp\/v2\/product_tag?post=146"}],"curies":[{"name":"wp","href":"https:\/\/api.w.org\/{rel}","templated":true}]}}