{"id":142,"date":"2024-03-05T09:56:56","date_gmt":"2024-03-05T06:56:56","guid":{"rendered":"https:\/\/cim.com.tr\/?post_type=product&#038;p=142"},"modified":"2024-03-05T11:48:05","modified_gmt":"2024-03-05T08:48:05","slug":"tij-rot-boru-ve-basliklar-tij-rot-konigi","status":"publish","type":"product","link":"https:\/\/www.cim.com.tr\/en\/product\/tij-rot-boru-ve-basliklar-tij-rot-konigi\/","title":{"rendered":"Tij-Rot Boru ve Ba\u015fl\u0131klar \/ Tij &#8211; Rot Koni\u011fi"},"content":{"rendered":"<div style=\"overflow-x: auto;\">\n<table class=\"table table-borderless\">\n<thead>\n<tr style=\"background: #f7f7f8;\">\n<th><strong>Kod<\/strong><\/th>\n<th><strong>Malzeme<\/strong><\/th>\n<th><strong>Delik \u00c7ap\u0131<\/strong><\/th>\n<th><strong>Uzunluk<\/strong><\/th>\n<th><strong>Ambalaj \u015eekli<\/strong><\/th>\n<th><strong>Ambalaj A\u011f\u0131rl\u0131\u011f\u0131<\/strong><\/th>\n<th><strong>Sevk Ambalaj\u0131<\/strong><\/th>\n<\/tr>\n<\/thead>\n<tbody>\n<tr class=\"tr1\">\n<td>15120<\/td>\n<td>PA<\/td>\n<td>20 mm<\/td>\n<td>20 cm.<\/td>\n<td>100 ad.\/\u00e7v.<\/td>\n<td>19200 gr.\/\u00e7v.<\/td>\n<td>1 \u00e7v.<\/td>\n<\/tr>\n<tr class=\"tr2\">\n<td>15125<\/td>\n<td>PA<\/td>\n<td>20 mm<\/td>\n<td>25 cm.<\/td>\n<td>100 ad.\/\u00e7v.<\/td>\n<td>24800 gr.\/\u00e7v.<\/td>\n<td>1 \u00e7v.<\/td>\n<\/tr>\n<tr class=\"tr1\">\n<td>15130<\/td>\n<td>PA<\/td>\n<td>20 mm<\/td>\n<td>30 cm.<\/td>\n<td>100 ad.\/\u00e7v.<\/td>\n<td>28800 gr.\/\u00e7v.<\/td>\n<td>1 \u00e7v.<\/td>\n<\/tr>\n<tr class=\"tr2\">\n<td>15140<\/td>\n<td>PA<\/td>\n<td>20 mm<\/td>\n<td>40 cm.<\/td>\n<td>50 ad.\/\u00e7v.<\/td>\n<td>24000 gr.\/\u00e7v.<\/td>\n<td>1 \u00e7v.<\/td>\n<\/tr>\n<tr class=\"tr1\">\n<td>15140\/H<\/td>\n<td>PA<\/td>\n<td>20 mm<\/td>\n<td>50 cm.<\/td>\n<td>25 ad.\/\u00e7v.<\/td>\n<td>20750 gr.\/\u00e7v.<\/td>\n<td>1 \u00e7v.<\/td>\n<\/tr>\n<tr class=\"tr2\">\n<td>15140\/I<\/td>\n<td>PA<\/td>\n<td>20 mm<\/td>\n<td>55 cm.<\/td>\n<td>25 ad.\/\u00e7v.<\/td>\n<td>23250 gr.\/\u00e7v.<\/td>\n<td>1 \u00e7v.<\/td>\n<\/tr>\n<tr class=\"tr1\">\n<td>15140\/K<\/td>\n<td>PA<\/td>\n<td>20 mm<\/td>\n<td>60 cm.<\/td>\n<td>25 ad.\/\u00e7v.<\/td>\n<td>25000 gr.\/\u00e7v.<\/td>\n<td>1 \u00e7v.<\/td>\n<\/tr>\n<\/tbody>\n<\/table>\n<\/div>","protected":false},"excerpt":{"rendered":"<p>\u00c7elik ve ah\u015fap kal\u0131plarda perde beton d\u00f6k\u00fcmlerinde kullan\u0131lan tie-rot millerini muhafaza etmek i\u00e7in kullan\u0131l\u0131r. \u0130stenilen \u00f6l\u00e7\u00fcde imalat\u0131 yap\u0131l\u0131r. Konikli\u011fi sayesinde yerinden \u00e7\u0131kar\u0131l\u0131r ve defalarca kullan\u0131labilir.<\/p>","protected":false},"featured_media":143,"comment_status":"closed","ping_status":"closed","template":"","meta":[],"product_cat":[18],"product_tag":[],"class_list":{"0":"post-142","1":"product","2":"type-product","3":"status-publish","4":"has-post-thumbnail","6":"product_cat-tij-rot-boru-ve-basliklar","8":"first","9":"instock","10":"shipping-taxable","11":"product-type-simple"},"_links":{"self":[{"href":"https:\/\/www.cim.com.tr\/en\/wp-json\/wp\/v2\/product\/142","targetHints":{"allow":["GET"]}}],"collection":[{"href":"https:\/\/www.cim.com.tr\/en\/wp-json\/wp\/v2\/product"}],"about":[{"href":"https:\/\/www.cim.com.tr\/en\/wp-json\/wp\/v2\/types\/product"}],"replies":[{"embeddable":true,"href":"https:\/\/www.cim.com.tr\/en\/wp-json\/wp\/v2\/comments?post=142"}],"wp:featuredmedia":[{"embeddable":true,"href":"https:\/\/www.cim.com.tr\/en\/wp-json\/wp\/v2\/media\/143"}],"wp:attachment":[{"href":"https:\/\/www.cim.com.tr\/en\/wp-json\/wp\/v2\/media?parent=142"}],"wp:term":[{"taxonomy":"product_cat","embeddable":true,"href":"https:\/\/www.cim.com.tr\/en\/wp-json\/wp\/v2\/product_cat?post=142"},{"taxonomy":"product_tag","embeddable":true,"href":"https:\/\/www.cim.com.tr\/en\/wp-json\/wp\/v2\/product_tag?post=142"}],"curies":[{"name":"wp","href":"https:\/\/api.w.org\/{rel}","templated":true}]}}