{"id":140,"date":"2024-03-05T09:51:30","date_gmt":"2024-03-05T06:51:30","guid":{"rendered":"https:\/\/cim.com.tr\/?post_type=product&#038;p=140"},"modified":"2024-03-05T11:50:49","modified_gmt":"2024-03-05T08:50:49","slug":"tie-rot-guvenlik-tapasi-kumsaati-tip","status":"publish","type":"product","link":"https:\/\/www.cim.com.tr\/en\/product\/tie-rot-guvenlik-tapasi-kumsaati-tip\/","title":{"rendered":"Tij-Rot Boru ve Ba\u015fl\u0131klar \/ Tij &#8211; Rot G\u00fcvenlik Tapas\u0131 (Kumsaati Tip)"},"content":{"rendered":"<div style=\"overflow-x: auto;\">\n<table class=\"table table-borderless\">\n<thead>\n<tr style=\"background: #f7f7f8;\">\n<th><strong>Kod<\/strong><\/th>\n<th><strong>Kullan\u0131labilir Demir \u00c7ap\u0131<\/strong><\/th>\n<th><strong>Ambalaj \u015eekli<\/strong><\/th>\n<th><strong>Ambalaj A\u011f\u0131rl\u0131\u011f\u0131<\/strong><\/th>\n<th><strong>Sevk Ambalaj\u0131<\/strong><\/th>\n<\/tr>\n<\/thead>\n<tbody>\n<tr class=\"tr1\">\n<td>17302<\/td>\n<td>8-16 mm<\/td>\n<td>500 ad.\/pk.<\/td>\n<td>5250 gr.\/pk.<\/td>\n<td>10 pk.\/\u00e7v.<\/td>\n<\/tr>\n<tr class=\"tr2\">\n<td>17303<\/td>\n<td>16-30 mm<\/td>\n<td>250 ad.\/pk.<\/td>\n<td>6000 gr.\/pk.<\/td>\n<td>10 pk.\/\u00e7v.<\/td>\n<\/tr>\n<\/tbody>\n<\/table>\n<\/div>","protected":false},"excerpt":{"rendered":"<p>Koruma ve g\u00fcvenlik ama\u00e7l\u0131 olarak imal edilmi\u015ftir. \u0130n\u015faatlarda kullan\u0131lan tie-rot millerine ya da in\u015faat demirlerine tak\u0131l\u0131r. K\u0131rm\u0131z\u0131 ve turuncu renk olarak imalat\u0131 mevcuttur.<\/p>","protected":false},"featured_media":141,"comment_status":"closed","ping_status":"closed","template":"","meta":[],"product_cat":[18],"product_tag":[],"class_list":{"0":"post-140","1":"product","2":"type-product","3":"status-publish","4":"has-post-thumbnail","6":"product_cat-tij-rot-boru-ve-basliklar","8":"first","9":"instock","10":"shipping-taxable","11":"product-type-simple"},"_links":{"self":[{"href":"https:\/\/www.cim.com.tr\/en\/wp-json\/wp\/v2\/product\/140","targetHints":{"allow":["GET"]}}],"collection":[{"href":"https:\/\/www.cim.com.tr\/en\/wp-json\/wp\/v2\/product"}],"about":[{"href":"https:\/\/www.cim.com.tr\/en\/wp-json\/wp\/v2\/types\/product"}],"replies":[{"embeddable":true,"href":"https:\/\/www.cim.com.tr\/en\/wp-json\/wp\/v2\/comments?post=140"}],"wp:featuredmedia":[{"embeddable":true,"href":"https:\/\/www.cim.com.tr\/en\/wp-json\/wp\/v2\/media\/141"}],"wp:attachment":[{"href":"https:\/\/www.cim.com.tr\/en\/wp-json\/wp\/v2\/media?parent=140"}],"wp:term":[{"taxonomy":"product_cat","embeddable":true,"href":"https:\/\/www.cim.com.tr\/en\/wp-json\/wp\/v2\/product_cat?post=140"},{"taxonomy":"product_tag","embeddable":true,"href":"https:\/\/www.cim.com.tr\/en\/wp-json\/wp\/v2\/product_tag?post=140"}],"curies":[{"name":"wp","href":"https:\/\/api.w.org\/{rel}","templated":true}]}}