{"id":136,"date":"2024-03-05T09:59:17","date_gmt":"2024-03-05T06:59:17","guid":{"rendered":"https:\/\/cim.com.tr\/?post_type=product&#038;p=136"},"modified":"2024-03-05T11:46:32","modified_gmt":"2024-03-05T08:46:32","slug":"tie-rot-boru-ve-basliklar-boru-basliklari","status":"publish","type":"product","link":"https:\/\/www.cim.com.tr\/en\/product\/tie-rot-boru-ve-basliklar-boru-basliklari\/","title":{"rendered":"Tij-Rot Boru ve Ba\u015fl\u0131klar \/ Boru Ba\u015fl\u0131klar\u0131"},"content":{"rendered":"<div style=\"overflow-x: auto;\">\n<table class=\"table table-borderless\">\n<thead>\n<tr style=\"background: #f7f7f8;\">\n<th><strong>Kod<\/strong><\/th>\n<th><strong>\u0130\u00e7 \u00c7ap<\/strong><\/th>\n<th><strong>D\u0131\u015f \u00c7ap<\/strong><\/th>\n<th><strong>Ambalaj \u015eekli<\/strong><\/th>\n<th><strong>Ambalaj A\u011f\u0131rl\u0131\u011f\u0131<\/strong><\/th>\n<th><strong>Sevk Ambalaj\u0131<\/strong><\/th>\n<\/tr>\n<\/thead>\n<tbody>\n<tr class=\"tr1\">\n<td>16018<\/td>\n<td>18 mm<\/td>\n<td>15 mm<\/td>\n<td>1000 ad.\/pk.<\/td>\n<td>2700 gr.\/pk.<\/td>\n<td>9 pk.\/haral<\/td>\n<\/tr>\n<tr class=\"tr2\">\n<td>16022<\/td>\n<td>22 mm<\/td>\n<td>19 mm<\/td>\n<td>1000 ad.\/pk.<\/td>\n<td>4700 gr.\/pk.<\/td>\n<td>13 pk.\/haral<\/td>\n<\/tr>\n<tr class=\"tr1\">\n<td>16028<\/td>\n<td>28 mm<\/td>\n<td>25 mm<\/td>\n<td>500 ad.\/pk.<\/td>\n<td>3100 gr.\/pk.<\/td>\n<td>8 pk.\/haral<\/td>\n<\/tr>\n<\/tbody>\n<\/table>\n<\/div>","protected":false},"excerpt":{"rendered":"<p>Kal\u0131b\u0131 ayn\u0131 mesafede tutmaya yarayan tie-rot borusunun u\u00e7 taraflar\u0131na tak\u0131l\u0131r ve tie-rot milini beton s\u0131z\u0131nt\u0131s\u0131ndan korur. Ba\u015f taraf\u0131ndaki a\u00e7\u0131 ve bo\u015fluklar derz dolgu malzemesi taraf\u0131ndan kolayca kapat\u0131labilir.<\/p>","protected":false},"featured_media":137,"comment_status":"closed","ping_status":"closed","template":"","meta":[],"product_cat":[18],"product_tag":[],"class_list":{"0":"post-136","1":"product","2":"type-product","3":"status-publish","4":"has-post-thumbnail","6":"product_cat-tij-rot-boru-ve-basliklar","8":"first","9":"instock","10":"shipping-taxable","11":"product-type-simple"},"_links":{"self":[{"href":"https:\/\/www.cim.com.tr\/en\/wp-json\/wp\/v2\/product\/136","targetHints":{"allow":["GET"]}}],"collection":[{"href":"https:\/\/www.cim.com.tr\/en\/wp-json\/wp\/v2\/product"}],"about":[{"href":"https:\/\/www.cim.com.tr\/en\/wp-json\/wp\/v2\/types\/product"}],"replies":[{"embeddable":true,"href":"https:\/\/www.cim.com.tr\/en\/wp-json\/wp\/v2\/comments?post=136"}],"wp:featuredmedia":[{"embeddable":true,"href":"https:\/\/www.cim.com.tr\/en\/wp-json\/wp\/v2\/media\/137"}],"wp:attachment":[{"href":"https:\/\/www.cim.com.tr\/en\/wp-json\/wp\/v2\/media?parent=136"}],"wp:term":[{"taxonomy":"product_cat","embeddable":true,"href":"https:\/\/www.cim.com.tr\/en\/wp-json\/wp\/v2\/product_cat?post=136"},{"taxonomy":"product_tag","embeddable":true,"href":"https:\/\/www.cim.com.tr\/en\/wp-json\/wp\/v2\/product_tag?post=136"}],"curies":[{"name":"wp","href":"https:\/\/api.w.org\/{rel}","templated":true}]}}