{"id":134,"date":"2024-03-05T10:00:37","date_gmt":"2024-03-05T07:00:37","guid":{"rendered":"https:\/\/cim.com.tr\/?post_type=product&#038;p=134"},"modified":"2024-03-05T11:46:08","modified_gmt":"2024-03-05T08:46:08","slug":"tie-rot-boru-ve-basliklar-tie-rot-borusu-polietilen","status":"publish","type":"product","link":"https:\/\/www.cim.com.tr\/en\/product\/tie-rot-boru-ve-basliklar-tie-rot-borusu-polietilen\/","title":{"rendered":"Tij-Rot Boru ve Ba\u015fl\u0131klar \/Tij-Rot Borusu (Polietilen)"},"content":{"rendered":"<div style=\"overflow-x: auto;\">\n<table class=\"table table-borderless\">\n<thead>\n<tr style=\"background: #f7f7f8;\">\n<th><strong>Kod<\/strong><\/th>\n<th><strong>\u0130\u00e7 \u00c7ap<\/strong><\/th>\n<th><strong>D\u0131\u015f \u00c7ap<\/strong><\/th>\n<th><strong>Ambalaj \u015eekli<\/strong><\/th>\n<th><strong>Ambalaj A\u011f\u0131rl\u0131\u011f\u0131<\/strong><\/th>\n<th><strong>Sevk Ambalaj\u0131<\/strong><\/th>\n<\/tr>\n<\/thead>\n<tbody>\n<tr class=\"tr1\">\n<td>15018<\/td>\n<td>18 mm<\/td>\n<td>21 mm<\/td>\n<td>150 mt.\/ba\u011f<\/td>\n<td>8250 gr.\/ba\u011f<\/td>\n<td>1 ba\u011f<\/td>\n<\/tr>\n<tr class=\"tr2\">\n<td>15022<\/td>\n<td>22 mm<\/td>\n<td>25 mm<\/td>\n<td>150 mt.\/ba\u011f<\/td>\n<td>14000 gr.\/ba\u011f<\/td>\n<td>1 ba\u011f<\/td>\n<\/tr>\n<tr class=\"tr1\">\n<td>15028<\/td>\n<td>28 mm<\/td>\n<td>32 mm<\/td>\n<td>75 mt.\/ba\u011f<\/td>\n<td>8900 gr.\/ba\u011f<\/td>\n<td>1 ba\u011f<\/td>\n<\/tr>\n<tr class=\"tr2\">\n<td>15022\/K<\/td>\n<td>22 mm<\/td>\n<td>28 mm<\/td>\n<td>75 mt.\/ba\u011f<\/td>\n<td>10000 gr.\/ba\u011f<\/td>\n<td>1 ba\u011f<\/td>\n<\/tr>\n<\/tbody>\n<\/table>\n<\/div>","protected":false},"excerpt":{"rendered":"<div class=\"woocommerce-product-details__short-description\">\n<div class=\"woocommerce-product-details__short-description\">\n<div class=\"woocommerce-product-details__short-description\">\n<div class=\"woocommerce-product-details__short-description\">\n<p>\u00c7elik ve ah\u015fap kal\u0131plar\u0131ndaki perde beton d\u00f6k\u00fcm\u00fc s\u0131ras\u0131nda Tie-Rot milini muhafaza amac\u0131yla kullan\u0131lan borulard\u0131r. Tie-Rot milini defalarca kullan\u0131labilir bir malzeme olmas\u0131n\u0131 sa\u011flar. \u0130stenilen \u00e7ap ve boylarda imalat\u0131 yap\u0131lmaktad\u0131r.<\/p>\n<\/div>\n<\/div>\n<\/div>\n<\/div>","protected":false},"featured_media":135,"comment_status":"closed","ping_status":"closed","template":"","meta":[],"product_cat":[18],"product_tag":[],"class_list":{"0":"post-134","1":"product","2":"type-product","3":"status-publish","4":"has-post-thumbnail","6":"product_cat-tij-rot-boru-ve-basliklar","8":"first","9":"instock","10":"shipping-taxable","11":"product-type-simple"},"_links":{"self":[{"href":"https:\/\/www.cim.com.tr\/en\/wp-json\/wp\/v2\/product\/134","targetHints":{"allow":["GET"]}}],"collection":[{"href":"https:\/\/www.cim.com.tr\/en\/wp-json\/wp\/v2\/product"}],"about":[{"href":"https:\/\/www.cim.com.tr\/en\/wp-json\/wp\/v2\/types\/product"}],"replies":[{"embeddable":true,"href":"https:\/\/www.cim.com.tr\/en\/wp-json\/wp\/v2\/comments?post=134"}],"wp:featuredmedia":[{"embeddable":true,"href":"https:\/\/www.cim.com.tr\/en\/wp-json\/wp\/v2\/media\/135"}],"wp:attachment":[{"href":"https:\/\/www.cim.com.tr\/en\/wp-json\/wp\/v2\/media?parent=134"}],"wp:term":[{"taxonomy":"product_cat","embeddable":true,"href":"https:\/\/www.cim.com.tr\/en\/wp-json\/wp\/v2\/product_cat?post=134"},{"taxonomy":"product_tag","embeddable":true,"href":"https:\/\/www.cim.com.tr\/en\/wp-json\/wp\/v2\/product_tag?post=134"}],"curies":[{"name":"wp","href":"https:\/\/api.w.org\/{rel}","templated":true}]}}