{"id":125,"date":"2024-02-09T08:07:57","date_gmt":"2024-02-09T05:07:57","guid":{"rendered":"https:\/\/cim.com.tr\/?post_type=product&#038;p=125"},"modified":"2024-02-09T17:17:59","modified_gmt":"2024-02-09T14:17:59","slug":"fore-kazik-paspaylari-fore-kazik-tip-paspayi-elemanlari","status":"publish","type":"product","link":"https:\/\/www.cim.com.tr\/en\/product\/fore-kazik-paspaylari-fore-kazik-tip-paspayi-elemanlari\/","title":{"rendered":"Fore Kaz\u0131k Paspaylar\u0131 \/ Fore Kaz\u0131k Tip Paspay\u0131 Elemanlar\u0131"},"content":{"rendered":"<div style=\"overflow-x: auto;\">\n<table class=\"table table-borderless\">\n<thead>\n<tr style=\"background: #f7f7f8;\">\n<th><strong>Kod<\/strong><\/th>\n<th><strong>Y\u00fckseklik<\/strong><\/th>\n<th><strong>Demir \u00c7ap\u0131<\/strong><\/th>\n<th><strong>Ambalaj \u015eekli<\/strong><\/th>\n<th><strong>Ambalaj A\u011f\u0131rl\u0131\u011f\u0131<\/strong><\/th>\n<th><strong>Sevk Ambalaj\u0131<\/strong><\/th>\n<\/tr>\n<\/thead>\n<tbody>\n<tr class=\"tr1\">\n<td>11200<\/td>\n<td>50 mm<\/td>\n<td>8-12 mm<\/td>\n<td>250 ad.\/pk.<\/td>\n<td>12650 gr.\/\u00e7v.<\/td>\n<td>1 \u00e7v.<\/td>\n<\/tr>\n<tr class=\"tr2\">\n<td>11205<\/td>\n<td>75 mm<\/td>\n<td>8-16 mm<\/td>\n<td>100 ad.\/pk.<\/td>\n<td>6500 gr.\/\u00e7v.<\/td>\n<td>1 \u00e7v.<\/td>\n<\/tr>\n<\/tbody>\n<\/table>\n<\/div>","protected":false},"excerpt":{"rendered":"<p>Zemini g\u00fc\u00e7lendirmek i\u00e7in yap\u0131lan kaz\u0131k uygulamalar\u0131nda, toprak ile donat\u0131 aras\u0131nda paspay\u0131 mesafesini sa\u011flar. Bu sayede donat\u0131, topraktan gelecek olan olumsuz etmenlerden korunmu\u015f olur.<\/p>","protected":false},"featured_media":126,"comment_status":"closed","ping_status":"closed","template":"","meta":[],"product_cat":[17],"product_tag":[],"class_list":{"0":"post-125","1":"product","2":"type-product","3":"status-publish","4":"has-post-thumbnail","6":"product_cat-fore-kazik-paspaylari","8":"first","9":"instock","10":"shipping-taxable","11":"product-type-simple"},"_links":{"self":[{"href":"https:\/\/www.cim.com.tr\/en\/wp-json\/wp\/v2\/product\/125","targetHints":{"allow":["GET"]}}],"collection":[{"href":"https:\/\/www.cim.com.tr\/en\/wp-json\/wp\/v2\/product"}],"about":[{"href":"https:\/\/www.cim.com.tr\/en\/wp-json\/wp\/v2\/types\/product"}],"replies":[{"embeddable":true,"href":"https:\/\/www.cim.com.tr\/en\/wp-json\/wp\/v2\/comments?post=125"}],"wp:featuredmedia":[{"embeddable":true,"href":"https:\/\/www.cim.com.tr\/en\/wp-json\/wp\/v2\/media\/126"}],"wp:attachment":[{"href":"https:\/\/www.cim.com.tr\/en\/wp-json\/wp\/v2\/media?parent=125"}],"wp:term":[{"taxonomy":"product_cat","embeddable":true,"href":"https:\/\/www.cim.com.tr\/en\/wp-json\/wp\/v2\/product_cat?post=125"},{"taxonomy":"product_tag","embeddable":true,"href":"https:\/\/www.cim.com.tr\/en\/wp-json\/wp\/v2\/product_tag?post=125"}],"curies":[{"name":"wp","href":"https:\/\/api.w.org\/{rel}","templated":true}]}}