{"id":121,"date":"2024-02-09T12:02:45","date_gmt":"2024-02-09T09:02:45","guid":{"rendered":"https:\/\/cim.com.tr\/?post_type=product&#038;p=121"},"modified":"2024-02-09T17:05:29","modified_gmt":"2024-02-09T14:05:29","slug":"doseme-paspaylari-takoz-paspayi","status":"publish","type":"product","link":"https:\/\/www.cim.com.tr\/en\/product\/doseme-paspaylari-takoz-paspayi\/","title":{"rendered":"D\u00f6\u015feme Paspaylar\u0131 \/ Takoz Paspay\u0131"},"content":{"rendered":"<div style=\"overflow-x: auto;\">\n<table class=\"table table-borderless\">\n<thead>\n<tr style=\"background: #f7f7f8;\">\n<th><strong>Kod<\/strong><\/th>\n<th><strong>Y\u00fckseklik<\/strong><\/th>\n<th><strong>Ambalaj \u015eekli<\/strong><\/th>\n<th><strong>Ambalaj A\u011f\u0131rl\u0131\u011f\u0131<\/strong><\/th>\n<\/tr>\n<\/thead>\n<tbody>\n<tr class=\"tr1\">\n<td>13515<\/td>\n<td>15 mm<\/td>\n<td>1000 ad.\/\u00e7v.<\/td>\n<td>8000 gr.\/\u00e7v.<\/td>\n<\/tr>\n<tr class=\"tr2\">\n<td>13520<\/td>\n<td>20 mm<\/td>\n<td>1000 ad.\/\u00e7v.<\/td>\n<td>9000 gr.\/\u00e7v.<\/td>\n<\/tr>\n<tr class=\"tr1\">\n<td>13525<\/td>\n<td>25 mm<\/td>\n<td>1000 ad.\/\u00e7v.<\/td>\n<td>13500 gr.\/\u00e7v.<\/td>\n<\/tr>\n<tr class=\"tr2\">\n<td>13530<\/td>\n<td>30 mm<\/td>\n<td>1000 ad.\/\u00e7v.<\/td>\n<td>14000 gr.\/\u00e7v.<\/td>\n<\/tr>\n<\/tbody>\n<\/table>\n<\/div>","protected":false},"excerpt":{"rendered":"<div class=\"woocommerce-product-details__short-description\">\n<div class=\"woocommerce-product-details__short-description\">\n<p>\u00dcr\u00fcnlerimiz hakk\u0131nda ayr\u0131nt\u0131l\u0131 bilgi almak i\u00e7in bizimle ileti\u015fime ge\u00e7in.<\/p>\n<\/div>\n<\/div>","protected":false},"featured_media":122,"comment_status":"closed","ping_status":"closed","template":"","meta":[],"product_cat":[16],"product_tag":[],"class_list":{"0":"post-121","1":"product","2":"type-product","3":"status-publish","4":"has-post-thumbnail","6":"product_cat-doseme-paspaylari","8":"first","9":"instock","10":"shipping-taxable","11":"product-type-simple"},"_links":{"self":[{"href":"https:\/\/www.cim.com.tr\/en\/wp-json\/wp\/v2\/product\/121","targetHints":{"allow":["GET"]}}],"collection":[{"href":"https:\/\/www.cim.com.tr\/en\/wp-json\/wp\/v2\/product"}],"about":[{"href":"https:\/\/www.cim.com.tr\/en\/wp-json\/wp\/v2\/types\/product"}],"replies":[{"embeddable":true,"href":"https:\/\/www.cim.com.tr\/en\/wp-json\/wp\/v2\/comments?post=121"}],"wp:featuredmedia":[{"embeddable":true,"href":"https:\/\/www.cim.com.tr\/en\/wp-json\/wp\/v2\/media\/122"}],"wp:attachment":[{"href":"https:\/\/www.cim.com.tr\/en\/wp-json\/wp\/v2\/media?parent=121"}],"wp:term":[{"taxonomy":"product_cat","embeddable":true,"href":"https:\/\/www.cim.com.tr\/en\/wp-json\/wp\/v2\/product_cat?post=121"},{"taxonomy":"product_tag","embeddable":true,"href":"https:\/\/www.cim.com.tr\/en\/wp-json\/wp\/v2\/product_tag?post=121"}],"curies":[{"name":"wp","href":"https:\/\/api.w.org\/{rel}","templated":true}]}}