{"id":115,"date":"2024-03-05T07:55:49","date_gmt":"2024-03-05T04:55:49","guid":{"rendered":"https:\/\/cim.com.tr\/?post_type=product&#038;p=115"},"modified":"2024-03-05T11:39:18","modified_gmt":"2024-03-05T08:39:18","slug":"doseme-paspaylari-ray-tipi-doseme-paspayi","status":"publish","type":"product","link":"https:\/\/www.cim.com.tr\/en\/product\/doseme-paspaylari-ray-tipi-doseme-paspayi\/","title":{"rendered":"D\u00f6\u015feme Paspaylar\u0131 \/ Ray Tipi D\u00f6\u015feme Paspay\u0131"},"content":{"rendered":"<div style=\"overflow-x: auto;\">\n<table class=\"table table-borderless\">\n<thead>\n<tr style=\"background: #f7f7f8;\">\n<th><strong>Kod<\/strong><\/th>\n<th><strong>Y\u00fckseklik<\/strong><\/th>\n<th><strong>Demir \u00c7ap\u0131<\/strong><\/th>\n<th><strong>Ambalaj \u015eekli<\/strong><\/th>\n<th><strong>Ambalaj A\u011f\u0131rl\u0131\u011f\u0131<\/strong><\/th>\n<th><strong>Sevk Ambalaj\u0131<\/strong><\/th>\n<\/tr>\n<\/thead>\n<tbody>\n<tr class=\"tr1\">\n<td>14150<\/td>\n<td>15 mm<\/td>\n<td>200 mm<\/td>\n<td>1000 ad.\/pk.<\/td>\n<td>16500 gr.\/\u00e7v.<\/td>\n<td>1 \u00e7v.<\/td>\n<\/tr>\n<tr class=\"tr2\">\n<td>14200<\/td>\n<td>20 mm<\/td>\n<td>200 mm<\/td>\n<td>750 ad.\/pk.<\/td>\n<td>17000 gr.\/\u00e7v.<\/td>\n<td>1 \u00e7v.<\/td>\n<\/tr>\n<\/tbody>\n<\/table>\n<\/div>","protected":false},"excerpt":{"rendered":"<p>Geni\u015f alanl\u0131 d\u00f6\u015femelerde ve tablal\u0131 has\u0131r \u00e7elik kullan\u0131rken b\u00fcy\u00fck kolayl\u0131k sa\u011flayan bu tip paspay\u0131 \u00fcst k\u0131sm\u0131nda bulunan \u00e7engeli ile demiri kolayca kavrar. Uygun aral\u0131klarla demire d\u00f6\u015fenir. Yatay ve dikey olarak da kullan\u0131labilir.<\/p>","protected":false},"featured_media":116,"comment_status":"closed","ping_status":"closed","template":"","meta":[],"product_cat":[16],"product_tag":[],"class_list":{"0":"post-115","1":"product","2":"type-product","3":"status-publish","4":"has-post-thumbnail","6":"product_cat-doseme-paspaylari","8":"first","9":"instock","10":"shipping-taxable","11":"product-type-simple"},"_links":{"self":[{"href":"https:\/\/www.cim.com.tr\/en\/wp-json\/wp\/v2\/product\/115","targetHints":{"allow":["GET"]}}],"collection":[{"href":"https:\/\/www.cim.com.tr\/en\/wp-json\/wp\/v2\/product"}],"about":[{"href":"https:\/\/www.cim.com.tr\/en\/wp-json\/wp\/v2\/types\/product"}],"replies":[{"embeddable":true,"href":"https:\/\/www.cim.com.tr\/en\/wp-json\/wp\/v2\/comments?post=115"}],"wp:featuredmedia":[{"embeddable":true,"href":"https:\/\/www.cim.com.tr\/en\/wp-json\/wp\/v2\/media\/116"}],"wp:attachment":[{"href":"https:\/\/www.cim.com.tr\/en\/wp-json\/wp\/v2\/media?parent=115"}],"wp:term":[{"taxonomy":"product_cat","embeddable":true,"href":"https:\/\/www.cim.com.tr\/en\/wp-json\/wp\/v2\/product_cat?post=115"},{"taxonomy":"product_tag","embeddable":true,"href":"https:\/\/www.cim.com.tr\/en\/wp-json\/wp\/v2\/product_tag?post=115"}],"curies":[{"name":"wp","href":"https:\/\/api.w.org\/{rel}","templated":true}]}}