{"id":111,"date":"2024-03-05T07:54:04","date_gmt":"2024-03-05T04:54:04","guid":{"rendered":"https:\/\/cim.com.tr\/?post_type=product&#038;p=111"},"modified":"2024-03-05T11:39:33","modified_gmt":"2024-03-05T08:39:33","slug":"doseme-paspaylari-precast-tip-doseme-paspayi","status":"publish","type":"product","link":"https:\/\/www.cim.com.tr\/en\/product\/doseme-paspaylari-precast-tip-doseme-paspayi\/","title":{"rendered":"D\u00f6\u015feme Paspaylar\u0131 \/ Precast Tip D\u00f6\u015feme Paspay\u0131"},"content":{"rendered":"<div style=\"overflow-x: auto;\">\n<table class=\"table table-borderless\">\n<thead>\n<tr style=\"background: #f7f7f8;\">\n<th><strong>Kod<\/strong><\/th>\n<th><strong>Y\u00fckseklik<\/strong><\/th>\n<th><strong>Demir \u00c7ap\u0131<\/strong><\/th>\n<th><strong>Ambalaj \u015eekli<\/strong><\/th>\n<th><strong>Ambalaj A\u011f\u0131rl\u0131\u011f\u0131<\/strong><\/th>\n<th><strong>Sevk Ambalaj\u0131<\/strong><\/th>\n<\/tr>\n<\/thead>\n<tbody>\n<tr class=\"tr1\">\n<td>13215<\/td>\n<td>15 mm<\/td>\n<td>6-12 mm<\/td>\n<td>1000 ad.\/pk.<\/td>\n<td>3900 gr.\/pk.<\/td>\n<td>18 pk.\/haral<\/td>\n<\/tr>\n<tr class=\"tr2\">\n<td>13220<\/td>\n<td>20 mm<\/td>\n<td>8-14 mm<\/td>\n<td>1000 ad.\/pk.<\/td>\n<td>6000 gr.\/pk.<\/td>\n<td>12 pk.\/haral<\/td>\n<\/tr>\n<\/tbody>\n<\/table>\n<\/div>","protected":false},"excerpt":{"rendered":"<p>Yatay demir donan\u0131mlar\u0131nda (kiri\u015f, d\u00f6\u015feme) kullan\u0131lan paspay\u0131 \u00e7e\u015fididir. Prefabrik ve prekast tipi elemanlar\u0131n imalat\u0131nda kullan\u0131m alan\u0131 geni\u015ftir.<\/p>","protected":false},"featured_media":112,"comment_status":"closed","ping_status":"closed","template":"","meta":[],"product_cat":[16],"product_tag":[],"class_list":{"0":"post-111","1":"product","2":"type-product","3":"status-publish","4":"has-post-thumbnail","6":"product_cat-doseme-paspaylari","8":"first","9":"instock","10":"shipping-taxable","11":"product-type-simple"},"_links":{"self":[{"href":"https:\/\/www.cim.com.tr\/en\/wp-json\/wp\/v2\/product\/111","targetHints":{"allow":["GET"]}}],"collection":[{"href":"https:\/\/www.cim.com.tr\/en\/wp-json\/wp\/v2\/product"}],"about":[{"href":"https:\/\/www.cim.com.tr\/en\/wp-json\/wp\/v2\/types\/product"}],"replies":[{"embeddable":true,"href":"https:\/\/www.cim.com.tr\/en\/wp-json\/wp\/v2\/comments?post=111"}],"wp:featuredmedia":[{"embeddable":true,"href":"https:\/\/www.cim.com.tr\/en\/wp-json\/wp\/v2\/media\/112"}],"wp:attachment":[{"href":"https:\/\/www.cim.com.tr\/en\/wp-json\/wp\/v2\/media?parent=111"}],"wp:term":[{"taxonomy":"product_cat","embeddable":true,"href":"https:\/\/www.cim.com.tr\/en\/wp-json\/wp\/v2\/product_cat?post=111"},{"taxonomy":"product_tag","embeddable":true,"href":"https:\/\/www.cim.com.tr\/en\/wp-json\/wp\/v2\/product_tag?post=111"}],"curies":[{"name":"wp","href":"https:\/\/api.w.org\/{rel}","templated":true}]}}