{"id":109,"date":"2024-03-05T07:57:01","date_gmt":"2024-03-05T04:57:01","guid":{"rendered":"https:\/\/cim.com.tr\/?post_type=product&#038;p=109"},"modified":"2024-03-05T11:34:12","modified_gmt":"2024-03-05T08:34:12","slug":"doseme-paspaylari-mandal-tip-doseme-paspayi","status":"publish","type":"product","link":"https:\/\/www.cim.com.tr\/en\/product\/doseme-paspaylari-mandal-tip-doseme-paspayi\/","title":{"rendered":"D\u00f6\u015feme Paspaylar\u0131 \/ Mandal Tip D\u00f6\u015feme Paspay\u0131"},"content":{"rendered":"<div style=\"overflow-x: auto;\">\n<table class=\"table table-borderless\">\n<thead>\n<tr style=\"background: #f7f7f8;\">\n<th><strong>Kod<\/strong><\/th>\n<th><strong>Y\u00fckseklik<\/strong><\/th>\n<th><strong>Demir \u00c7ap\u0131<\/strong><\/th>\n<th><strong>Ambalaj \u015eekli<\/strong><\/th>\n<th><strong>Ambalaj A\u011f\u0131rl\u0131\u011f\u0131<\/strong><\/th>\n<th><strong>Sevk Ambalaj\u0131<\/strong><\/th>\n<\/tr>\n<\/thead>\n<tbody>\n<tr class=\"tr1\">\n<td>13015<\/td>\n<td>15 mm<\/td>\n<td>8-12 mm<\/td>\n<td>1000 ad.\/pk.<\/td>\n<td>2750 gr.\/pk.<\/td>\n<td>15 pk.\/haral<\/td>\n<\/tr>\n<tr class=\"tr2\">\n<td>13020<\/td>\n<td>20 mm<\/td>\n<td>6-14 mm<\/td>\n<td>1000 ad.\/pk.<\/td>\n<td>3350 gr.\/pk.<\/td>\n<td>9 pk.\/haral<\/td>\n<\/tr>\n<tr class=\"tr1\">\n<td>13025<\/td>\n<td>25 mm<\/td>\n<td>6-14 mm<\/td>\n<td>1000 ad.\/pk.<\/td>\n<td>5200 gr.\/pk.<\/td>\n<td>15 pk.\/haral<\/td>\n<\/tr>\n<tr class=\"tr2\">\n<td>13030<\/td>\n<td>30 mm<\/td>\n<td>6-14 mm<\/td>\n<td>1000 ad.\/pk.<\/td>\n<td>5600 gr.\/pk.<\/td>\n<td>13 pk.\/haral<\/td>\n<\/tr>\n<tr class=\"tr1\">\n<td>13040<\/td>\n<td>13040<\/td>\n<td>6-16 mm<\/td>\n<td>1000 ad.\/pk.<\/td>\n<td>8500 gr.\/pk.<\/td>\n<td>1 \u00e7v.<\/td>\n<\/tr>\n<tr class=\"tr2\">\n<td>13050<\/td>\n<td>50 mm<\/td>\n<td>6-16 mm<\/td>\n<td>1000 ad.\/pk.<\/td>\n<td>8500 gr.\/pk.<\/td>\n<td>1 \u00e7v.<\/td>\n<\/tr>\n<tr class=\"tr1\">\n<td>13075<\/td>\n<td>75 mm<\/td>\n<td>10-20 mm<\/td>\n<td>500 ad.\/pk.<\/td>\n<td>14250 gr.\/\u00e7v.<\/td>\n<td>1 \u00e7v.<\/td>\n<\/tr>\n<\/tbody>\n<\/table>\n<\/div>","protected":false},"excerpt":{"rendered":"<p>Kiri\u015f ve d\u00f6\u015femelerde yatay d\u00fczlemde demir donan\u0131m\u0131na yerden y\u00fckseklik kazand\u0131rmak amac\u0131yla d\u00f6\u015feme ve prekast uygulamalar\u0131nda kullan\u0131lan bir paspay \u00e7e\u015fididir.<\/p>","protected":false},"featured_media":110,"comment_status":"closed","ping_status":"closed","template":"","meta":[],"product_cat":[16],"product_tag":[],"class_list":{"0":"post-109","1":"product","2":"type-product","3":"status-publish","4":"has-post-thumbnail","6":"product_cat-doseme-paspaylari","8":"first","9":"instock","10":"shipping-taxable","11":"product-type-simple"},"_links":{"self":[{"href":"https:\/\/www.cim.com.tr\/en\/wp-json\/wp\/v2\/product\/109","targetHints":{"allow":["GET"]}}],"collection":[{"href":"https:\/\/www.cim.com.tr\/en\/wp-json\/wp\/v2\/product"}],"about":[{"href":"https:\/\/www.cim.com.tr\/en\/wp-json\/wp\/v2\/types\/product"}],"replies":[{"embeddable":true,"href":"https:\/\/www.cim.com.tr\/en\/wp-json\/wp\/v2\/comments?post=109"}],"wp:featuredmedia":[{"embeddable":true,"href":"https:\/\/www.cim.com.tr\/en\/wp-json\/wp\/v2\/media\/110"}],"wp:attachment":[{"href":"https:\/\/www.cim.com.tr\/en\/wp-json\/wp\/v2\/media?parent=109"}],"wp:term":[{"taxonomy":"product_cat","embeddable":true,"href":"https:\/\/www.cim.com.tr\/en\/wp-json\/wp\/v2\/product_cat?post=109"},{"taxonomy":"product_tag","embeddable":true,"href":"https:\/\/www.cim.com.tr\/en\/wp-json\/wp\/v2\/product_tag?post=109"}],"curies":[{"name":"wp","href":"https:\/\/api.w.org\/{rel}","templated":true}]}}