{"id":107,"date":"2024-03-05T07:59:27","date_gmt":"2024-03-05T04:59:27","guid":{"rendered":"https:\/\/cim.com.tr\/?post_type=product&#038;p=107"},"modified":"2024-03-05T11:33:25","modified_gmt":"2024-03-05T08:33:25","slug":"doseme-paspaylari-agir-tip-doseme-paspayi-ekstra","status":"publish","type":"product","link":"https:\/\/www.cim.com.tr\/en\/product\/doseme-paspaylari-agir-tip-doseme-paspayi-ekstra\/","title":{"rendered":"D\u00f6\u015feme Paspaylar\u0131 \/ A\u011f\u0131r Tip D\u00f6\u015feme Paspay\u0131 (Ekstra)"},"content":{"rendered":"<div style=\"overflow-x: auto;\">\n<table class=\"table table-borderless\">\n<thead>\n<tr style=\"background: #f7f7f8;\">\n<th><strong>Kod<\/strong><\/th>\n<th><strong>Y\u00fckseklik<\/strong><\/th>\n<th><strong>Demir \u00c7ap\u0131<\/strong><\/th>\n<th><strong>Ambalaj \u015eekli<\/strong><\/th>\n<th><strong>Ambalaj A\u011f\u0131rl\u0131\u011f\u0131<\/strong><\/th>\n<th><strong>Sevk Ambalaj\u0131<\/strong><\/th>\n<\/tr>\n<\/thead>\n<tbody>\n<tr class=\"tr1\">\n<td>13450<\/td>\n<td>50 mm<\/td>\n<td>20-32 mm<\/td>\n<td>500 ad.\/pk.<\/td>\n<td>21000 gr.\/\u00e7v.<\/td>\n<td>1 \u00e7v.<\/td>\n<\/tr>\n<tr class=\"tr2\">\n<td>13475<\/td>\n<td>75 mm<\/td>\n<td>20-32 mm<\/td>\n<td>300 ad.\/pk.<\/td>\n<td>17500 gr.\/\u00e7v.<\/td>\n<td>1 \u00e7v.<\/td>\n<\/tr>\n<tr class=\"tr1\">\n<td>13490<\/td>\n<td>100 mm<\/td>\n<td>20-32 mm<\/td>\n<td>250 ad.\/pk.<\/td>\n<td>18100 gr.\/\u00e7v.<\/td>\n<td>1 \u00e7v.<\/td>\n<\/tr>\n<\/tbody>\n<\/table>\n<\/div>","protected":false},"excerpt":{"rendered":"<p>Kullan\u0131m alan\u0131 olan temellerde yatay demir donan\u0131mlara verilmesi gereken paspay\u0131 mesafesini sa\u011flayan bu plastik elemanlar ekstra a\u011f\u0131r demir donan\u0131mlar\u0131nda rahatl\u0131kla kullan\u0131labilir. Kullan\u0131lmas\u0131yla demirin mukavemetini art\u0131r\u0131r.<\/p>","protected":false},"featured_media":108,"comment_status":"closed","ping_status":"closed","template":"","meta":[],"product_cat":[16],"product_tag":[],"class_list":{"0":"post-107","1":"product","2":"type-product","3":"status-publish","4":"has-post-thumbnail","6":"product_cat-doseme-paspaylari","8":"first","9":"instock","10":"shipping-taxable","11":"product-type-simple"},"_links":{"self":[{"href":"https:\/\/www.cim.com.tr\/en\/wp-json\/wp\/v2\/product\/107","targetHints":{"allow":["GET"]}}],"collection":[{"href":"https:\/\/www.cim.com.tr\/en\/wp-json\/wp\/v2\/product"}],"about":[{"href":"https:\/\/www.cim.com.tr\/en\/wp-json\/wp\/v2\/types\/product"}],"replies":[{"embeddable":true,"href":"https:\/\/www.cim.com.tr\/en\/wp-json\/wp\/v2\/comments?post=107"}],"wp:featuredmedia":[{"embeddable":true,"href":"https:\/\/www.cim.com.tr\/en\/wp-json\/wp\/v2\/media\/108"}],"wp:attachment":[{"href":"https:\/\/www.cim.com.tr\/en\/wp-json\/wp\/v2\/media?parent=107"}],"wp:term":[{"taxonomy":"product_cat","embeddable":true,"href":"https:\/\/www.cim.com.tr\/en\/wp-json\/wp\/v2\/product_cat?post=107"},{"taxonomy":"product_tag","embeddable":true,"href":"https:\/\/www.cim.com.tr\/en\/wp-json\/wp\/v2\/product_tag?post=107"}],"curies":[{"name":"wp","href":"https:\/\/api.w.org\/{rel}","templated":true}]}}