{"id":86,"date":"2024-01-15T16:07:16","date_gmt":"2024-01-15T13:07:16","guid":{"rendered":"https:\/\/cim.com.tr\/?page_id=86"},"modified":"2024-02-09T16:10:34","modified_gmt":"2024-02-09T13:10:34","slug":"perde-kolon-paspaylari","status":"publish","type":"page","link":"https:\/\/www.cim.com.tr\/perde-kolon-paspaylari\/","title":{"rendered":"PERDE KOLON PASPAYLARI"},"content":{"rendered":"<div class=\"woocommerce columns-4\"><ul class=\"products columns-4\">\n<li class=\"product type-product post-84 status-publish first instock product_cat-perde-kolon-paspaylari has-post-thumbnail shipping-taxable product-type-simple\">\n\t<a href=\"https:\/\/www.cim.com.tr\/en\/product\/perde-kolon-paspaylari-perde-kolon-tip-paspayi\/\" class=\"woocommerce-LoopProduct-link woocommerce-loop-product__link\"><img loading=\"lazy\" decoding=\"async\" width=\"300\" height=\"300\" src=\"https:\/\/www.cim.com.tr\/wp-content\/uploads\/2024\/01\/g1-300x300.png\" class=\"attachment-woocommerce_thumbnail size-woocommerce_thumbnail\" alt=\"\" srcset=\"https:\/\/www.cim.com.tr\/wp-content\/uploads\/2024\/01\/g1-300x300.png 300w, https:\/\/www.cim.com.tr\/wp-content\/uploads\/2024\/01\/g1-150x150.png 150w, https:\/\/www.cim.com.tr\/wp-content\/uploads\/2024\/01\/g1-100x100.png 100w, https:\/\/www.cim.com.tr\/wp-content\/uploads\/2024\/01\/g1.png 500w\" sizes=\"auto, (max-width: 300px) 100vw, 300px\" \/><h2 class=\"woocommerce-loop-product__title\">Perde Kolon Paspaylar\u0131 \/ Perde Kolon Tip Paspay\u0131<\/h2>\n<\/a><a href=\"https:\/\/www.cim.com.tr\/en\/product\/perde-kolon-paspaylari-perde-kolon-tip-paspayi\/\" data-quantity=\"1\" class=\"button product_type_simple\" data-product_id=\"84\" data-product_sku=\"\" aria-label=\"\u201cPerde Kolon Paspaylar\u0131 \/ Perde Kolon Tip Paspay\u0131\u201d hakk\u0131nda daha fazla bilgi edinin\" aria-describedby=\"\" rel=\"nofollow\" data-no-translation=\"\" data-trp-gettext=\"\" data-no-translation-aria-label=\"\">Read more<\/a><\/li>\n<li class=\"product type-product post-89 status-publish instock product_cat-perde-kolon-paspaylari has-post-thumbnail shipping-taxable product-type-simple\">\n\t<a href=\"https:\/\/www.cim.com.tr\/en\/product\/perde-kolon-paspaylari-ayakli-tip-perde-doseme-paspayi\/\" class=\"woocommerce-LoopProduct-link woocommerce-loop-product__link\"><img loading=\"lazy\" decoding=\"async\" width=\"300\" height=\"300\" src=\"https:\/\/www.cim.com.tr\/wp-content\/uploads\/2024\/01\/g2-300x300.png\" class=\"attachment-woocommerce_thumbnail size-woocommerce_thumbnail\" alt=\"\" srcset=\"https:\/\/www.cim.com.tr\/wp-content\/uploads\/2024\/01\/g2-300x300.png 300w, https:\/\/www.cim.com.tr\/wp-content\/uploads\/2024\/01\/g2-150x150.png 150w, https:\/\/www.cim.com.tr\/wp-content\/uploads\/2024\/01\/g2-100x100.png 100w, https:\/\/www.cim.com.tr\/wp-content\/uploads\/2024\/01\/g2.png 500w\" sizes=\"auto, (max-width: 300px) 100vw, 300px\" \/><h2 class=\"woocommerce-loop-product__title\">Perde Kolon Paspaylar\u0131 \/ Ayakl\u0131 Tip Perde D\u00f6\u015feme Paspay\u0131<\/h2>\n<\/a><a href=\"https:\/\/www.cim.com.tr\/en\/product\/perde-kolon-paspaylari-ayakli-tip-perde-doseme-paspayi\/\" data-quantity=\"1\" class=\"button product_type_simple\" data-product_id=\"89\" data-product_sku=\"\" aria-label=\"\u201cPerde Kolon Paspaylar\u0131 \/ Ayakl\u0131 Tip Perde D\u00f6\u015feme Paspay\u0131\u201d hakk\u0131nda daha fazla bilgi edinin\" aria-describedby=\"\" rel=\"nofollow\" data-no-translation=\"\" data-trp-gettext=\"\" data-no-translation-aria-label=\"\">Read more<\/a><\/li>\n<li class=\"product type-product post-96 status-publish instock product_cat-perde-kolon-paspaylari has-post-thumbnail shipping-taxable product-type-simple\">\n\t<a href=\"https:\/\/www.cim.com.tr\/en\/product\/perde-kolon-paspaylari-kapali-tip-perde-paspayi\/\" class=\"woocommerce-LoopProduct-link woocommerce-loop-product__link\"><img loading=\"lazy\" decoding=\"async\" width=\"300\" height=\"300\" src=\"https:\/\/www.cim.com.tr\/wp-content\/uploads\/2024\/01\/g3-300x300.png\" class=\"attachment-woocommerce_thumbnail size-woocommerce_thumbnail\" alt=\"\" srcset=\"https:\/\/www.cim.com.tr\/wp-content\/uploads\/2024\/01\/g3-300x300.png 300w, https:\/\/www.cim.com.tr\/wp-content\/uploads\/2024\/01\/g3-150x150.png 150w, https:\/\/www.cim.com.tr\/wp-content\/uploads\/2024\/01\/g3-100x100.png 100w, https:\/\/www.cim.com.tr\/wp-content\/uploads\/2024\/01\/g3.png 500w\" sizes=\"auto, (max-width: 300px) 100vw, 300px\" \/><h2 class=\"woocommerce-loop-product__title\">Perde Kolon Paspaylar\u0131 \/ Kapal\u0131 Tip Perde Paspay\u0131<\/h2>\n<\/a><a href=\"https:\/\/www.cim.com.tr\/en\/product\/perde-kolon-paspaylari-kapali-tip-perde-paspayi\/\" data-quantity=\"1\" class=\"button product_type_simple\" data-product_id=\"96\" data-product_sku=\"\" aria-label=\"\u201cPerde Kolon Paspaylar\u0131 \/ Kapal\u0131 Tip Perde Paspay\u0131\u201d hakk\u0131nda daha fazla bilgi edinin\" aria-describedby=\"\" rel=\"nofollow\" data-no-translation=\"\" data-trp-gettext=\"\" data-no-translation-aria-label=\"\">Read more<\/a><\/li>\n<\/ul>\n<\/div>","protected":false},"excerpt":{"rendered":"","protected":false},"author":1,"featured_media":0,"parent":0,"menu_order":0,"comment_status":"closed","ping_status":"closed","template":"","meta":{"footnotes":""},"class_list":["post-86","page","type-page","status-publish","hentry"],"_links":{"self":[{"href":"https:\/\/www.cim.com.tr\/en\/wp-json\/wp\/v2\/pages\/86","targetHints":{"allow":["GET"]}}],"collection":[{"href":"https:\/\/www.cim.com.tr\/en\/wp-json\/wp\/v2\/pages"}],"about":[{"href":"https:\/\/www.cim.com.tr\/en\/wp-json\/wp\/v2\/types\/page"}],"author":[{"embeddable":true,"href":"https:\/\/www.cim.com.tr\/en\/wp-json\/wp\/v2\/users\/1"}],"replies":[{"embeddable":true,"href":"https:\/\/www.cim.com.tr\/en\/wp-json\/wp\/v2\/comments?post=86"}],"version-history":[{"count":11,"href":"https:\/\/www.cim.com.tr\/en\/wp-json\/wp\/v2\/pages\/86\/revisions"}],"predecessor-version":[{"id":340,"href":"https:\/\/www.cim.com.tr\/en\/wp-json\/wp\/v2\/pages\/86\/revisions\/340"}],"wp:attachment":[{"href":"https:\/\/www.cim.com.tr\/en\/wp-json\/wp\/v2\/media?parent=86"}],"curies":[{"name":"wp","href":"https:\/\/api.w.org\/{rel}","templated":true}]}}