{"id":24,"date":"2024-01-11T14:41:03","date_gmt":"2024-01-11T11:41:03","guid":{"rendered":"https:\/\/cim.com.tr\/?page_id=24"},"modified":"2024-01-23T15:17:12","modified_gmt":"2024-01-23T12:17:12","slug":"iletisim","status":"publish","type":"page","link":"https:\/\/www.cim.com.tr\/iletisim\/","title":{"rendered":"\u0130LET\u0130\u015e\u0130M"},"content":{"rendered":"<section class=\"contact-one\">\n\t\t<div class=\"auto-container\">\n\t\t\t\n\t\t\t<div class=\"row clearfix\">\n\t\t\t\n\t\t\t\t<div class=\"info-column col-lg-4 col-md-12 col-sm-12\">\n\t\t\t\t\t<div class=\"inner-column\" style=\"margin-top: 0px;\">\n\t\t\t\t\t\t\n\t\t\t\t\t\t\n\t\t\t\t\t\t\n\t\t\t\t\t\t<div class=\"contact-block\">\n\t\t\t\t\t\t\t<div class=\"block-inner\">\n\t\t\t\t\t\t\t\t<span class=\"icon\"><img decoding=\"async\" src=\"https:\/\/cim.com.tr\/wp-content\/uploads\/2024\/01\/phonee.png\" alt=\"\u00c7im Plastik, Perde Kolon Paspaylar\u0131, D\u00f6\u015feme Paspaylar\u0131, Fore Kaz\u0131k Paspaylar\u0131, Tie-Rot Boru ve Ba\u015fl\u0131klar, PVC \u00c7\u0131talar, Plastik D\u00fcbeller, \u0130zolasyon D\u00fcbelleri, Derz Art\u0131lar\u0131, Tespit Kro\u015feleri\" \/><\/span>\n\t\t\t\t\t\t\t\t<strong>Telefon<\/strong>\n\t\t\t\t\t\t\t\t<a href=\"tel:+90 312 311 76 00\" style=\"color: #444;\">+90 312 311 76 00<\/a>\n\t\t\t\t\t\t\t<\/div>\n\t\t\t\t\t\t<\/div>\n\t\t\t\t\t\t\n\t\t\t\t\t\t<div class=\"contact-block\">\n\t\t\t\t\t\t\t<div class=\"block-inner\">\n\t\t\t\t\t\t\t\t<span class=\"icon\"><img decoding=\"async\" src=\"https:\/\/cim.com.tr\/wp-content\/uploads\/2024\/01\/envelope.png\" alt=\"\u00c7im Plastik, Perde Kolon Paspaylar\u0131, D\u00f6\u015feme Paspaylar\u0131, Fore Kaz\u0131k Paspaylar\u0131, Tie-Rot Boru ve Ba\u015fl\u0131klar, PVC \u00c7\u0131talar, Plastik D\u00fcbeller, \u0130zolasyon D\u00fcbelleri, Derz Art\u0131lar\u0131, Tespit Kro\u015feleri\" \/><\/span>\n\t\t\t\t\t\t\t\t<strong>E-Posta<\/strong>\n\t\t\t\t\t\t\t\t<a href=\"mailto:bilgi@cim.com.tr\" style=\"color: #444;\">bilgi@cim.com.tr<\/a>\n\t\t\t\t\t\t\t<\/div>\n\t\t\t\t\t\t<\/div>\n                        <div class=\"contact-block\">\n\t\t\t\t\t\t\t<div class=\"block-inner\" style=\"color: #444;\">\n\t\t\t\t\t\t\t\t<span class=\"icon\"><img decoding=\"async\" src=\"https:\/\/cim.com.tr\/wp-content\/uploads\/2024\/01\/mapp.png\" alt=\"\u00c7im Plastik, Perde Kolon Paspaylar\u0131, D\u00f6\u015feme Paspaylar\u0131, Fore Kaz\u0131k Paspaylar\u0131, Tie-Rot Boru ve Ba\u015fl\u0131klar, PVC \u00c7\u0131talar, Plastik D\u00fcbeller, \u0130zolasyon D\u00fcbelleri, Derz Art\u0131lar\u0131, Tespit Kro\u015feleri\" \/><\/span>\n\t\t\t\t\t\t\t\t<strong>Adres<\/strong>\n\t\t\t\t\t\t\t\tSaray Mahallesi. 123. Cadde No:12 KahramanKazan \/ ANKARA\n\t\t\t\t\t\t\t<\/div>\n\t\t\t\t\t\t<\/div>\n\t\t\t\t\t\t\n\t\t\t\t\t<\/div>\n\t\t\t\t<\/div>\n\t\t\t\t\n\t\t\t\t<div class=\"form-column col-lg-8 col-md-12 col-sm-12\">\n\t\t\t\t\t<div class=\"inner-column\">\n\t\t\t\t\t\t\n\t\t\t\t\t\t<div class=\"contact-form\">\n\t\t\t\t\t\t\t<iframe src=\"https:\/\/www.google.com\/maps\/embed?pb=!1m18!1m12!1m3!1d3054.164938205553!2d32.62312827638825!3d40.0494199779127!2m3!1f0!2f0!3f0!3m2!1i1024!2i768!4f13.1!3m3!1m2!1s0x14d34ef4fca95507%3A0x5c55bbbc117dc987!2s%C3%87im%20Plastik!5e0!3m2!1str!2str!4v1704973293418!5m2!1str!2str\" width=\"100%\" height=\"360\" style=\"border:0;\" allowfullscreen=\"\" loading=\"lazy\" referrerpolicy=\"no-referrer-when-downgrade\"><\/iframe>\n\t\t\t\t\t\t<\/div>\n\t\t\t\t\t\t\n\t\t\t\t\t<\/div>\n\t\t\t\t<\/div>\n\t\t\t\t\n\t\t\t<\/div>\n\t\t<\/div>\n\t<\/section>","protected":false},"excerpt":{"rendered":"<p>Telefon +90 312 311 76 00 E-Posta bilgi@cim.com.tr Adres Saray Mahallesi. 123. Cadde No:12 KahramanKazan \/ ANKARA<\/p>","protected":false},"author":1,"featured_media":0,"parent":0,"menu_order":0,"comment_status":"closed","ping_status":"closed","template":"","meta":{"footnotes":""},"class_list":["post-24","page","type-page","status-publish","hentry"],"_links":{"self":[{"href":"https:\/\/www.cim.com.tr\/en\/wp-json\/wp\/v2\/pages\/24","targetHints":{"allow":["GET"]}}],"collection":[{"href":"https:\/\/www.cim.com.tr\/en\/wp-json\/wp\/v2\/pages"}],"about":[{"href":"https:\/\/www.cim.com.tr\/en\/wp-json\/wp\/v2\/types\/page"}],"author":[{"embeddable":true,"href":"https:\/\/www.cim.com.tr\/en\/wp-json\/wp\/v2\/users\/1"}],"replies":[{"embeddable":true,"href":"https:\/\/www.cim.com.tr\/en\/wp-json\/wp\/v2\/comments?post=24"}],"version-history":[{"count":17,"href":"https:\/\/www.cim.com.tr\/en\/wp-json\/wp\/v2\/pages\/24\/revisions"}],"predecessor-version":[{"id":252,"href":"https:\/\/www.cim.com.tr\/en\/wp-json\/wp\/v2\/pages\/24\/revisions\/252"}],"wp:attachment":[{"href":"https:\/\/www.cim.com.tr\/en\/wp-json\/wp\/v2\/media?parent=24"}],"curies":[{"name":"wp","href":"https:\/\/api.w.org\/{rel}","templated":true}]}}